{"id":237549,"date":"2022-10-20T22:34:15","date_gmt":"2022-10-20T20:34:15","guid":{"rendered":"http:\/\/dev.claret.cat\/producte\/eres-la-mejor-mama\/"},"modified":"2023-01-28T19:04:39","modified_gmt":"2023-01-28T18:04:39","slug":"eres-la-mejor-mama-9788416220113","status":"publish","type":"product","link":"https:\/\/www.claret.cat\/es\/libro\/eres-la-mejor-mama-9788416220113\/","title":{"rendered":"ERES LA MEJOR MAM\u00c1"},"content":{"rendered":"<p>\u00bfLa tuya es la mejor mam\u00e1 de todos los tiempos?\u00bfTe abriga cuando tienes fr\u00edo (y aunque no lo tengas \u00a1tambi\u00e9n!)?  \u00bfEst\u00e1 siempre dispuesta a escucharte y a acurrucarte si lo necesitas?  \u00bfSabe lo que te pasa antes de que t\u00fa se lo cuentes? \u00bfLlega a todas  partes y hace muchas cosas a la vez? \u00bfTe prepara tu comida favorita el  d\u00eda de tu cumplea\u00f1os? \u00bfTe hace enfadar y siempre te repite lo mismo,  pero, a pesar de todo, t\u00fa no la cambiar\u00edas por nada del mundo?Eres la mejor mam\u00e1 es un libro lleno de gestos y palabras  encantadoras. Una forma maravillosa de dar las gracias la mejor madre del mundo por su cari\u00f1o, por su infinita paciencia, por su  complicidad&#8230; y por hacernos sentir amados y especiales todos los d\u00edas.Si es as\u00ed, no lo dudes, \u00a1este es su libro!<\/p>\n","protected":false},"excerpt":{"rendered":"<p>YAG\u00dcE,ALICIA<\/p>\n","protected":false},"featured_media":237550,"template":"","meta":{"_acf_changed":false,"om_disable_all_campaigns":false,"rs_blank_template":"","rs_page_bg_color":"","slide_template_v7":"","inline_featured_image":false,"_monsterinsights_skip_tracking":false,"_monsterinsights_sitenote_active":false,"_monsterinsights_sitenote_note":"","_monsterinsights_sitenote_category":0},"product_brand":[],"product_cat":[105],"product_tag":[],"class_list":{"0":"post-237549","1":"product","2":"type-product","3":"status-publish","4":"has-post-thumbnail","6":"product_cat-regal","8":"first","9":"instock","10":"taxable","11":"shipping-taxable","12":"purchasable","13":"product-type-simple"},"acf":{"autor":"YAG\u00dcE,ALICIA","codart":"841622011","libros-coleccion":"","ediciones":"1","encuadernacion":"Carton\u00e9","fecha_de_publicacion":"01\/04\/2016","novedad":"0","paginas":"50","subtitulo":"","orden":"999","portada":"0","idioma":"spa","editorial":[{"ID":6263,"post_author":"3","post_date":"2022-07-28 17:48:27","post_date_gmt":"2022-07-28 15:48:27","post_content":"","post_title":"GRIJALBO","post_excerpt":"","post_status":"publish","comment_status":"closed","ping_status":"closed","post_password":"","post_name":"grijalbo","to_ping":"","pinged":"","post_modified":"2022-07-28 17:48:27","post_modified_gmt":"2022-07-28 15:48:27","post_content_filtered":"","post_parent":0,"guid":"http:\/\/dev.claret.cat\/editorial\/grijalbo\/","menu_order":0,"post_type":"editorial","post_mime_type":"","comment_count":"0","filter":"raw"}]},"aioseo_notices":[],"_links":{"self":[{"href":"https:\/\/www.claret.cat\/es\/wp-json\/wp\/v2\/product\/237549","targetHints":{"allow":["GET"]}}],"collection":[{"href":"https:\/\/www.claret.cat\/es\/wp-json\/wp\/v2\/product"}],"about":[{"href":"https:\/\/www.claret.cat\/es\/wp-json\/wp\/v2\/types\/product"}],"wp:featuredmedia":[{"embeddable":true,"href":"https:\/\/www.claret.cat\/es\/wp-json\/wp\/v2\/media\/237550"}],"wp:attachment":[{"href":"https:\/\/www.claret.cat\/es\/wp-json\/wp\/v2\/media?parent=237549"}],"wp:term":[{"taxonomy":"product_brand","embeddable":true,"href":"https:\/\/www.claret.cat\/es\/wp-json\/wp\/v2\/product_brand?post=237549"},{"taxonomy":"product_cat","embeddable":true,"href":"https:\/\/www.claret.cat\/es\/wp-json\/wp\/v2\/product_cat?post=237549"},{"taxonomy":"product_tag","embeddable":true,"href":"https:\/\/www.claret.cat\/es\/wp-json\/wp\/v2\/product_tag?post=237549"}],"curies":[{"name":"wp","href":"https:\/\/api.w.org\/{rel}","templated":true}]}}