{"id":237555,"date":"2022-10-20T22:34:23","date_gmt":"2022-10-20T20:34:23","guid":{"rendered":"http:\/\/dev.claret.cat\/producte\/ibiza-y-formentera-de-cerca-2\/"},"modified":"2023-01-28T08:38:59","modified_gmt":"2023-01-28T07:38:59","slug":"ibiza-y-formentera-de-cerca-2-9788408148456","status":"publish","type":"product","link":"https:\/\/www.claret.cat\/es\/libro\/ibiza-y-formentera-de-cerca-2-9788408148456\/","title":{"rendered":"IBIZA Y FORMENTERA DE CERCA 2"},"content":{"rendered":"<p>Mundialmente famosa por sus discotecas, Ibiza ofrece mucho m\u00e1s que pistas de baile dirigidas por DJ y placeres para adolescentes. Todav\u00eda se percibe un aire hippy en el menos explotado norte de la isla (y en la vecina Formentera) y la pintoresca ciudad de Ibiza cuenta con una sofisticada escena cultural. Con un atractivo \u00fanico, atesora apartadas calas, complejos tur\u00edsticos para familias y una cosmopolita escena gastron\u00f3mica.<\/p>\n","protected":false},"excerpt":{"rendered":"<p>STEWART, IAIN<\/p>\n","protected":false},"featured_media":237556,"template":"","meta":{"_acf_changed":false,"om_disable_all_campaigns":false,"rs_blank_template":"","rs_page_bg_color":"","slide_template_v7":"","inline_featured_image":false,"_monsterinsights_skip_tracking":false,"_monsterinsights_sitenote_active":false,"_monsterinsights_sitenote_note":"","_monsterinsights_sitenote_category":0},"product_brand":[],"product_cat":[107],"product_tag":[],"class_list":{"0":"post-237555","1":"product","2":"type-product","3":"status-publish","4":"has-post-thumbnail","6":"product_cat-guies-de-viatge","8":"first","9":"instock","10":"taxable","11":"shipping-taxable","12":"purchasable","13":"product-type-simple"},"acf":{"autor":"STEWART, IAIN","codart":"840814845","libros-coleccion":"","ediciones":"1","encuadernacion":"R\u00fastica","fecha_de_publicacion":"01\/04\/2016","novedad":"0","paginas":"160","subtitulo":"","orden":"999","portada":"0","idioma":"spa","editorial":[{"ID":8244,"post_author":"3","post_date":"2022-09-30 09:21:26","post_date_gmt":"2022-09-30 07:21:26","post_content":"","post_title":"GEOPLANETA EDITORIAL","post_excerpt":"","post_status":"publish","comment_status":"closed","ping_status":"closed","post_password":"","post_name":"geoplaneta-editorial","to_ping":"","pinged":"","post_modified":"2022-09-30 09:21:26","post_modified_gmt":"2022-09-30 07:21:26","post_content_filtered":"","post_parent":0,"guid":"http:\/\/dev.claret.cat\/editorial\/geoplaneta-editorial\/","menu_order":0,"post_type":"editorial","post_mime_type":"","comment_count":"0","filter":"raw"}],"autores-libros":[{"ID":157698,"post_author":"3","post_date":"2022-10-14 15:30:54","post_date_gmt":"2022-10-14 13:30:54","post_content":"","post_title":"IAIN STEWART","post_excerpt":"","post_status":"publish","comment_status":"closed","ping_status":"closed","post_password":"","post_name":"iain-stewart","to_ping":"","pinged":"","post_modified":"2022-10-14 15:30:54","post_modified_gmt":"2022-10-14 13:30:54","post_content_filtered":"","post_parent":0,"guid":"http:\/\/dev.claret.cat\/autor\/iain-stewart\/","menu_order":0,"post_type":"autor","post_mime_type":"","comment_count":"0","filter":"raw"}]},"aioseo_notices":[],"_links":{"self":[{"href":"https:\/\/www.claret.cat\/es\/wp-json\/wp\/v2\/product\/237555","targetHints":{"allow":["GET"]}}],"collection":[{"href":"https:\/\/www.claret.cat\/es\/wp-json\/wp\/v2\/product"}],"about":[{"href":"https:\/\/www.claret.cat\/es\/wp-json\/wp\/v2\/types\/product"}],"wp:featuredmedia":[{"embeddable":true,"href":"https:\/\/www.claret.cat\/es\/wp-json\/wp\/v2\/media\/237556"}],"wp:attachment":[{"href":"https:\/\/www.claret.cat\/es\/wp-json\/wp\/v2\/media?parent=237555"}],"wp:term":[{"taxonomy":"product_brand","embeddable":true,"href":"https:\/\/www.claret.cat\/es\/wp-json\/wp\/v2\/product_brand?post=237555"},{"taxonomy":"product_cat","embeddable":true,"href":"https:\/\/www.claret.cat\/es\/wp-json\/wp\/v2\/product_cat?post=237555"},{"taxonomy":"product_tag","embeddable":true,"href":"https:\/\/www.claret.cat\/es\/wp-json\/wp\/v2\/product_tag?post=237555"}],"curies":[{"name":"wp","href":"https:\/\/api.w.org\/{rel}","templated":true}]}}