{"id":237669,"date":"2022-10-20T22:37:04","date_gmt":"2022-10-20T20:37:04","guid":{"rendered":"http:\/\/dev.claret.cat\/producte\/las-siete-hermanas-las-siete-hermanas-1-2\/"},"modified":"2023-01-28T23:18:20","modified_gmt":"2023-01-28T22:18:20","slug":"las-siete-hermanas-las-siete-hermanas-1-9788401017193","status":"publish","type":"product","link":"https:\/\/www.claret.cat\/es\/libro\/las-siete-hermanas-las-siete-hermanas-1-9788401017193\/","title":{"rendered":"LAS SIETE HERMANAS (LAS SIETE HERMANAS 1)"},"content":{"rendered":"<p>Lucinda Riley, autora superventas mundial, nos presenta una nueva y  emocionante serie basada en la mitolog\u00eda griega y en la astrolog\u00eda que har\u00e1 las delicias de sus lectoras.A la muerte de su padre seis hermanas ir\u00e1n en busca de su origen y lo  que descubran les har\u00e1 comprender que su amor estaba  escrito en las estrellas.Maia D&#8221;Apliese y sus hermanas regresan a la impresionante mansi\u00f3n  familiar donde crecieron al descubrir que su adorado padre, que las adopt\u00f3 en distintos lugares cuando no eran m\u00e1s que beb\u00e9s, acaba de fallecer. Cada una recibe un sobre que contiene una prometedora pista sobre su origen. A Maia, la mayor de las hermanas y nuestra protagonista, la suya le lleva a una casa en ruinas en R\u00edo de Janeiro. All\u00ed comenzar\u00e1 a recomponer las piezas de su historia.Ochenta a\u00f1os antes, en la Belle \u00c9poque de R\u00edo de Janeiro, el padre de  Izabela Bonifacio aspira a que su hija se case con un arist\u00f3crata. Por su lado, el arquitecto Heitor da Silva Costa trabaja en la concepci\u00f3n de una inmensa estatua que se llamar\u00e1 el Cristo Redentor, y su b\u00fasqueda del escultor id\u00f3neo para llevar a cabo tan ambiciosa obra lo conduce hasta Par\u00eds. Apasionada y deseosa de conocer mundo, Izabela convence a su padre para que la deje acompa\u00f1arlo a Par\u00eds antes de casarse. All\u00ed, entre el estudio de Paul Landowski   y los bulliciosos caf\u00e9s de Montparnasse, Izabela conocer\u00e1 al ambicioso  y joven escultor Laurent Brouilly, y sabr\u00e1 desde el primer instante que su vida ha cambiado para siempre.La cr\u00edtica ha dicho&#8230;<br \/>\u00abUn libro brillante que no puedes dejar, lleno de glamour y romance.\u00bb<br \/>TheDaily Mail\u00abLucinda Riley ha escrito una saga familiar muy bien construida,  absorbente y emocionante, perfectamente ambientada tanto hist\u00f3rica  como culturalmente.\u00bb<br \/>Library Journal\u00abUn relato absorbente y fascinante que explora la mitolog\u00eda y la astronom\u00eda detr\u00e1s del grupo de estrellas Las Siete Hermanas.  Para  lectoras de Kristin Hannah, por ejemplo.\u00bb<br \/>Booklist\u00abLucinda Riley nos deleita con su novela m\u00e1s ambiciosa y emocionante de  cuantas ha escrito. Un laberinto de historias atractivas escritas con la famosa y habitual pluma, que ha convertido a Riley en una de las mejores autoras de ficci\u00f3n de hoy en d\u00eda.\u00bb<br \/>The Lancashire  Evening Post\u00abUna pizca de misterio, un poco de romance, algo de ficci\u00f3n hist\u00f3rica y  mucho drama familiar en una historia maravillosa. Una apuesta segura para fans de Kate Morton, Kristin Hannah o Maeve Binchy.\u00bb<br \/>Library  Journal\u00abSimplemente fant\u00e1stica, un libro maravilloso.\u00bb<br \/>Katherine Webb, autora superventas.<\/p>\n","protected":false},"excerpt":{"rendered":"<p>RILEY, LUCINDA<\/p>\n","protected":false},"featured_media":237670,"template":"","meta":{"_acf_changed":false,"om_disable_all_campaigns":false,"rs_blank_template":"","rs_page_bg_color":"","slide_template_v7":"","inline_featured_image":false,"_monsterinsights_skip_tracking":false,"_monsterinsights_sitenote_active":false,"_monsterinsights_sitenote_note":"","_monsterinsights_sitenote_category":0},"product_brand":[],"product_cat":[87],"product_tag":[],"class_list":{"0":"post-237669","1":"product","2":"type-product","3":"status-publish","4":"has-post-thumbnail","6":"product_cat-literatura","8":"first","9":"instock","10":"taxable","11":"shipping-taxable","12":"purchasable","13":"product-type-simple"},"acf":{"autor":"RILEY, LUCINDA","codart":"840101719","libros-coleccion":"","ediciones":"1","encuadernacion":"Carton\u00e9","fecha_de_publicacion":"01\/04\/2016","novedad":"0","paginas":"556","subtitulo":"LA HISTORIA DE MAIA","orden":"999","portada":"0","idioma":"spa","editorial":[{"ID":6332,"post_author":"3","post_date":"2022-07-28 17:49:55","post_date_gmt":"2022-07-28 15:49:55","post_content":"","post_title":"PLAZA JANES, S.A.","post_excerpt":"","post_status":"publish","comment_status":"closed","ping_status":"closed","post_password":"","post_name":"plaza-janes-s-a","to_ping":"","pinged":"","post_modified":"2022-07-28 17:49:55","post_modified_gmt":"2022-07-28 15:49:55","post_content_filtered":"","post_parent":0,"guid":"http:\/\/dev.claret.cat\/editorial\/plaza-janes-s-a\/","menu_order":0,"post_type":"editorial","post_mime_type":"","comment_count":"0","filter":"raw"}],"autores-libros":[{"ID":5748,"post_author":"3","post_date":"2022-07-28 17:30:38","post_date_gmt":"2022-07-28 15:30:38","post_content":"","post_title":"LUCINDA RILEY","post_excerpt":"","post_status":"publish","comment_status":"closed","ping_status":"closed","post_password":"","post_name":"lucinda-riley","to_ping":"","pinged":"","post_modified":"2022-07-28 17:30:38","post_modified_gmt":"2022-07-28 15:30:38","post_content_filtered":"","post_parent":0,"guid":"http:\/\/dev.claret.cat\/autor\/lucinda-riley\/","menu_order":0,"post_type":"autor","post_mime_type":"","comment_count":"0","filter":"raw"}]},"aioseo_notices":[],"_links":{"self":[{"href":"https:\/\/www.claret.cat\/es\/wp-json\/wp\/v2\/product\/237669","targetHints":{"allow":["GET"]}}],"collection":[{"href":"https:\/\/www.claret.cat\/es\/wp-json\/wp\/v2\/product"}],"about":[{"href":"https:\/\/www.claret.cat\/es\/wp-json\/wp\/v2\/types\/product"}],"wp:featuredmedia":[{"embeddable":true,"href":"https:\/\/www.claret.cat\/es\/wp-json\/wp\/v2\/media\/237670"}],"wp:attachment":[{"href":"https:\/\/www.claret.cat\/es\/wp-json\/wp\/v2\/media?parent=237669"}],"wp:term":[{"taxonomy":"product_brand","embeddable":true,"href":"https:\/\/www.claret.cat\/es\/wp-json\/wp\/v2\/product_brand?post=237669"},{"taxonomy":"product_cat","embeddable":true,"href":"https:\/\/www.claret.cat\/es\/wp-json\/wp\/v2\/product_cat?post=237669"},{"taxonomy":"product_tag","embeddable":true,"href":"https:\/\/www.claret.cat\/es\/wp-json\/wp\/v2\/product_tag?post=237669"}],"curies":[{"name":"wp","href":"https:\/\/api.w.org\/{rel}","templated":true}]}}