{"id":237702,"date":"2022-10-20T22:37:49","date_gmt":"2022-10-20T20:37:49","guid":{"rendered":"http:\/\/dev.claret.cat\/producte\/esa-puta-tan-distinguida\/"},"modified":"2023-01-28T22:13:12","modified_gmt":"2023-01-28T21:13:12","slug":"esa-puta-tan-distinguida-9788426402790","status":"publish","type":"product","link":"https:\/\/www.claret.cat\/es\/libro\/esa-puta-tan-distinguida-9788426402790\/","title":{"rendered":"ESA PUTA TAN DISTINGUIDA"},"content":{"rendered":"<p>En la cabina de un cine de barrio, una prostituta es asesinada a  sangre fr\u00eda. Pero el misterio no est\u00e1 en el qui\u00e9n ni en el c\u00f3mo, sino en el por qu\u00e9. Y ni el propio asesino recuerda el motivo&#8230;La nueva novela de Juan Mars\u00e9.Es una tarde de enero de 1949 y Carol se acerca caminando con desgana al  cine Delicias. Lleva tac\u00f3n alto, medias negras y una gabardina a medio  abrochar. La platea est\u00e1 abarrotada: en los carteles se anuncia la reposici\u00f3n de Gilda, y hay cola para disfrutar  de ese cuerpo de  mujer hecho de curvas y sonrisas, pero a Carol eso poco le importa. En  vez de sumarse al p\u00fablico, sube a la cabina de proyecci\u00f3n. All\u00ed la  espera Ferm\u00edn Sicart, el encargado, que a cambio de unas monedas y una  triste merienda, va a disfrutar de sus encantos. No es la primera vez  que Carol y Ferm\u00edn se encuentran entre bobinas y vasos sucios, pero hoy algo se tuerce y Carol no saldr\u00e1 viva del encuentro.Cuando ya han pasado m\u00e1s de treinta a\u00f1os, en el verano de 1982 alguien  se empe\u00f1a en convertir en pel\u00edcula estos hechos escabrosos. Los  expedientes hablan claro: hubo un crimen, una v\u00edctima y un asesino.  Ferm\u00edn, reo confieso, recuerda muy bien c\u00f3mo estrangul\u00f3 a su  querida  Carol con un cinta de celuloide, pero ya no sabe por qu\u00e9. Al hilo de  esta pregunta Juan Mars\u00e9 construye una espl\u00e9ndida novela que nos gu\u00eda  por los callejones de la memoria y el olvido, sabiendo muy bien que a veces los recuerdos son bombones envenenados.<\/p>\n","protected":false},"excerpt":{"rendered":"<p>MARSE, JUAN<\/p>\n","protected":false},"featured_media":237703,"template":"","meta":{"_acf_changed":false,"om_disable_all_campaigns":false,"rs_blank_template":"","rs_page_bg_color":"","slide_template_v7":"","inline_featured_image":false,"_monsterinsights_skip_tracking":false,"_monsterinsights_sitenote_active":false,"_monsterinsights_sitenote_note":"","_monsterinsights_sitenote_category":0},"product_brand":[],"product_cat":[87],"product_tag":[],"class_list":{"0":"post-237702","1":"product","2":"type-product","3":"status-publish","4":"has-post-thumbnail","6":"product_cat-literatura","8":"first","9":"instock","10":"taxable","11":"shipping-taxable","12":"purchasable","13":"product-type-simple"},"acf":{"autor":"MARSE, JUAN","codart":"842640279","libros-coleccion":"","ediciones":"1","encuadernacion":"Carton\u00e9","fecha_de_publicacion":"01\/04\/2016","novedad":"0","paginas":"235","subtitulo":"","orden":"999","portada":"0","idioma":"spa","editorial":[{"ID":6296,"post_author":"3","post_date":"2022-07-28 17:49:09","post_date_gmt":"2022-07-28 15:49:09","post_content":"","post_title":"LUMEN","post_excerpt":"","post_status":"publish","comment_status":"closed","ping_status":"closed","post_password":"","post_name":"lumen","to_ping":"","pinged":"","post_modified":"2022-07-28 17:49:09","post_modified_gmt":"2022-07-28 15:49:09","post_content_filtered":"","post_parent":0,"guid":"http:\/\/dev.claret.cat\/editorial\/lumen\/","menu_order":0,"post_type":"editorial","post_mime_type":"","comment_count":"0","filter":"raw"}],"autores-libros":[{"ID":161120,"post_author":"3","post_date":"2022-10-14 17:15:40","post_date_gmt":"2022-10-14 15:15:40","post_content":"","post_title":"JUAN MARSE","post_excerpt":"","post_status":"publish","comment_status":"closed","ping_status":"closed","post_password":"","post_name":"juan-marse","to_ping":"","pinged":"","post_modified":"2022-10-14 17:15:40","post_modified_gmt":"2022-10-14 15:15:40","post_content_filtered":"","post_parent":0,"guid":"http:\/\/dev.claret.cat\/autor\/juan-marse\/","menu_order":0,"post_type":"autor","post_mime_type":"","comment_count":"0","filter":"raw"}]},"aioseo_notices":[],"_links":{"self":[{"href":"https:\/\/www.claret.cat\/es\/wp-json\/wp\/v2\/product\/237702","targetHints":{"allow":["GET"]}}],"collection":[{"href":"https:\/\/www.claret.cat\/es\/wp-json\/wp\/v2\/product"}],"about":[{"href":"https:\/\/www.claret.cat\/es\/wp-json\/wp\/v2\/types\/product"}],"wp:featuredmedia":[{"embeddable":true,"href":"https:\/\/www.claret.cat\/es\/wp-json\/wp\/v2\/media\/237703"}],"wp:attachment":[{"href":"https:\/\/www.claret.cat\/es\/wp-json\/wp\/v2\/media?parent=237702"}],"wp:term":[{"taxonomy":"product_brand","embeddable":true,"href":"https:\/\/www.claret.cat\/es\/wp-json\/wp\/v2\/product_brand?post=237702"},{"taxonomy":"product_cat","embeddable":true,"href":"https:\/\/www.claret.cat\/es\/wp-json\/wp\/v2\/product_cat?post=237702"},{"taxonomy":"product_tag","embeddable":true,"href":"https:\/\/www.claret.cat\/es\/wp-json\/wp\/v2\/product_tag?post=237702"}],"curies":[{"name":"wp","href":"https:\/\/api.w.org\/{rel}","templated":true}]}}