{"id":237786,"date":"2022-10-20T22:39:50","date_gmt":"2022-10-20T20:39:50","guid":{"rendered":"http:\/\/dev.claret.cat\/producte\/un-jardin-entre-vinedos\/"},"modified":"2023-01-28T19:43:01","modified_gmt":"2023-01-28T18:43:01","slug":"un-jardin-entre-vinedos-9788425353871","status":"publish","type":"product","link":"https:\/\/www.claret.cat\/es\/libro\/un-jardin-entre-vinedos-9788425353871\/","title":{"rendered":"UN JARD\u00cdN ENTRE VI\u00d1EDOS"},"content":{"rendered":"<p>Una apasionante historia de amor, traici\u00f3n y secretos familiares  entre los alegres e intelectuales salones parisinos de los \u00abfelices a\u00f1os veinte\u00bb y el austero Arag\u00f3n rural de la \u00e9poca.Cari\u00f1ena, 1927. A la muerte de su padre, v\u00edctima de un misterioso  accidente, Rodolfo Montero debe regresar de Par\u00eds y tomar las riendas de  los negocios vin\u00edcolas familiares. Le acompa\u00f1a su joven y bonita esposa, Solange, a quien conoci\u00f3 en la capital francesa.El ambiente parisino, vibrante y bohemio, frecuentado por artistas y  escritores, ha supuesto para Rodolfo una experiencia \u00fanica y una \u00e9poca  dulce sembrada de c\u00e1lidas emociones. En tierras aragonesas, sin embargo,  el fr\u00edo arrecia y se cuela por las ventanas de la Casa de la Loma, la  mansi\u00f3n de los Montero que ahora se revela ante los ojos de la feliz  pareja como un caser\u00f3n inh\u00f3spito que deben compartir con Dionisio, el hermano de Rodolfo.Por si eso fuera poco, la empresa se encuentra casi en la ruina, las  viejas rencillas del pueblo resurgen con fuerza y las habladur\u00edas sobre la bella joven francesa no se hacen esperar.Abrumada por los cambios e incapaz de adaptarse a su nueva vida, Solange  empieza a sentir una peligrosa simpat\u00eda por su cu\u00f1ado, un hombre  atormentado que necesita desesperadamente algo que le devuelva las ganas  de vivir. Mientras, Rodolfo, pendiente de los negocios e intranquilo por  ciertos secretos del pasado que se empe\u00f1an en regresar, no cae en la  cuenta de que el amor, como las vides, debe cuidarse para que perdure.Poderosa como un buen vino, Un jard\u00edn entre vi\u00f1edos dejar\u00e1 en  tu memoria el eco embriagador y sutil de las grandes historias. Porque  solo se recuerdan las novelas que dejan huella en el coraz\u00f3n, y esta  est\u00e1 predestinada a permanecer en el de los lectores durante mucho tiempo.<\/p>\n","protected":false},"excerpt":{"rendered":"<p>SANTOS, CARMEN<\/p>\n","protected":false},"featured_media":237787,"template":"","meta":{"_acf_changed":false,"om_disable_all_campaigns":false,"rs_blank_template":"","rs_page_bg_color":"","slide_template_v7":"","inline_featured_image":false,"_monsterinsights_skip_tracking":false,"_monsterinsights_sitenote_active":false,"_monsterinsights_sitenote_note":"","_monsterinsights_sitenote_category":0},"product_brand":[],"product_cat":[87],"product_tag":[],"class_list":{"0":"post-237786","1":"product","2":"type-product","3":"status-publish","4":"has-post-thumbnail","6":"product_cat-literatura","8":"first","9":"instock","10":"taxable","11":"shipping-taxable","12":"purchasable","13":"product-type-simple"},"acf":{"autor":"SANTOS, CARMEN","codart":"842535387","libros-coleccion":"","ediciones":"1","encuadernacion":"R\u00fastica","fecha_de_publicacion":"01\/04\/2016","novedad":"0","paginas":"542","subtitulo":"","orden":"999","portada":"0","idioma":"spa","editorial":[{"ID":6263,"post_author":"3","post_date":"2022-07-28 17:48:27","post_date_gmt":"2022-07-28 15:48:27","post_content":"","post_title":"GRIJALBO","post_excerpt":"","post_status":"publish","comment_status":"closed","ping_status":"closed","post_password":"","post_name":"grijalbo","to_ping":"","pinged":"","post_modified":"2022-07-28 17:48:27","post_modified_gmt":"2022-07-28 15:48:27","post_content_filtered":"","post_parent":0,"guid":"http:\/\/dev.claret.cat\/editorial\/grijalbo\/","menu_order":0,"post_type":"editorial","post_mime_type":"","comment_count":"0","filter":"raw"}],"autores-libros":[{"ID":152448,"post_author":"3","post_date":"2022-10-14 14:48:51","post_date_gmt":"2022-10-14 12:48:51","post_content":"","post_title":"CARMEN SANTOS","post_excerpt":"","post_status":"publish","comment_status":"closed","ping_status":"closed","post_password":"","post_name":"carmen-santos","to_ping":"","pinged":"","post_modified":"2022-10-14 14:48:51","post_modified_gmt":"2022-10-14 12:48:51","post_content_filtered":"","post_parent":0,"guid":"http:\/\/dev.claret.cat\/autor\/carmen-santos\/","menu_order":0,"post_type":"autor","post_mime_type":"","comment_count":"0","filter":"raw"}]},"aioseo_notices":[],"_links":{"self":[{"href":"https:\/\/www.claret.cat\/es\/wp-json\/wp\/v2\/product\/237786","targetHints":{"allow":["GET"]}}],"collection":[{"href":"https:\/\/www.claret.cat\/es\/wp-json\/wp\/v2\/product"}],"about":[{"href":"https:\/\/www.claret.cat\/es\/wp-json\/wp\/v2\/types\/product"}],"wp:featuredmedia":[{"embeddable":true,"href":"https:\/\/www.claret.cat\/es\/wp-json\/wp\/v2\/media\/237787"}],"wp:attachment":[{"href":"https:\/\/www.claret.cat\/es\/wp-json\/wp\/v2\/media?parent=237786"}],"wp:term":[{"taxonomy":"product_brand","embeddable":true,"href":"https:\/\/www.claret.cat\/es\/wp-json\/wp\/v2\/product_brand?post=237786"},{"taxonomy":"product_cat","embeddable":true,"href":"https:\/\/www.claret.cat\/es\/wp-json\/wp\/v2\/product_cat?post=237786"},{"taxonomy":"product_tag","embeddable":true,"href":"https:\/\/www.claret.cat\/es\/wp-json\/wp\/v2\/product_tag?post=237786"}],"curies":[{"name":"wp","href":"https:\/\/api.w.org\/{rel}","templated":true}]}}