{"id":237852,"date":"2022-10-20T22:41:25","date_gmt":"2022-10-20T20:41:25","guid":{"rendered":"http:\/\/dev.claret.cat\/producte\/el-cielo-prometido\/"},"modified":"2023-01-28T06:13:02","modified_gmt":"2023-01-28T05:13:02","slug":"el-cielo-prometido-9788434423596","status":"publish","type":"product","link":"https:\/\/www.claret.cat\/es\/libro\/el-cielo-prometido-9788434423596\/","title":{"rendered":"EL CIELO PROMETIDO"},"content":{"rendered":"<p>&#8216;\u00a1Dios m\u00edo, ese grito!&#8217;Un piolet y un grito desgarrador son los elementos que cargan de\u00a0dramatismo el instante en el que Ram\u00f3n Mercader acab\u00f3 con la\u00a0vida de Trotsky, una historia condenada a ser reconstruida mil\u00a0veces, porque se ha convertido en uno de los mitos de nuestro tiempo.\u00a0Pero ese momento es s\u00f3lo un episodio m\u00e1s del fascinante devenir\u00a0de la familia Mercader, narrado aqu\u00ed como si de una de las\u00a0grandes odiseas que caracterizan la novela moderna se tratara,\u00a0y en el que no es Ram\u00f3n, sino su madre Caridad, quien emerge\u00a0como la figura principal de esta convulsa cr\u00f3nica del siglo XX.Nacida en Cuba, Caridad fue una mujer deslumbrante y seductora,\u00a0cruel y encantadora, perfecto arquetipo del antih\u00e9roe cl\u00e1sico, una\u00a0Lady Macbeth capaz de mover los hilos de la historia. Se cas\u00f3 joven\u00a0con un miembro de la misma alta burgues\u00eda contra la que acabar\u00eda\u00a0combatiendo. Vivi\u00f3 en Par\u00eds, donde particip\u00f3 en la lucha clandestina,\u00a0luego en Mosc\u00fa, donde jugar\u00eda el rol de una agente doble\u00a0al servicio del espionaje sovi\u00e9tico, y posteriormente en M\u00e9xico, al\u00a0cargo de su misi\u00f3n m\u00e1s personal e importante: lograr que su hijo\u00a0se fugara de la prisi\u00f3n en la que hab\u00eda sido recluido por su crimen.\u00a0Compleja y fascinante, Caridad Mercader es el hilo conductor de este\u00a0libro, a medio camino entre la biograf\u00eda novelada y el ensayo, por el\u00a0que se cruzan algunos de los personajes y sucesos m\u00e1s relevantes del\u00a0\u00faltimo siglo y que nos permite ahondar y reflexionar sobre las paradojas\u00a0de la condici\u00f3n humana desde las ruinas de la fe y del idealismo.<\/p>\n","protected":false},"excerpt":{"rendered":"<p>LURI, GREGORIO<\/p>\n","protected":false},"featured_media":237853,"template":"","meta":{"_acf_changed":false,"om_disable_all_campaigns":false,"rs_blank_template":"","rs_page_bg_color":"","slide_template_v7":"","inline_featured_image":false,"_monsterinsights_skip_tracking":false,"_monsterinsights_sitenote_active":false,"_monsterinsights_sitenote_note":"","_monsterinsights_sitenote_category":0},"product_brand":[],"product_cat":[99,85],"product_tag":[],"class_list":{"0":"post-237852","1":"product","2":"type-product","3":"status-publish","4":"has-post-thumbnail","6":"product_cat-biografies","7":"product_cat-historia","9":"first","10":"instock","11":"taxable","12":"shipping-taxable","13":"purchasable","14":"product-type-simple"},"acf":{"autor":"LURI, GREGORIO","codart":"843442359","libros-coleccion":"","ediciones":"1","encuadernacion":"R\u00fastica","fecha_de_publicacion":"01\/04\/2016","novedad":"0","paginas":"509","subtitulo":"UNA MUJER AL SERVICIO DE STALIN","orden":"999","portada":"0","idioma":"spa","autores-libros":[{"ID":157131,"post_author":"3","post_date":"2022-10-14 15:26:22","post_date_gmt":"2022-10-14 13:26:22","post_content":"","post_title":"GREGORIO LURI","post_excerpt":"","post_status":"publish","comment_status":"closed","ping_status":"closed","post_password":"","post_name":"gregorio-luri","to_ping":"","pinged":"","post_modified":"2022-10-14 15:26:22","post_modified_gmt":"2022-10-14 13:26:22","post_content_filtered":"","post_parent":0,"guid":"http:\/\/dev.claret.cat\/autor\/gregorio-luri\/","menu_order":0,"post_type":"autor","post_mime_type":"","comment_count":"0","filter":"raw"}]},"aioseo_notices":[],"_links":{"self":[{"href":"https:\/\/www.claret.cat\/es\/wp-json\/wp\/v2\/product\/237852","targetHints":{"allow":["GET"]}}],"collection":[{"href":"https:\/\/www.claret.cat\/es\/wp-json\/wp\/v2\/product"}],"about":[{"href":"https:\/\/www.claret.cat\/es\/wp-json\/wp\/v2\/types\/product"}],"wp:featuredmedia":[{"embeddable":true,"href":"https:\/\/www.claret.cat\/es\/wp-json\/wp\/v2\/media\/237853"}],"wp:attachment":[{"href":"https:\/\/www.claret.cat\/es\/wp-json\/wp\/v2\/media?parent=237852"}],"wp:term":[{"taxonomy":"product_brand","embeddable":true,"href":"https:\/\/www.claret.cat\/es\/wp-json\/wp\/v2\/product_brand?post=237852"},{"taxonomy":"product_cat","embeddable":true,"href":"https:\/\/www.claret.cat\/es\/wp-json\/wp\/v2\/product_cat?post=237852"},{"taxonomy":"product_tag","embeddable":true,"href":"https:\/\/www.claret.cat\/es\/wp-json\/wp\/v2\/product_tag?post=237852"}],"curies":[{"name":"wp","href":"https:\/\/api.w.org\/{rel}","templated":true}]}}