{"id":237876,"date":"2022-10-20T22:42:01","date_gmt":"2022-10-20T20:42:01","guid":{"rendered":"http:\/\/dev.claret.cat\/producte\/pack-la-malediccio-dels-palmisano-guia\/"},"modified":"2024-01-31T17:36:19","modified_gmt":"2024-01-31T16:36:19","slug":"pack-la-malediccio-dels-palmisano-guia-9788466421096","status":"publish","type":"product","link":"https:\/\/www.claret.cat\/es\/libro\/pack-la-malediccio-dels-palmisano-guia-9788466421096\/","title":{"rendered":"PACK LA MALEDICCIO DELS PALMISANO + GUIA"},"content":{"rendered":"<p>\u00abM&#8217;has de prometre que, si \u00e9s nen, far\u00e0s veure que \u00e9s teu i el criar\u00e0s com un Convertini. Li posarem Vitantonio. Nom\u00e9s tu i jo sabrem que \u00e9s en honor del meu Vito Oronzo, que l&#8217;haur\u00e0 engendrat, i del teu Antonio, que li haur\u00e0 donat el nom i l&#8217;oportunitat de sobreviure a la maledicci\u00f3 dels Palmisano\u00bb.<\/p>\n","protected":false},"excerpt":{"rendered":"<p>NADAL, RAFEL<\/p>\n","protected":false},"featured_media":237877,"template":"","meta":{"_acf_changed":false,"om_disable_all_campaigns":false,"rs_blank_template":"","rs_page_bg_color":"","slide_template_v7":"","inline_featured_image":false,"_monsterinsights_skip_tracking":false,"_monsterinsights_sitenote_active":false,"_monsterinsights_sitenote_note":"","_monsterinsights_sitenote_category":0},"product_brand":[],"product_cat":[353,87],"product_tag":[],"class_list":{"0":"post-237876","1":"product","2":"type-product","3":"status-publish","4":"has-post-thumbnail","6":"product_cat-literatura-2_humanidades","7":"product_cat-literatura","9":"first","10":"instock","11":"taxable","12":"shipping-taxable","13":"purchasable","14":"product-type-simple"},"acf":{"autor":"NADAL, RAFEL","codart":"846642109","libros-coleccion":"","ediciones":"1","encuadernacion":"Carton\u00e9","fecha_de_publicacion":"01\/04\/2016","novedad":"0","paginas":"300","subtitulo":"","orden":"999","portada":"0","idioma":"cat","editorial":[{"ID":147645,"post_author":"3","post_date":"2022-10-14 11:52:09","post_date_gmt":"2022-10-14 09:52:09","post_content":"","post_title":"COLUMNA EDICIONS","post_excerpt":"","post_status":"publish","comment_status":"closed","ping_status":"closed","post_password":"","post_name":"columna-edicions-2","to_ping":"","pinged":"","post_modified":"2022-10-14 11:52:09","post_modified_gmt":"2022-10-14 09:52:09","post_content_filtered":"","post_parent":0,"guid":"http:\/\/dev.claret.cat\/editorial\/columna-edicions-2\/","menu_order":0,"post_type":"editorial","post_mime_type":"","comment_count":"0","filter":"raw"}],"autores-libros":[{"ID":167631,"post_author":"3","post_date":"2022-10-14 18:12:45","post_date_gmt":"2022-10-14 16:12:45","post_content":"","post_title":"RAFEL NADAL","post_excerpt":"","post_status":"publish","comment_status":"closed","ping_status":"closed","post_password":"","post_name":"rafel-nadal","to_ping":"","pinged":"","post_modified":"2022-10-14 18:12:45","post_modified_gmt":"2022-10-14 16:12:45","post_content_filtered":"","post_parent":0,"guid":"http:\/\/dev.claret.cat\/autor\/rafel-nadal\/","menu_order":0,"post_type":"autor","post_mime_type":"","comment_count":"0","filter":"raw"}]},"aioseo_notices":[],"_links":{"self":[{"href":"https:\/\/www.claret.cat\/es\/wp-json\/wp\/v2\/product\/237876","targetHints":{"allow":["GET"]}}],"collection":[{"href":"https:\/\/www.claret.cat\/es\/wp-json\/wp\/v2\/product"}],"about":[{"href":"https:\/\/www.claret.cat\/es\/wp-json\/wp\/v2\/types\/product"}],"wp:featuredmedia":[{"embeddable":true,"href":"https:\/\/www.claret.cat\/es\/wp-json\/wp\/v2\/media\/237877"}],"wp:attachment":[{"href":"https:\/\/www.claret.cat\/es\/wp-json\/wp\/v2\/media?parent=237876"}],"wp:term":[{"taxonomy":"product_brand","embeddable":true,"href":"https:\/\/www.claret.cat\/es\/wp-json\/wp\/v2\/product_brand?post=237876"},{"taxonomy":"product_cat","embeddable":true,"href":"https:\/\/www.claret.cat\/es\/wp-json\/wp\/v2\/product_cat?post=237876"},{"taxonomy":"product_tag","embeddable":true,"href":"https:\/\/www.claret.cat\/es\/wp-json\/wp\/v2\/product_tag?post=237876"}],"curies":[{"name":"wp","href":"https:\/\/api.w.org\/{rel}","templated":true}]}}