{"id":237978,"date":"2022-10-20T22:44:30","date_gmt":"2022-10-20T20:44:30","guid":{"rendered":"http:\/\/dev.claret.cat\/producte\/xiula-5-472-m\/"},"modified":"2025-02-01T00:46:27","modified_gmt":"2025-01-31T23:46:27","slug":"xiula-5472-m-9788483308899","status":"publish","type":"product","link":"https:\/\/www.claret.cat\/es\/libro\/xiula-5472-m-9788483308899\/","title":{"rendered":"XIULA: 5.472 M"},"content":{"rendered":"<p>T&#8221;agradaria fer un viatge fins a l&#8221;Him\u00e0laia per celebrar-hi una festa sonada? Doncs no t&#8221;ho perdis: nom\u00e9s has de posar el CD, obrir el llibre i pujar a bord de la furgoneta del grup Xiula per acompanyar-los en aquesta aventura extraordin\u00e0ria. Segur que en aquest viatge musical il\u00b7lustrat descobrir\u00e0s una colla de personatges sorprenents i una m\u00e0 de can\u00e7ons noves per cantar!<\/p>\n","protected":false},"excerpt":{"rendered":"<p>ARJUNA, RIKKI<\/p>\n","protected":false},"featured_media":237979,"template":"","meta":{"_acf_changed":false,"om_disable_all_campaigns":false,"rs_blank_template":"","rs_page_bg_color":"","slide_template_v7":"","inline_featured_image":false,"_monsterinsights_skip_tracking":false,"_monsterinsights_sitenote_active":false,"_monsterinsights_sitenote_note":"","_monsterinsights_sitenote_category":0},"product_brand":[],"product_cat":[86,352],"product_tag":[],"class_list":{"0":"post-237978","1":"product","2":"type-product","3":"status-publish","4":"has-post-thumbnail","6":"product_cat-infantil","7":"product_cat-infantil-3_infantil-juvenil-spa","9":"first","10":"instock","11":"taxable","12":"shipping-taxable","13":"purchasable","14":"product-type-simple"},"acf":{"autor":"ARJUNA, RIKKI","codart":"848330889","libros-coleccion":"","ediciones":"1","encuadernacion":"Carton\u00e9","fecha_de_publicacion":"01\/04\/2016","novedad":"0","paginas":"32","subtitulo":"UN VIATGE MUSICAL IL\u00b7LUSTRAT","orden":"999","portada":"0","idioma":"cat","autores-libros":[{"ID":168140,"post_author":"3","post_date":"2022-10-14 18:16:51","post_date_gmt":"2022-10-14 16:16:51","post_content":"","post_title":"RIKKI ARJUNA","post_excerpt":"","post_status":"publish","comment_status":"closed","ping_status":"closed","post_password":"","post_name":"rikki-arjuna","to_ping":"","pinged":"","post_modified":"2022-10-14 18:16:51","post_modified_gmt":"2022-10-14 16:16:51","post_content_filtered":"","post_parent":0,"guid":"http:\/\/dev.claret.cat\/autor\/rikki-arjuna\/","menu_order":0,"post_type":"autor","post_mime_type":"","comment_count":"0","filter":"raw"}],"editorial":[{"ID":262572,"post_author":"3","post_date":"2022-10-24 11:26:07","post_date_gmt":"2022-10-24 09:26:07","post_content":"","post_title":"VIENA EDICIONES","post_excerpt":"","post_status":"publish","comment_status":"closed","ping_status":"closed","post_password":"","post_name":"viena-ediciones","to_ping":"","pinged":"","post_modified":"2022-10-24 11:26:07","post_modified_gmt":"2022-10-24 09:26:07","post_content_filtered":"","post_parent":0,"guid":"http:\/\/dev.claret.cat\/editorial\/viena-ediciones\/","menu_order":0,"post_type":"editorial","post_mime_type":"","comment_count":"0","filter":"raw"}]},"aioseo_notices":[],"_links":{"self":[{"href":"https:\/\/www.claret.cat\/es\/wp-json\/wp\/v2\/product\/237978","targetHints":{"allow":["GET"]}}],"collection":[{"href":"https:\/\/www.claret.cat\/es\/wp-json\/wp\/v2\/product"}],"about":[{"href":"https:\/\/www.claret.cat\/es\/wp-json\/wp\/v2\/types\/product"}],"wp:featuredmedia":[{"embeddable":true,"href":"https:\/\/www.claret.cat\/es\/wp-json\/wp\/v2\/media\/237979"}],"wp:attachment":[{"href":"https:\/\/www.claret.cat\/es\/wp-json\/wp\/v2\/media?parent=237978"}],"wp:term":[{"taxonomy":"product_brand","embeddable":true,"href":"https:\/\/www.claret.cat\/es\/wp-json\/wp\/v2\/product_brand?post=237978"},{"taxonomy":"product_cat","embeddable":true,"href":"https:\/\/www.claret.cat\/es\/wp-json\/wp\/v2\/product_cat?post=237978"},{"taxonomy":"product_tag","embeddable":true,"href":"https:\/\/www.claret.cat\/es\/wp-json\/wp\/v2\/product_tag?post=237978"}],"curies":[{"name":"wp","href":"https:\/\/api.w.org\/{rel}","templated":true}]}}