{"id":23802,"date":"2022-10-02T10:07:20","date_gmt":"2022-10-02T08:07:20","guid":{"rendered":"http:\/\/dev.claret.cat\/producte\/la-musa\/"},"modified":"2023-01-28T01:44:15","modified_gmt":"2023-01-28T00:44:15","slug":"la-musa-9788498387797","status":"publish","type":"product","link":"https:\/\/www.claret.cat\/es\/libro\/la-musa-9788498387797\/","title":{"rendered":"LA MUSA"},"content":{"rendered":"<p>Andaluc\u00eda, 1936. Con la guerra civil a punto de estallar, Olive Schloss, hija de un marchante de arte vien\u00e9s y una heredera inglesa, vive con sus padres en las afueras de un pueblo apartado. All\u00ed traba amistad con la joven criada, Teresa Robles, y con su hermanastro Isaac, un pintor idealista que da clases en M\u00e1laga. Al poco tiempo, Olive consigue burlar la voluntad de sus padres urdiendo un plan que desatar\u00e1 una cadena de mentiras y secretos.<br \/> Londres, 1967. Odelle Bastien, una joven llegada de Trinidad, ha conseguido por fin un trabajo de mecan\u00f3grafa en el augusto Instituto de Arte Skelton bajo la tutela de la codirectora, Marjorie Quick. A pesar de que \u00e9sta le otorga toda su confianza, Odelle percibe en ella cierto halo de misterio, que se intensifica con la aparici\u00f3n de una obra maestra perdida durante la guerra civil espa\u00f1ola, un enigm\u00e1tico cuadro cuyo autor podr\u00eda ser el desaparecido Isaac Robles.<br \/> Despu\u00e9s de su exitosa y celebrada primera novela, La casa de las miniaturas, Jessie Burton ha creado una historia igualmente vibrante sobre las vidas de cuatro mujeres extraordinarias. As\u00ed, dos dram\u00e1ticos episodios ocurridos en \u00e9pocas muy distintas conducen al lector a un apasionante y vertiginoso recorrido a trav\u00e9s del amor y la obsesi\u00f3n, la verdad y la impostura.<\/p>\n","protected":false},"excerpt":{"rendered":"<p>BURTON, JESSIE<\/p>\n","protected":false},"featured_media":73350,"template":"","meta":{"_acf_changed":false,"om_disable_all_campaigns":false,"rs_blank_template":"","rs_page_bg_color":"","slide_template_v7":"","inline_featured_image":false,"_monsterinsights_skip_tracking":false,"_monsterinsights_sitenote_active":false,"_monsterinsights_sitenote_note":"","_monsterinsights_sitenote_category":0},"product_brand":[],"product_cat":[87],"product_tag":[],"class_list":{"0":"post-23802","1":"product","2":"type-product","3":"status-publish","4":"has-post-thumbnail","6":"product_cat-literatura","8":"first","9":"instock","10":"taxable","11":"shipping-taxable","12":"purchasable","13":"product-type-simple"},"acf":{"autor":"BURTON, JESSIE","codart":"849838779","libros-coleccion":"SUSHI BOOKS","ediciones":"1","encuadernacion":"R\u00fastica","fecha_de_publicacion":"01\/02\/2017","novedad":"1","paginas":"476","subtitulo":"","orden":"0","portada":"0","idioma":"spa","editorial":[{"ID":6352,"post_author":"3","post_date":"2022-07-28 17:50:21","post_date_gmt":"2022-07-28 15:50:21","post_content":"","post_title":"SALAMANDRA","post_excerpt":"","post_status":"publish","comment_status":"closed","ping_status":"closed","post_password":"","post_name":"salamandra","to_ping":"","pinged":"","post_modified":"2022-07-28 17:50:21","post_modified_gmt":"2022-07-28 15:50:21","post_content_filtered":"","post_parent":0,"guid":"http:\/\/dev.claret.cat\/editorial\/salamandra\/","menu_order":0,"post_type":"editorial","post_mime_type":"","comment_count":"0","filter":"raw"}],"autores-libros":[{"ID":159074,"post_author":"3","post_date":"2022-10-14 15:41:53","post_date_gmt":"2022-10-14 13:41:53","post_content":"","post_title":"JESSIE BURTON","post_excerpt":"","post_status":"publish","comment_status":"closed","ping_status":"closed","post_password":"","post_name":"jessie-burton","to_ping":"","pinged":"","post_modified":"2022-10-14 15:41:53","post_modified_gmt":"2022-10-14 13:41:53","post_content_filtered":"","post_parent":0,"guid":"http:\/\/dev.claret.cat\/autor\/jessie-burton\/","menu_order":0,"post_type":"autor","post_mime_type":"","comment_count":"0","filter":"raw"}]},"aioseo_notices":[],"_links":{"self":[{"href":"https:\/\/www.claret.cat\/es\/wp-json\/wp\/v2\/product\/23802","targetHints":{"allow":["GET"]}}],"collection":[{"href":"https:\/\/www.claret.cat\/es\/wp-json\/wp\/v2\/product"}],"about":[{"href":"https:\/\/www.claret.cat\/es\/wp-json\/wp\/v2\/types\/product"}],"wp:featuredmedia":[{"embeddable":true,"href":"https:\/\/www.claret.cat\/es\/wp-json\/wp\/v2\/media\/73350"}],"wp:attachment":[{"href":"https:\/\/www.claret.cat\/es\/wp-json\/wp\/v2\/media?parent=23802"}],"wp:term":[{"taxonomy":"product_brand","embeddable":true,"href":"https:\/\/www.claret.cat\/es\/wp-json\/wp\/v2\/product_brand?post=23802"},{"taxonomy":"product_cat","embeddable":true,"href":"https:\/\/www.claret.cat\/es\/wp-json\/wp\/v2\/product_cat?post=23802"},{"taxonomy":"product_tag","embeddable":true,"href":"https:\/\/www.claret.cat\/es\/wp-json\/wp\/v2\/product_tag?post=23802"}],"curies":[{"name":"wp","href":"https:\/\/api.w.org\/{rel}","templated":true}]}}