{"id":238119,"date":"2022-10-20T22:47:53","date_gmt":"2022-10-20T20:47:53","guid":{"rendered":"http:\/\/dev.claret.cat\/producte\/rogar-a-dios-por-los-vivos-y-los-difuntos\/"},"modified":"2024-05-02T09:15:00","modified_gmt":"2024-05-02T07:15:00","slug":"rogar-a-dios-por-los-vivos-y-los-difuntos-9788428550345","status":"publish","type":"product","link":"https:\/\/www.claret.cat\/es\/libro\/rogar-a-dios-por-los-vivos-y-los-difuntos-9788428550345\/","title":{"rendered":"ROGAR A DIOS POR LOS VIVOS Y LOS DIFUNTOS"},"content":{"rendered":"<p>\u00bfPor qu\u00e9 y en qu\u00e9 condiciones una dimensi\u00f3n como la oraci\u00f3n, tan personal e \u00edntima, o bien tan \u00abprofesional\u00bb y desligada, puede ser una obra de misericordia? \u00bfPor qu\u00e9 pedir a Dios por el bien si ya sabemos que es bueno? A estas preguntas contesta la autora en este libro, repasando cuestiones como las causas y los modos de oraci\u00f3n, por qui\u00e9n y d\u00f3nde rezar. Rogar por nosotros y por los dem\u00e1s -dice- tambi\u00e9n nos recuerda que nosotros no somos dioses. Rogar a Dios es establecer una relaci\u00f3n con \u00c9l, en solidaridad con el mundo y dentro de unos horizontes de paz. El \u00faltimo apartado se dedica al avemar\u00eda, \u00abuna oraci\u00f3n para meditar y para acompasar el ritmo del tiempo y una oraci\u00f3n de s\u00faplica y petici\u00f3n porque &#8216;la Virgen comprende&#8217;\u00bb.<\/p>\n","protected":false},"excerpt":{"rendered":"<p>SIMONELLI, CRISTINA<\/p>\n","protected":false},"featured_media":335295,"template":"","meta":{"_acf_changed":false,"om_disable_all_campaigns":false,"rs_blank_template":"","rs_page_bg_color":"","slide_template_v7":"","inline_featured_image":false,"_monsterinsights_skip_tracking":false,"_monsterinsights_sitenote_active":false,"_monsterinsights_sitenote_note":"","_monsterinsights_sitenote_category":0},"product_brand":[],"product_cat":[90,540],"product_tag":[],"class_list":{"0":"post-238119","1":"product","2":"type-product","3":"status-publish","4":"has-post-thumbnail","6":"product_cat-altres","7":"product_cat-otros","9":"first","10":"instock","11":"taxable","12":"shipping-taxable","13":"purchasable","14":"product-type-simple"},"acf":{"autor":"SIMONELLI, CRISTINA","codart":"842855034","libros-coleccion":"","ediciones":"1","encuadernacion":"R\u00fastica","fecha_de_publicacion":"01\/04\/2016","novedad":"0","paginas":"74","subtitulo":"PEDIR, BUSCAR Y LLAMAR","orden":"999","portada":"0","idioma":"spa","editorial":[{"ID":6356,"post_author":"3","post_date":"2022-07-28 17:50:26","post_date_gmt":"2022-07-28 15:50:26","post_content":"","post_title":"SAN PABLO COMUNICACI\u00d3N","post_excerpt":"","post_status":"publish","comment_status":"closed","ping_status":"closed","post_password":"","post_name":"san-pablo-comunicacion","to_ping":"","pinged":"","post_modified":"2022-07-28 17:50:26","post_modified_gmt":"2022-07-28 15:50:26","post_content_filtered":"","post_parent":0,"guid":"http:\/\/dev.claret.cat\/editorial\/san-pablo-comunicacion\/","menu_order":0,"post_type":"editorial","post_mime_type":"","comment_count":"0","filter":"raw"}],"autores-libros":[{"ID":153400,"post_author":"3","post_date":"2022-10-14 14:56:28","post_date_gmt":"2022-10-14 12:56:28","post_content":"","post_title":"CRISTINA SIMONELLI","post_excerpt":"","post_status":"publish","comment_status":"closed","ping_status":"closed","post_password":"","post_name":"cristina-simonelli","to_ping":"","pinged":"","post_modified":"2022-10-14 14:56:28","post_modified_gmt":"2022-10-14 12:56:28","post_content_filtered":"","post_parent":0,"guid":"http:\/\/dev.claret.cat\/autor\/cristina-simonelli\/","menu_order":0,"post_type":"autor","post_mime_type":"","comment_count":"0","filter":"raw"}]},"aioseo_notices":[],"_links":{"self":[{"href":"https:\/\/www.claret.cat\/es\/wp-json\/wp\/v2\/product\/238119","targetHints":{"allow":["GET"]}}],"collection":[{"href":"https:\/\/www.claret.cat\/es\/wp-json\/wp\/v2\/product"}],"about":[{"href":"https:\/\/www.claret.cat\/es\/wp-json\/wp\/v2\/types\/product"}],"wp:featuredmedia":[{"embeddable":true,"href":"https:\/\/www.claret.cat\/es\/wp-json\/wp\/v2\/media\/335295"}],"wp:attachment":[{"href":"https:\/\/www.claret.cat\/es\/wp-json\/wp\/v2\/media?parent=238119"}],"wp:term":[{"taxonomy":"product_brand","embeddable":true,"href":"https:\/\/www.claret.cat\/es\/wp-json\/wp\/v2\/product_brand?post=238119"},{"taxonomy":"product_cat","embeddable":true,"href":"https:\/\/www.claret.cat\/es\/wp-json\/wp\/v2\/product_cat?post=238119"},{"taxonomy":"product_tag","embeddable":true,"href":"https:\/\/www.claret.cat\/es\/wp-json\/wp\/v2\/product_tag?post=238119"}],"curies":[{"name":"wp","href":"https:\/\/api.w.org\/{rel}","templated":true}]}}