{"id":238233,"date":"2022-10-20T22:50:33","date_gmt":"2022-10-20T20:50:33","guid":{"rendered":"http:\/\/dev.claret.cat\/producte\/sonidos-del-jardin\/"},"modified":"2023-01-28T16:15:08","modified_gmt":"2023-01-28T15:15:08","slug":"sonidos-del-jardin-9781474918312","status":"publish","type":"product","link":"https:\/\/www.claret.cat\/es\/libro\/sonidos-del-jardin-9781474918312\/","title":{"rendered":"SONIDOS DEL JARDIN"},"content":{"rendered":"<p>Este maravilloso libro sonoro cautivar\u00e1 a los m\u00e1s chiquitines. Apretando los botones que hay en cada p\u00e1gina, los ni\u00f1os oir\u00e1n los alegres sonidos de un jard\u00edn lleno de vida y maravillosamente ilustrado a los largo de todo el libro. El canto los p\u00e1jaros, el zumbido de las abejas y el murmullo de la llovizna son algunas de las maravillas que descubrir\u00e1n. Contiene tambi\u00e9n texturas variadas y agujeros por los que mirar para ayudar a los peque\u00f1os a desarrollar el tacto y la vista. Una estupenda introducci\u00f3n a la naturaleza que educa y entretiene, con muchas cosas que observar y tocar para mantener activos los ojos, las manitas y la mente del beb\u00e9.<\/p>\n","protected":false},"excerpt":{"rendered":"<p>TAPLIN SAM<\/p>\n","protected":false},"featured_media":238234,"template":"","meta":{"_acf_changed":false,"om_disable_all_campaigns":false,"rs_blank_template":"","rs_page_bg_color":"","slide_template_v7":"","inline_featured_image":false,"_monsterinsights_skip_tracking":false,"_monsterinsights_sitenote_active":false,"_monsterinsights_sitenote_note":"","_monsterinsights_sitenote_category":0},"product_brand":[],"product_cat":[86],"product_tag":[],"class_list":{"0":"post-238233","1":"product","2":"type-product","3":"status-publish","4":"has-post-thumbnail","6":"product_cat-infantil","8":"first","9":"instock","10":"taxable","11":"shipping-taxable","12":"purchasable","13":"product-type-simple"},"acf":{"autor":"TAPLIN SAM","codart":"147491831","libros-coleccion":"","ediciones":"1","encuadernacion":"Carpeta","fecha_de_publicacion":"01\/04\/2016","novedad":"0","paginas":"8","subtitulo":"","orden":"999","portada":"0","idioma":"spa","editorial":[{"ID":8272,"post_author":"3","post_date":"2022-09-30 09:21:39","post_date_gmt":"2022-09-30 07:21:39","post_content":"","post_title":"USBORNE PUBLISHING LTD.","post_excerpt":"","post_status":"publish","comment_status":"closed","ping_status":"closed","post_password":"","post_name":"usborne-publishing-ltd","to_ping":"","pinged":"","post_modified":"2022-09-30 09:21:39","post_modified_gmt":"2022-09-30 07:21:39","post_content_filtered":"","post_parent":0,"guid":"http:\/\/dev.claret.cat\/editorial\/usborne-publishing-ltd\/","menu_order":0,"post_type":"editorial","post_mime_type":"","comment_count":"0","filter":"raw"}],"autores-libros":[{"ID":170139,"post_author":"3","post_date":"2022-10-14 22:32:53","post_date_gmt":"2022-10-14 20:32:53","post_content":"","post_title":"TAPLIN SAM","post_excerpt":"","post_status":"publish","comment_status":"closed","ping_status":"closed","post_password":"","post_name":"taplin-sam","to_ping":"","pinged":"","post_modified":"2022-10-14 22:32:53","post_modified_gmt":"2022-10-14 20:32:53","post_content_filtered":"","post_parent":0,"guid":"http:\/\/dev.claret.cat\/autor\/taplin-sam\/","menu_order":0,"post_type":"autor","post_mime_type":"","comment_count":"0","filter":"raw"}]},"aioseo_notices":[],"_links":{"self":[{"href":"https:\/\/www.claret.cat\/es\/wp-json\/wp\/v2\/product\/238233","targetHints":{"allow":["GET"]}}],"collection":[{"href":"https:\/\/www.claret.cat\/es\/wp-json\/wp\/v2\/product"}],"about":[{"href":"https:\/\/www.claret.cat\/es\/wp-json\/wp\/v2\/types\/product"}],"wp:featuredmedia":[{"embeddable":true,"href":"https:\/\/www.claret.cat\/es\/wp-json\/wp\/v2\/media\/238234"}],"wp:attachment":[{"href":"https:\/\/www.claret.cat\/es\/wp-json\/wp\/v2\/media?parent=238233"}],"wp:term":[{"taxonomy":"product_brand","embeddable":true,"href":"https:\/\/www.claret.cat\/es\/wp-json\/wp\/v2\/product_brand?post=238233"},{"taxonomy":"product_cat","embeddable":true,"href":"https:\/\/www.claret.cat\/es\/wp-json\/wp\/v2\/product_cat?post=238233"},{"taxonomy":"product_tag","embeddable":true,"href":"https:\/\/www.claret.cat\/es\/wp-json\/wp\/v2\/product_tag?post=238233"}],"curies":[{"name":"wp","href":"https:\/\/api.w.org\/{rel}","templated":true}]}}