{"id":238245,"date":"2022-10-20T22:50:51","date_gmt":"2022-10-20T20:50:51","guid":{"rendered":"http:\/\/dev.claret.cat\/producte\/mi-primer-libro-de-palabras-del-espacio\/"},"modified":"2023-01-28T06:37:55","modified_gmt":"2023-01-28T05:37:55","slug":"mi-primer-libro-de-palabras-del-espacio-9781474917001","status":"publish","type":"product","link":"https:\/\/www.claret.cat\/es\/libro\/mi-primer-libro-de-palabras-del-espacio-9781474917001\/","title":{"rendered":"MI PRIMER LIBRO DE PALABRAS DEL ESPACIO"},"content":{"rendered":"<p>Este libro es ideal para que los m\u00e1s peque\u00f1os empiecen a conocer el espacio. Est\u00e1 repleto de im\u00e1genes divertidas y adem\u00e1s hay montones de cosas que buscar y comentar.<\/p>\n","protected":false},"excerpt":{"rendered":"<p>BONE EMILY<\/p>\n","protected":false},"featured_media":238246,"template":"","meta":{"_acf_changed":false,"om_disable_all_campaigns":false,"rs_blank_template":"","rs_page_bg_color":"","slide_template_v7":"","inline_featured_image":false,"_monsterinsights_skip_tracking":false,"_monsterinsights_sitenote_active":false,"_monsterinsights_sitenote_note":"","_monsterinsights_sitenote_category":0},"product_brand":[],"product_cat":[86],"product_tag":[],"class_list":{"0":"post-238245","1":"product","2":"type-product","3":"status-publish","4":"has-post-thumbnail","6":"product_cat-infantil","8":"first","9":"instock","10":"taxable","11":"shipping-taxable","12":"purchasable","13":"product-type-simple"},"acf":{"autor":"BONE EMILY","codart":"147491700","libros-coleccion":"","ediciones":"1","encuadernacion":"Carpeta","fecha_de_publicacion":"01\/04\/2016","novedad":"0","paginas":"18","subtitulo":"","orden":"999","portada":"0","idioma":"spa","editorial":[{"ID":8272,"post_author":"3","post_date":"2022-09-30 09:21:39","post_date_gmt":"2022-09-30 07:21:39","post_content":"","post_title":"USBORNE PUBLISHING LTD.","post_excerpt":"","post_status":"publish","comment_status":"closed","ping_status":"closed","post_password":"","post_name":"usborne-publishing-ltd","to_ping":"","pinged":"","post_modified":"2022-09-30 09:21:39","post_modified_gmt":"2022-09-30 07:21:39","post_content_filtered":"","post_parent":0,"guid":"http:\/\/dev.claret.cat\/editorial\/usborne-publishing-ltd\/","menu_order":0,"post_type":"editorial","post_mime_type":"","comment_count":"0","filter":"raw"}],"autores-libros":[{"ID":151805,"post_author":"3","post_date":"2022-10-14 14:43:46","post_date_gmt":"2022-10-14 12:43:46","post_content":"","post_title":"BONE EMILY","post_excerpt":"","post_status":"publish","comment_status":"closed","ping_status":"closed","post_password":"","post_name":"bone-emily","to_ping":"","pinged":"","post_modified":"2022-10-14 14:43:46","post_modified_gmt":"2022-10-14 12:43:46","post_content_filtered":"","post_parent":0,"guid":"http:\/\/dev.claret.cat\/autor\/bone-emily\/","menu_order":0,"post_type":"autor","post_mime_type":"","comment_count":"0","filter":"raw"}]},"aioseo_notices":[],"_links":{"self":[{"href":"https:\/\/www.claret.cat\/es\/wp-json\/wp\/v2\/product\/238245","targetHints":{"allow":["GET"]}}],"collection":[{"href":"https:\/\/www.claret.cat\/es\/wp-json\/wp\/v2\/product"}],"about":[{"href":"https:\/\/www.claret.cat\/es\/wp-json\/wp\/v2\/types\/product"}],"wp:featuredmedia":[{"embeddable":true,"href":"https:\/\/www.claret.cat\/es\/wp-json\/wp\/v2\/media\/238246"}],"wp:attachment":[{"href":"https:\/\/www.claret.cat\/es\/wp-json\/wp\/v2\/media?parent=238245"}],"wp:term":[{"taxonomy":"product_brand","embeddable":true,"href":"https:\/\/www.claret.cat\/es\/wp-json\/wp\/v2\/product_brand?post=238245"},{"taxonomy":"product_cat","embeddable":true,"href":"https:\/\/www.claret.cat\/es\/wp-json\/wp\/v2\/product_cat?post=238245"},{"taxonomy":"product_tag","embeddable":true,"href":"https:\/\/www.claret.cat\/es\/wp-json\/wp\/v2\/product_tag?post=238245"}],"curies":[{"name":"wp","href":"https:\/\/api.w.org\/{rel}","templated":true}]}}