{"id":238368,"date":"2022-10-20T22:53:49","date_gmt":"2022-10-20T20:53:49","guid":{"rendered":"http:\/\/dev.claret.cat\/producte\/summer-love\/"},"modified":"2025-02-05T12:57:44","modified_gmt":"2025-02-05T11:57:44","slug":"summer-love-9788416384457","status":"publish","type":"product","link":"https:\/\/www.claret.cat\/es\/libro\/summer-love-9788416384457\/","title":{"rendered":"SUMMER LOVE"},"content":{"rendered":"<p>Una novela diferente y entretenida en el que conoceremos la historia de Paula y \u00c1lex, contada como se la imaginar\u00eda cada una de las tres autoras. La \u00fanica premisa: en las tres historias los dos personajes tienen la misma edad y su romance sucede en Mallorca, un destino veraniego que incita al amor m\u00e1s pasional.<\/p>\n","protected":false},"excerpt":{"rendered":"<p>FERB,IRENE\/DANON,KATE\/VILCHEZ,VICTORIA<\/p>\n","protected":false},"featured_media":238369,"template":"","meta":{"_acf_changed":false,"om_disable_all_campaigns":false,"rs_blank_template":"","rs_page_bg_color":"","slide_template_v7":"","inline_featured_image":false,"_monsterinsights_skip_tracking":false,"_monsterinsights_sitenote_active":false,"_monsterinsights_sitenote_note":"","_monsterinsights_sitenote_category":0},"product_brand":[],"product_cat":[87,353],"product_tag":[],"class_list":{"0":"post-238368","1":"product","2":"type-product","3":"status-publish","4":"has-post-thumbnail","6":"product_cat-literatura","7":"product_cat-literatura-2_humanidades","9":"first","10":"instock","11":"taxable","12":"shipping-taxable","13":"purchasable","14":"product-type-simple"},"acf":{"autor":"FERB,IRENE\/DANON,KATE\/VILCHEZ,VICTORIA","codart":"841638445","libros-coleccion":"","ediciones":"1","encuadernacion":"Carpeta","fecha_de_publicacion":"01\/04\/2016","novedad":"0","paginas":"430","subtitulo":"","orden":"999","portada":"0","idioma":"spa","autores-libros":[{"ID":425060,"post_author":"3","post_date":"2023-05-16 08:13:48","post_date_gmt":"2023-05-16 06:13:48","post_content":"","post_title":"KATE DANON","post_excerpt":"","post_status":"publish","comment_status":"closed","ping_status":"closed","post_password":"","post_name":"kate-danon","to_ping":"","pinged":"","post_modified":"2023-05-16 08:13:48","post_modified_gmt":"2023-05-16 06:13:48","post_content_filtered":"","post_parent":0,"guid":"https:\/\/www.claret.cat\/autor\/kate-danon\/","menu_order":0,"post_type":"autor","post_mime_type":"","comment_count":"0","filter":"raw"},{"ID":157990,"post_author":"3","post_date":"2022-10-14 15:33:16","post_date_gmt":"2022-10-14 13:33:16","post_content":"","post_title":"IRENE FERB","post_excerpt":"","post_status":"publish","comment_status":"closed","ping_status":"closed","post_password":"","post_name":"irene-ferb","to_ping":"","pinged":"","post_modified":"2022-10-14 15:33:16","post_modified_gmt":"2022-10-14 13:33:16","post_content_filtered":"","post_parent":0,"guid":"http:\/\/dev.claret.cat\/autor\/irene-ferb\/","menu_order":0,"post_type":"autor","post_mime_type":"","comment_count":"0","filter":"raw"},{"ID":429349,"post_author":"3","post_date":"2023-05-16 09:46:26","post_date_gmt":"2023-05-16 07:46:26","post_content":"","post_title":"VICTORIA VILCHEZ","post_excerpt":"","post_status":"publish","comment_status":"closed","ping_status":"closed","post_password":"","post_name":"victoria-vilchez","to_ping":"","pinged":"","post_modified":"2023-05-16 09:46:26","post_modified_gmt":"2023-05-16 07:46:26","post_content_filtered":"","post_parent":0,"guid":"https:\/\/www.claret.cat\/autor\/victoria-vilchez\/","menu_order":0,"post_type":"autor","post_mime_type":"","comment_count":"0","filter":"raw"}],"editorial":[{"ID":262214,"post_author":"3","post_date":"2022-10-24 11:21:25","post_date_gmt":"2022-10-24 09:21:25","post_content":"","post_title":"KIWI, EDICIONES","post_excerpt":"","post_status":"publish","comment_status":"closed","ping_status":"closed","post_password":"","post_name":"kiwi-ediciones","to_ping":"","pinged":"","post_modified":"2022-10-24 11:21:25","post_modified_gmt":"2022-10-24 09:21:25","post_content_filtered":"","post_parent":0,"guid":"http:\/\/dev.claret.cat\/editorial\/kiwi-ediciones\/","menu_order":0,"post_type":"editorial","post_mime_type":"","comment_count":"0","filter":"raw"}]},"aioseo_notices":[],"_links":{"self":[{"href":"https:\/\/www.claret.cat\/es\/wp-json\/wp\/v2\/product\/238368","targetHints":{"allow":["GET"]}}],"collection":[{"href":"https:\/\/www.claret.cat\/es\/wp-json\/wp\/v2\/product"}],"about":[{"href":"https:\/\/www.claret.cat\/es\/wp-json\/wp\/v2\/types\/product"}],"wp:featuredmedia":[{"embeddable":true,"href":"https:\/\/www.claret.cat\/es\/wp-json\/wp\/v2\/media\/238369"}],"wp:attachment":[{"href":"https:\/\/www.claret.cat\/es\/wp-json\/wp\/v2\/media?parent=238368"}],"wp:term":[{"taxonomy":"product_brand","embeddable":true,"href":"https:\/\/www.claret.cat\/es\/wp-json\/wp\/v2\/product_brand?post=238368"},{"taxonomy":"product_cat","embeddable":true,"href":"https:\/\/www.claret.cat\/es\/wp-json\/wp\/v2\/product_cat?post=238368"},{"taxonomy":"product_tag","embeddable":true,"href":"https:\/\/www.claret.cat\/es\/wp-json\/wp\/v2\/product_tag?post=238368"}],"curies":[{"name":"wp","href":"https:\/\/api.w.org\/{rel}","templated":true}]}}