{"id":23841,"date":"2022-10-02T10:08:00","date_gmt":"2022-10-02T08:08:00","guid":{"rendered":"http:\/\/dev.claret.cat\/producte\/la-mujer-del-camarote-10\/"},"modified":"2023-01-28T03:30:15","modified_gmt":"2023-01-28T02:30:15","slug":"la-mujer-del-camarote-10-9788498387964","status":"publish","type":"product","link":"https:\/\/www.claret.cat\/es\/libro\/la-mujer-del-camarote-10-9788498387964\/","title":{"rendered":"LA MUJER DEL CAMAROTE 10"},"content":{"rendered":"<p>Has sido testigo de un asesinato&#8230;y nadie te cree.<br \/> La invitaci\u00f3n a un crucero de lujo, que zarpa de Londres rumbo a los fiordos noruegos, es como un sue\u00f1o hecho realidad para Laura Blacklock, una joven periodista en horas bajas. La oportunidad es doble: no s\u00f3lo podr\u00e1 contemplar la maravillosa aurora boreal, sino que se codear\u00e1 con gente influyente que podr\u00eda ayudarla a reconducir su carrera profesional.<br \/> Los primeros compases de la traves\u00eda discurren conforme a lo previsto: el ambiente del barco es suntuoso, el servicio, de primera categor\u00eda, y el pasaje derrocha elegancia, simpat\u00eda y dinero. Sin embargo, todo cambia cuando, una noche, un grito aterrador despierta a Laura, quien, estupefacta, observa c\u00f3mo el cuerpo de una mujer cae al mar desde el compartimento contiguo.<br \/> Al dar la voz de alarma, la tripulaci\u00f3n le asegura que el camarote n\u00famero 10 siempre ha estado vac\u00edo y que no falta ning\u00fan pasajero a bordo. As\u00ed, con creciente inquietud, Laura comprueba que&#8230; nadie le cree. Y lo peor no es que se sienta sola y aislada, sino que una serie de extra\u00f1os acontecimientos la convencen de que ella puede ser la pr\u00f3xima v\u00edctima.<\/p>\n","protected":false},"excerpt":{"rendered":"<p>WARE, RUTH<\/p>\n","protected":false},"featured_media":72400,"template":"","meta":{"_acf_changed":false,"om_disable_all_campaigns":false,"rs_blank_template":"","rs_page_bg_color":"","slide_template_v7":"","inline_featured_image":false,"_monsterinsights_skip_tracking":false,"_monsterinsights_sitenote_active":false,"_monsterinsights_sitenote_note":"","_monsterinsights_sitenote_category":0},"product_brand":[],"product_cat":[87],"product_tag":[],"class_list":{"0":"post-23841","1":"product","2":"type-product","3":"status-publish","4":"has-post-thumbnail","6":"product_cat-literatura","8":"first","9":"instock","10":"taxable","11":"shipping-taxable","12":"purchasable","13":"product-type-simple"},"acf":{"autor":"WARE, RUTH","codart":"849838796","libros-coleccion":"FORA DE COL.LECCI\u00d3","ediciones":"1","encuadernacion":"R\u00fastica","fecha_de_publicacion":"01\/06\/2017","novedad":"1","paginas":"350","subtitulo":"","orden":"0","portada":"0","idioma":"spa","editorial":[{"ID":6352,"post_author":"3","post_date":"2022-07-28 17:50:21","post_date_gmt":"2022-07-28 15:50:21","post_content":"","post_title":"SALAMANDRA","post_excerpt":"","post_status":"publish","comment_status":"closed","ping_status":"closed","post_password":"","post_name":"salamandra","to_ping":"","pinged":"","post_modified":"2022-07-28 17:50:21","post_modified_gmt":"2022-07-28 15:50:21","post_content_filtered":"","post_parent":0,"guid":"http:\/\/dev.claret.cat\/editorial\/salamandra\/","menu_order":0,"post_type":"editorial","post_mime_type":"","comment_count":"0","filter":"raw"}],"autores-libros":[{"ID":168715,"post_author":"3","post_date":"2022-10-14 22:21:21","post_date_gmt":"2022-10-14 20:21:21","post_content":"","post_title":"RUTH WARE","post_excerpt":"","post_status":"publish","comment_status":"closed","ping_status":"closed","post_password":"","post_name":"ruth-ware","to_ping":"","pinged":"","post_modified":"2022-10-14 22:21:21","post_modified_gmt":"2022-10-14 20:21:21","post_content_filtered":"","post_parent":0,"guid":"http:\/\/dev.claret.cat\/autor\/ruth-ware\/","menu_order":0,"post_type":"autor","post_mime_type":"","comment_count":"0","filter":"raw"}]},"aioseo_notices":[],"_links":{"self":[{"href":"https:\/\/www.claret.cat\/es\/wp-json\/wp\/v2\/product\/23841","targetHints":{"allow":["GET"]}}],"collection":[{"href":"https:\/\/www.claret.cat\/es\/wp-json\/wp\/v2\/product"}],"about":[{"href":"https:\/\/www.claret.cat\/es\/wp-json\/wp\/v2\/types\/product"}],"wp:featuredmedia":[{"embeddable":true,"href":"https:\/\/www.claret.cat\/es\/wp-json\/wp\/v2\/media\/72400"}],"wp:attachment":[{"href":"https:\/\/www.claret.cat\/es\/wp-json\/wp\/v2\/media?parent=23841"}],"wp:term":[{"taxonomy":"product_brand","embeddable":true,"href":"https:\/\/www.claret.cat\/es\/wp-json\/wp\/v2\/product_brand?post=23841"},{"taxonomy":"product_cat","embeddable":true,"href":"https:\/\/www.claret.cat\/es\/wp-json\/wp\/v2\/product_cat?post=23841"},{"taxonomy":"product_tag","embeddable":true,"href":"https:\/\/www.claret.cat\/es\/wp-json\/wp\/v2\/product_tag?post=23841"}],"curies":[{"name":"wp","href":"https:\/\/api.w.org\/{rel}","templated":true}]}}