{"id":238706,"date":"2022-10-20T23:02:00","date_gmt":"2022-10-20T21:02:00","guid":{"rendered":"http:\/\/dev.claret.cat\/producte\/confesiones-de-un-cule-defectuoso\/"},"modified":"2023-01-28T03:08:29","modified_gmt":"2023-01-28T02:08:29","slug":"confesiones-de-un-cule-defectuoso-9788423350865","status":"publish","type":"product","link":"https:\/\/www.claret.cat\/es\/libro\/confesiones-de-un-cule-defectuoso-9788423350865\/","title":{"rendered":"CONFESIONES DE UN CUL\u00c9 DEFECTUOSO"},"content":{"rendered":"<p>Sergi P\u00e0mies se ha convertido en uno de los\u00a0cronistas literarios de deportes m\u00e1s seguidos,\u00a0gracias a su capacidad para radiografi ar nuestras\u00a0pasiones y nuestros comportamientos\u00a0colectivos a partir de la an\u00e9cdota futbol\u00edstica,\u00a0como un d\u00eda hizo Manolo V\u00e1zquez Montalb\u00e1n.Ello completa su reconocida personalidad en el\u00a0terreno narrativo, caracterizada por una miradafresca, incisiva y de una melancol\u00eda cada vez\u00a0menos disimulada.En Confesiones de un cul\u00e9 defectuoso, P\u00e0mies\u00a0explota la vena humor\u00edstica, emocional y\u00a0sorpresiva, que le ha convertido en un referente\u00a0para muchos lectores. Aparece el relato generacional\u00a0con la observaci\u00f3n de los comportamientos\u00a0colectivos, su propia memoria sentimental y\u00a0la pasi\u00f3n futbolera. Desde su ?conversi\u00f3n barcelonista?\u00a0adolescente, ligada al retorno del exilio,\u00a0hasta los secretos de su conocido cruyffismo,\u00a0pasando por retratos mordaces de los sucesivos\u00a0presidentes o por su incapacidad para ser antinada? Y con la misma brillantez interpreta los\u00a0silencios del estadio, evoca a jugadores olvidadoscomo Sotil o desentra\u00f1a las premoniciones\u00a0como motores de la psicolog\u00eda del aficionado.En esta original ?confesi\u00f3n defectuosa?, Sergi\u00a0P\u00e0mies guarda para el fi nal una sorpresa sobre\u00a0las esencias de toda pasi\u00f3n deportiva y colectiva?<\/p>\n","protected":false},"excerpt":{"rendered":"<p>P\u00c0MIES, SERGI<\/p>\n","protected":false},"featured_media":238707,"template":"","meta":{"_acf_changed":false,"om_disable_all_campaigns":false,"rs_blank_template":"","rs_page_bg_color":"","slide_template_v7":"","inline_featured_image":false,"_monsterinsights_skip_tracking":false,"_monsterinsights_sitenote_active":false,"_monsterinsights_sitenote_note":"","_monsterinsights_sitenote_category":0},"product_brand":[],"product_cat":[87],"product_tag":[],"class_list":{"0":"post-238706","1":"product","2":"type-product","3":"status-publish","4":"has-post-thumbnail","6":"product_cat-literatura","8":"first","9":"instock","10":"taxable","11":"shipping-taxable","12":"purchasable","13":"product-type-simple"},"acf":{"autor":"P\u00c0MIES, SERGI","codart":"842335086","libros-coleccion":"","ediciones":"1","encuadernacion":"R\u00fastica","fecha_de_publicacion":"01\/04\/2016","novedad":"0","paginas":"165","subtitulo":"","orden":"999","portada":"0","idioma":"spa","editorial":[{"ID":6182,"post_author":"3","post_date":"2022-07-28 17:46:40","post_date_gmt":"2022-07-28 15:46:40","post_content":"","post_title":"DESTINO, S.L.","post_excerpt":"","post_status":"publish","comment_status":"closed","ping_status":"closed","post_password":"","post_name":"destino-s-l","to_ping":"","pinged":"","post_modified":"2022-07-28 17:46:40","post_modified_gmt":"2022-07-28 15:46:40","post_content_filtered":"","post_parent":0,"guid":"http:\/\/dev.claret.cat\/editorial\/destino-s-l\/","menu_order":0,"post_type":"editorial","post_mime_type":"","comment_count":"0","filter":"raw"}],"autores-libros":[{"ID":169319,"post_author":"3","post_date":"2022-10-14 22:26:16","post_date_gmt":"2022-10-14 20:26:16","post_content":"","post_title":"SERGI P\u00c0MIES","post_excerpt":"","post_status":"publish","comment_status":"closed","ping_status":"closed","post_password":"","post_name":"sergi-pamies","to_ping":"","pinged":"","post_modified":"2022-10-14 22:26:16","post_modified_gmt":"2022-10-14 20:26:16","post_content_filtered":"","post_parent":0,"guid":"http:\/\/dev.claret.cat\/autor\/sergi-pamies\/","menu_order":0,"post_type":"autor","post_mime_type":"","comment_count":"0","filter":"raw"}]},"aioseo_notices":[],"_links":{"self":[{"href":"https:\/\/www.claret.cat\/es\/wp-json\/wp\/v2\/product\/238706","targetHints":{"allow":["GET"]}}],"collection":[{"href":"https:\/\/www.claret.cat\/es\/wp-json\/wp\/v2\/product"}],"about":[{"href":"https:\/\/www.claret.cat\/es\/wp-json\/wp\/v2\/types\/product"}],"wp:featuredmedia":[{"embeddable":true,"href":"https:\/\/www.claret.cat\/es\/wp-json\/wp\/v2\/media\/238707"}],"wp:attachment":[{"href":"https:\/\/www.claret.cat\/es\/wp-json\/wp\/v2\/media?parent=238706"}],"wp:term":[{"taxonomy":"product_brand","embeddable":true,"href":"https:\/\/www.claret.cat\/es\/wp-json\/wp\/v2\/product_brand?post=238706"},{"taxonomy":"product_cat","embeddable":true,"href":"https:\/\/www.claret.cat\/es\/wp-json\/wp\/v2\/product_cat?post=238706"},{"taxonomy":"product_tag","embeddable":true,"href":"https:\/\/www.claret.cat\/es\/wp-json\/wp\/v2\/product_tag?post=238706"}],"curies":[{"name":"wp","href":"https:\/\/api.w.org\/{rel}","templated":true}]}}