{"id":238724,"date":"2022-10-20T23:02:26","date_gmt":"2022-10-20T21:02:26","guid":{"rendered":"http:\/\/dev.claret.cat\/producte\/cristianismo-2\/"},"modified":"2023-01-28T07:26:36","modified_gmt":"2023-01-28T06:26:36","slug":"cristianismo-9788496976931","status":"publish","type":"product","link":"https:\/\/www.claret.cat\/es\/libro\/cristianismo-9788496976931\/","title":{"rendered":"CRISTIANISMO"},"content":{"rendered":"<p>En tiempo de zozobra hay que crear &#8216;anhelos de mar libre y ancho&#8217;. Existe hoy una impactante disparidad entre el conocimiento cient\u00edfico, la destreza tecnol\u00f3gica y el poder econ\u00f3mico; y por otra parte la sabidur\u00eda, la \u00e9tica c\u00edvica y la espiritualidad. La<\/p>\n","protected":false},"excerpt":{"rendered":"<p>GARC\u00cdA ROCA, JOAQU\u00cdN<\/p>\n","protected":false},"featured_media":238725,"template":"","meta":{"_acf_changed":false,"om_disable_all_campaigns":false,"rs_blank_template":"","rs_page_bg_color":"","slide_template_v7":"","inline_featured_image":false,"_monsterinsights_skip_tracking":false,"_monsterinsights_sitenote_active":false,"_monsterinsights_sitenote_note":"","_monsterinsights_sitenote_category":0},"product_brand":[],"product_cat":[79,94],"product_tag":[],"class_list":{"0":"post-238724","1":"product","2":"type-product","3":"status-publish","4":"has-post-thumbnail","6":"product_cat-espiritualitat","7":"product_cat-religions","9":"first","10":"instock","11":"taxable","12":"shipping-taxable","13":"purchasable","14":"product-type-simple"},"acf":{"autor":"GARC\u00cdA ROCA, JOAQU\u00cdN","codart":"849697693","libros-coleccion":"","ediciones":"1","encuadernacion":"R\u00fastica","fecha_de_publicacion":"01\/04\/2016","novedad":"0","paginas":"252","subtitulo":"NUEVOS HORIZONTES, VIEJAS FRONTERAS","orden":"999","portada":"0","idioma":"spa","autores-libros":[{"ID":159525,"post_author":"3","post_date":"2022-10-14 15:45:33","post_date_gmt":"2022-10-14 13:45:33","post_content":"","post_title":"JOAQU\u00cdN GARC\u00cdA ROCA","post_excerpt":"","post_status":"publish","comment_status":"closed","ping_status":"closed","post_password":"","post_name":"joaquin-garcia-roca","to_ping":"","pinged":"","post_modified":"2022-10-14 15:45:33","post_modified_gmt":"2022-10-14 13:45:33","post_content_filtered":"","post_parent":0,"guid":"http:\/\/dev.claret.cat\/autor\/joaquin-garcia-roca\/","menu_order":0,"post_type":"autor","post_mime_type":"","comment_count":"0","filter":"raw"}]},"aioseo_notices":[],"_links":{"self":[{"href":"https:\/\/www.claret.cat\/es\/wp-json\/wp\/v2\/product\/238724","targetHints":{"allow":["GET"]}}],"collection":[{"href":"https:\/\/www.claret.cat\/es\/wp-json\/wp\/v2\/product"}],"about":[{"href":"https:\/\/www.claret.cat\/es\/wp-json\/wp\/v2\/types\/product"}],"wp:featuredmedia":[{"embeddable":true,"href":"https:\/\/www.claret.cat\/es\/wp-json\/wp\/v2\/media\/238725"}],"wp:attachment":[{"href":"https:\/\/www.claret.cat\/es\/wp-json\/wp\/v2\/media?parent=238724"}],"wp:term":[{"taxonomy":"product_brand","embeddable":true,"href":"https:\/\/www.claret.cat\/es\/wp-json\/wp\/v2\/product_brand?post=238724"},{"taxonomy":"product_cat","embeddable":true,"href":"https:\/\/www.claret.cat\/es\/wp-json\/wp\/v2\/product_cat?post=238724"},{"taxonomy":"product_tag","embeddable":true,"href":"https:\/\/www.claret.cat\/es\/wp-json\/wp\/v2\/product_tag?post=238724"}],"curies":[{"name":"wp","href":"https:\/\/api.w.org\/{rel}","templated":true}]}}