{"id":238742,"date":"2022-10-20T23:02:53","date_gmt":"2022-10-20T21:02:53","guid":{"rendered":"http:\/\/dev.claret.cat\/producte\/ricitos-de-oro-y-los-tres-osos-2\/"},"modified":"2023-01-28T17:44:28","modified_gmt":"2023-01-28T16:44:28","slug":"ricitos-de-oro-y-los-tres-osos-9788416648009","status":"publish","type":"product","link":"https:\/\/www.claret.cat\/es\/libro\/ricitos-de-oro-y-los-tres-osos-9788416648009\/","title":{"rendered":"RICITOS DE ORO Y LOS TRES OSOS"},"content":{"rendered":"<p>\u00c9rase una vez un bosque, una caba\u00f1a, tres osos y una ni\u00f1ita muy curiosa llamada Ricitos de oro. Revive junto a los m\u00e1s peque\u00f1os de la casa la magia de los cuentos infantiles con estas historias cl\u00e1sicas bellamente ilustradas. Tras la lectura, pod\u00e9is seguir disfrutando con las adivinanzas que se incluyen al final del cuento.<\/p>\n","protected":false},"excerpt":{"rendered":"<p>FILIPEK, NINA<\/p>\n","protected":false},"featured_media":238743,"template":"","meta":{"_acf_changed":false,"om_disable_all_campaigns":false,"rs_blank_template":"","rs_page_bg_color":"","slide_template_v7":"","inline_featured_image":false,"_monsterinsights_skip_tracking":false,"_monsterinsights_sitenote_active":false,"_monsterinsights_sitenote_note":"","_monsterinsights_sitenote_category":0},"product_brand":[],"product_cat":[86],"product_tag":[],"class_list":{"0":"post-238742","1":"product","2":"type-product","3":"status-publish","4":"has-post-thumbnail","6":"product_cat-infantil","8":"first","9":"instock","10":"taxable","11":"shipping-taxable","12":"purchasable","13":"product-type-simple"},"acf":{"autor":"FILIPEK, NINA","codart":"841664800","libros-coleccion":"","ediciones":"1","encuadernacion":"Carton\u00e9","fecha_de_publicacion":"01\/04\/2016","novedad":"0","paginas":"32","subtitulo":"","orden":"999","portada":"0","idioma":"spa","editorial":[{"ID":6329,"post_author":"3","post_date":"2022-07-28 17:49:51","post_date_gmt":"2022-07-28 15:49:51","post_content":"","post_title":"PICARONA","post_excerpt":"","post_status":"publish","comment_status":"closed","ping_status":"closed","post_password":"","post_name":"picarona","to_ping":"","pinged":"","post_modified":"2022-07-28 17:49:51","post_modified_gmt":"2022-07-28 15:49:51","post_content_filtered":"","post_parent":0,"guid":"http:\/\/dev.claret.cat\/editorial\/picarona\/","menu_order":0,"post_type":"editorial","post_mime_type":"","comment_count":"0","filter":"raw"}]},"aioseo_notices":[],"_links":{"self":[{"href":"https:\/\/www.claret.cat\/es\/wp-json\/wp\/v2\/product\/238742","targetHints":{"allow":["GET"]}}],"collection":[{"href":"https:\/\/www.claret.cat\/es\/wp-json\/wp\/v2\/product"}],"about":[{"href":"https:\/\/www.claret.cat\/es\/wp-json\/wp\/v2\/types\/product"}],"wp:featuredmedia":[{"embeddable":true,"href":"https:\/\/www.claret.cat\/es\/wp-json\/wp\/v2\/media\/238743"}],"wp:attachment":[{"href":"https:\/\/www.claret.cat\/es\/wp-json\/wp\/v2\/media?parent=238742"}],"wp:term":[{"taxonomy":"product_brand","embeddable":true,"href":"https:\/\/www.claret.cat\/es\/wp-json\/wp\/v2\/product_brand?post=238742"},{"taxonomy":"product_cat","embeddable":true,"href":"https:\/\/www.claret.cat\/es\/wp-json\/wp\/v2\/product_cat?post=238742"},{"taxonomy":"product_tag","embeddable":true,"href":"https:\/\/www.claret.cat\/es\/wp-json\/wp\/v2\/product_tag?post=238742"}],"curies":[{"name":"wp","href":"https:\/\/api.w.org\/{rel}","templated":true}]}}