{"id":238757,"date":"2022-10-20T23:03:15","date_gmt":"2022-10-20T21:03:15","guid":{"rendered":"http:\/\/dev.claret.cat\/producte\/primer-jo-me-first\/"},"modified":"2023-01-28T08:34:00","modified_gmt":"2023-01-28T07:34:00","slug":"primer-jo-me-first-9788416648054","status":"publish","type":"product","link":"https:\/\/www.claret.cat\/es\/libro\/primer-jo-me-first-9788416648054\/","title":{"rendered":"PRIMER JO! ME FIRST!"},"content":{"rendered":"<p>Un conte per aprendre a esperar el teu torn.<\/p>\n<p> En Pinkerton \u00e9s un porquet que sempre vol ser el primer en tot. Durant una excursi\u00f3 amb els porcs-escoltes es posa al capdavant de tots amb l&#8221;esperan\u00e7a de tornar a menjar i es troba amb una estranya criatura m\u00e0gica que li ensenya una important\u00edssima (i tamb\u00e9 inoblidable) lli\u00e7\u00f3.<\/p>\n","protected":false},"excerpt":{"rendered":"<p>LESTER, HELEN \/ MUNSINGER, LYNN<\/p>\n","protected":false},"featured_media":238758,"template":"","meta":{"_acf_changed":false,"om_disable_all_campaigns":false,"rs_blank_template":"","rs_page_bg_color":"","slide_template_v7":"","inline_featured_image":false,"_monsterinsights_skip_tracking":false,"_monsterinsights_sitenote_active":false,"_monsterinsights_sitenote_note":"","_monsterinsights_sitenote_category":0},"product_brand":[],"product_cat":[86],"product_tag":[],"class_list":{"0":"post-238757","1":"product","2":"type-product","3":"status-publish","4":"has-post-thumbnail","6":"product_cat-infantil","8":"first","9":"instock","10":"taxable","11":"shipping-taxable","12":"purchasable","13":"product-type-simple"},"acf":{"autor":"LESTER, HELEN \/ MUNSINGER, LYNN","codart":"841664805","libros-coleccion":"","ediciones":"1","encuadernacion":"Carton\u00e9","fecha_de_publicacion":"01\/04\/2016","novedad":"0","paginas":"32","subtitulo":"","orden":"999","portada":"0","idioma":"cat","editorial":[{"ID":6329,"post_author":"3","post_date":"2022-07-28 17:49:51","post_date_gmt":"2022-07-28 15:49:51","post_content":"","post_title":"PICARONA","post_excerpt":"","post_status":"publish","comment_status":"closed","ping_status":"closed","post_password":"","post_name":"picarona","to_ping":"","pinged":"","post_modified":"2022-07-28 17:49:51","post_modified_gmt":"2022-07-28 15:49:51","post_content_filtered":"","post_parent":0,"guid":"http:\/\/dev.claret.cat\/editorial\/picarona\/","menu_order":0,"post_type":"editorial","post_mime_type":"","comment_count":"0","filter":"raw"}],"autores-libros":[{"ID":157451,"post_author":"3","post_date":"2022-10-14 15:28:56","post_date_gmt":"2022-10-14 13:28:56","post_content":"","post_title":"HELEN LESTER","post_excerpt":"","post_status":"publish","comment_status":"closed","ping_status":"closed","post_password":"","post_name":"helen-lester","to_ping":"","pinged":"","post_modified":"2022-10-14 15:28:56","post_modified_gmt":"2022-10-14 13:28:56","post_content_filtered":"","post_parent":0,"guid":"http:\/\/dev.claret.cat\/autor\/helen-lester\/","menu_order":0,"post_type":"autor","post_mime_type":"","comment_count":"0","filter":"raw"},{"ID":162841,"post_author":"3","post_date":"2022-10-14 17:34:14","post_date_gmt":"2022-10-14 15:34:14","post_content":"","post_title":"LYNN MUNSINGER","post_excerpt":"","post_status":"publish","comment_status":"closed","ping_status":"closed","post_password":"","post_name":"lynn-munsinger","to_ping":"","pinged":"","post_modified":"2022-10-14 17:34:14","post_modified_gmt":"2022-10-14 15:34:14","post_content_filtered":"","post_parent":0,"guid":"http:\/\/dev.claret.cat\/autor\/lynn-munsinger\/","menu_order":0,"post_type":"autor","post_mime_type":"","comment_count":"0","filter":"raw"}]},"aioseo_notices":[],"_links":{"self":[{"href":"https:\/\/www.claret.cat\/es\/wp-json\/wp\/v2\/product\/238757","targetHints":{"allow":["GET"]}}],"collection":[{"href":"https:\/\/www.claret.cat\/es\/wp-json\/wp\/v2\/product"}],"about":[{"href":"https:\/\/www.claret.cat\/es\/wp-json\/wp\/v2\/types\/product"}],"wp:featuredmedia":[{"embeddable":true,"href":"https:\/\/www.claret.cat\/es\/wp-json\/wp\/v2\/media\/238758"}],"wp:attachment":[{"href":"https:\/\/www.claret.cat\/es\/wp-json\/wp\/v2\/media?parent=238757"}],"wp:term":[{"taxonomy":"product_brand","embeddable":true,"href":"https:\/\/www.claret.cat\/es\/wp-json\/wp\/v2\/product_brand?post=238757"},{"taxonomy":"product_cat","embeddable":true,"href":"https:\/\/www.claret.cat\/es\/wp-json\/wp\/v2\/product_cat?post=238757"},{"taxonomy":"product_tag","embeddable":true,"href":"https:\/\/www.claret.cat\/es\/wp-json\/wp\/v2\/product_tag?post=238757"}],"curies":[{"name":"wp","href":"https:\/\/api.w.org\/{rel}","templated":true}]}}