{"id":238844,"date":"2022-10-20T23:05:20","date_gmt":"2022-10-20T21:05:20","guid":{"rendered":"http:\/\/dev.claret.cat\/producte\/ultimas-tardes-con-teresa\/"},"modified":"2023-01-28T02:35:07","modified_gmt":"2023-01-28T01:35:07","slug":"ultimas-tardes-con-teresa-9788432229060","status":"publish","type":"product","link":"https:\/\/www.claret.cat\/es\/libro\/ultimas-tardes-con-teresa-9788432229060\/","title":{"rendered":"\u00daLTIMAS TARDES CON TERESA"},"content":{"rendered":"<p>Incluye un pr\u00f3logo de Pere Gimferrer y un texto de Manuel V\u00e1zquez Montalb\u00e1n. Adem\u00e1s contiene un ap\u00e9ndice en el que se reproducen documentos y material in\u00e9dito de la censura en edici\u00f3n facsimilar.Todo un hito de la literatura espa\u00f1ola contempor\u00e1nea\u00a0en una nueva edici\u00f3n. El Pijoaparte,protagonista de esta novela, es\u00a0uno de esos raros y afortunados personajes\u00a0de ficci\u00f3n que han venido a incorporarse\u00a0a la imaginaci\u00f3n colectiva y al lenguaje\u00a0com\u00fan, como representaci\u00f3n magistral de\u00a0un tipo de la clase baja y marginada que\u00a0posee, con los atractivos de la juventud, el\u00a0descaro y la aspiraci\u00f3n de realizar un sue\u00f1o\u00a0de prestigio social concretado en Teresa,\u00a0la hermosa muchacha rubia, estudiante\u00a0e hija de la burgues\u00eda. La historia de amor\u00a0de la ni\u00f1a de buena familia y el joven charnego\u00a0enlazar\u00e1 todo un mundo de hampones\u00a0y burgueses, criadas e hijos de pap\u00e1\u00a0progresistas que configuran esta novela a\u00a0la vez rom\u00e1ntica y sarc\u00e1stica, dura e ideal,\u00a0galardonada con el Premio Biblioteca Breve\u00a0en 1965 y publicada ahora con las \u00faltimas\u00a0correcciones de su autor.<\/p>\n","protected":false},"excerpt":{"rendered":"<p>MARS\u00c9, JUAN<\/p>\n","protected":false},"featured_media":238845,"template":"","meta":{"_acf_changed":false,"om_disable_all_campaigns":false,"rs_blank_template":"","rs_page_bg_color":"","slide_template_v7":"","inline_featured_image":false,"_monsterinsights_skip_tracking":false,"_monsterinsights_sitenote_active":false,"_monsterinsights_sitenote_note":"","_monsterinsights_sitenote_category":0},"product_brand":[],"product_cat":[87],"product_tag":[],"class_list":{"0":"post-238844","1":"product","2":"type-product","3":"status-publish","4":"has-post-thumbnail","6":"product_cat-literatura","8":"first","9":"instock","10":"taxable","11":"shipping-taxable","12":"purchasable","13":"product-type-simple"},"acf":{"autor":"MARS\u00c9, JUAN","codart":"843222906","libros-coleccion":"","ediciones":"1","encuadernacion":"R\u00fastica","fecha_de_publicacion":"01\/04\/2016","novedad":"0","paginas":"456","subtitulo":"","orden":"999","portada":"0","idioma":"spa","autores-libros":[{"ID":161120,"post_author":"3","post_date":"2022-10-14 17:15:40","post_date_gmt":"2022-10-14 15:15:40","post_content":"","post_title":"JUAN MARSE","post_excerpt":"","post_status":"publish","comment_status":"closed","ping_status":"closed","post_password":"","post_name":"juan-marse","to_ping":"","pinged":"","post_modified":"2022-10-14 17:15:40","post_modified_gmt":"2022-10-14 15:15:40","post_content_filtered":"","post_parent":0,"guid":"http:\/\/dev.claret.cat\/autor\/juan-marse\/","menu_order":0,"post_type":"autor","post_mime_type":"","comment_count":"0","filter":"raw"}]},"aioseo_notices":[],"_links":{"self":[{"href":"https:\/\/www.claret.cat\/es\/wp-json\/wp\/v2\/product\/238844","targetHints":{"allow":["GET"]}}],"collection":[{"href":"https:\/\/www.claret.cat\/es\/wp-json\/wp\/v2\/product"}],"about":[{"href":"https:\/\/www.claret.cat\/es\/wp-json\/wp\/v2\/types\/product"}],"wp:featuredmedia":[{"embeddable":true,"href":"https:\/\/www.claret.cat\/es\/wp-json\/wp\/v2\/media\/238845"}],"wp:attachment":[{"href":"https:\/\/www.claret.cat\/es\/wp-json\/wp\/v2\/media?parent=238844"}],"wp:term":[{"taxonomy":"product_brand","embeddable":true,"href":"https:\/\/www.claret.cat\/es\/wp-json\/wp\/v2\/product_brand?post=238844"},{"taxonomy":"product_cat","embeddable":true,"href":"https:\/\/www.claret.cat\/es\/wp-json\/wp\/v2\/product_cat?post=238844"},{"taxonomy":"product_tag","embeddable":true,"href":"https:\/\/www.claret.cat\/es\/wp-json\/wp\/v2\/product_tag?post=238844"}],"curies":[{"name":"wp","href":"https:\/\/api.w.org\/{rel}","templated":true}]}}