{"id":238877,"date":"2022-10-20T23:06:09","date_gmt":"2022-10-20T21:06:09","guid":{"rendered":"http:\/\/dev.claret.cat\/producte\/el-tesorero-contra-jimmy-el-cachondo-la-familia-trapisonda-ro-spa\/"},"modified":"2023-01-28T17:45:36","modified_gmt":"2023-01-28T16:45:36","slug":"el-tesorero-contra-jimmy-el-cachondo-la-familia-trapisonda-ro-spa-9788466656665","status":"publish","type":"product","link":"https:\/\/www.claret.cat\/es\/libro\/el-tesorero-contra-jimmy-el-cachondo-la-familia-trapisonda-ro-spa-9788466656665\/","title":{"rendered":"EL TESORERO \/ CONTRA JIMMY EL &#8220;CACHONDO&#8221; \/ LA FAMILIA TRAPISONDA \/ RO (SPA)"},"content":{"rendered":"<p>\u00c1lbum que recopila las aventuras de Mortadelo y Filem\u00f3n El tesorero, en la que los agentes de la T.I.A. tienen la misi\u00f3n de seguir al ex tesorero del partido Papilar para descubrir d\u00f3nde oculta los fondos que ha sustra\u00eddo de las arcas del partido, Contra Jimmy &ldquo;el Cachondo&rdquo;, en la que se enfrentar\u00e1n a un conocido malhechor que pretende ridiculizar a la T.I.A., una recopilaci\u00f3n de las aventuras de La Familia Trapisonda no publicadas desde hace m\u00e1s de cuarenta a\u00f1os, y una antolog\u00eda de Rompetechos, el personaje favorito de Francisco Ib\u00e1\u00f1ez.<\/p>\n","protected":false},"excerpt":{"rendered":"<p>IB\u00c1\u00d1EZ TALAVERA, FRANCISCO<\/p>\n","protected":false},"featured_media":238878,"template":"","meta":{"_acf_changed":false,"om_disable_all_campaigns":false,"rs_blank_template":"","rs_page_bg_color":"","slide_template_v7":"","inline_featured_image":false,"_monsterinsights_skip_tracking":false,"_monsterinsights_sitenote_active":false,"_monsterinsights_sitenote_note":"","_monsterinsights_sitenote_category":0},"product_brand":[],"product_cat":[108,86],"product_tag":[],"class_list":{"0":"post-238877","1":"product","2":"type-product","3":"status-publish","4":"has-post-thumbnail","6":"product_cat-comic","7":"product_cat-infantil","9":"first","10":"instock","11":"taxable","12":"shipping-taxable","13":"purchasable","14":"product-type-simple"},"acf":{"autor":"IB\u00c1\u00d1EZ TALAVERA, FRANCISCO","codart":"846665666","libros-coleccion":"","ediciones":"1","encuadernacion":"Carton\u00e9","fecha_de_publicacion":"31\/03\/2016","novedad":"0","paginas":"192","subtitulo":"","orden":"999","portada":"0","idioma":"spa","editorial":[{"ID":147506,"post_author":"3","post_date":"2022-10-14 11:51:06","post_date_gmt":"2022-10-14 09:51:06","post_content":"","post_title":"B EDICIONES","post_excerpt":"","post_status":"publish","comment_status":"closed","ping_status":"closed","post_password":"","post_name":"b-ediciones","to_ping":"","pinged":"","post_modified":"2022-10-14 11:51:06","post_modified_gmt":"2022-10-14 09:51:06","post_content_filtered":"","post_parent":0,"guid":"http:\/\/dev.claret.cat\/editorial\/b-ediciones\/","menu_order":0,"post_type":"editorial","post_mime_type":"","comment_count":"0","filter":"raw"}]},"aioseo_notices":[],"_links":{"self":[{"href":"https:\/\/www.claret.cat\/es\/wp-json\/wp\/v2\/product\/238877","targetHints":{"allow":["GET"]}}],"collection":[{"href":"https:\/\/www.claret.cat\/es\/wp-json\/wp\/v2\/product"}],"about":[{"href":"https:\/\/www.claret.cat\/es\/wp-json\/wp\/v2\/types\/product"}],"wp:featuredmedia":[{"embeddable":true,"href":"https:\/\/www.claret.cat\/es\/wp-json\/wp\/v2\/media\/238878"}],"wp:attachment":[{"href":"https:\/\/www.claret.cat\/es\/wp-json\/wp\/v2\/media?parent=238877"}],"wp:term":[{"taxonomy":"product_brand","embeddable":true,"href":"https:\/\/www.claret.cat\/es\/wp-json\/wp\/v2\/product_brand?post=238877"},{"taxonomy":"product_cat","embeddable":true,"href":"https:\/\/www.claret.cat\/es\/wp-json\/wp\/v2\/product_cat?post=238877"},{"taxonomy":"product_tag","embeddable":true,"href":"https:\/\/www.claret.cat\/es\/wp-json\/wp\/v2\/product_tag?post=238877"}],"curies":[{"name":"wp","href":"https:\/\/api.w.org\/{rel}","templated":true}]}}