{"id":238973,"date":"2022-10-20T23:08:29","date_gmt":"2022-10-20T21:08:29","guid":{"rendered":"http:\/\/dev.claret.cat\/producte\/tapas-la-cocina-del-tickets\/"},"modified":"2025-02-04T18:23:41","modified_gmt":"2025-02-04T17:23:41","slug":"tapas-la-cocina-del-tickets-9788490560051","status":"publish","type":"product","link":"https:\/\/www.claret.cat\/es\/libro\/tapas-la-cocina-del-tickets-9788490560051\/","title":{"rendered":"TAPAS, LA COCINA DEL TICKETS"},"content":{"rendered":"<p>El restaurante Tickets, en Barcelona, es &#8216;un Bulli de barrio&#8217;, como lo ha definido su creador, Albert Adri\u00e0.<br \/>  Para este prestigioso chef, el tapeo est\u00e1 indudablemente asociado a la fiesta, la sorpresa y la variedad. En Tickets,<br \/> comer de tapas es m\u00e1s que una forma de alimentarse, es una filosof\u00eda de cocina y de vida. Albert Adri\u00e0 nos invita a<br \/> probar en nuestras casas esta experiencia gastron\u00f3mica y cocina para nosotros las tapas emblem\u00e1ticas de su restaurante.<\/p>\n","protected":false},"excerpt":{"rendered":"<p>ADRIA ACOSTA, ALBERT<\/p>\n","protected":false},"featured_media":238974,"template":"","meta":{"_acf_changed":false,"om_disable_all_campaigns":false,"rs_blank_template":"","rs_page_bg_color":"","slide_template_v7":"","inline_featured_image":false,"_monsterinsights_skip_tracking":false,"_monsterinsights_sitenote_active":false,"_monsterinsights_sitenote_note":"","_monsterinsights_sitenote_category":0},"product_brand":[],"product_cat":[553,103],"product_tag":[],"class_list":{"0":"post-238973","1":"product","2":"type-product","3":"status-publish","4":"has-post-thumbnail","6":"product_cat-cocina","7":"product_cat-cuina","9":"first","10":"instock","11":"taxable","12":"shipping-taxable","13":"purchasable","14":"product-type-simple"},"acf":{"autor":"ADRIA ACOSTA, ALBERT","codart":"849056005","libros-coleccion":"","ediciones":"1","encuadernacion":"Carton\u00e9","fecha_de_publicacion":"31\/03\/2016","novedad":"0","paginas":"176","subtitulo":"","orden":"999","portada":"0","idioma":"spa","editorial":[{"ID":8268,"post_author":"3","post_date":"2022-09-30 09:21:37","post_date_gmt":"2022-09-30 07:21:37","post_content":"","post_title":"RBA LIBROS SA.","post_excerpt":"","post_status":"publish","comment_status":"closed","ping_status":"closed","post_password":"","post_name":"rba-libros-sa","to_ping":"","pinged":"","post_modified":"2022-09-30 09:21:37","post_modified_gmt":"2022-09-30 07:21:37","post_content_filtered":"","post_parent":0,"guid":"http:\/\/dev.claret.cat\/editorial\/rba-libros-sa\/","menu_order":0,"post_type":"editorial","post_mime_type":"","comment_count":"0","filter":"raw"}],"autores-libros":[{"ID":262891,"post_author":"3","post_date":"2022-12-01 11:09:29","post_date_gmt":"2022-12-01 10:09:29","post_content":"","post_title":"ALBERT ADRIA ACOSTA","post_excerpt":"","post_status":"publish","comment_status":"closed","ping_status":"closed","post_password":"","post_name":"albert-adria-acosta","to_ping":"","pinged":"","post_modified":"2022-12-01 11:09:29","post_modified_gmt":"2022-12-01 10:09:29","post_content_filtered":"","post_parent":0,"guid":"http:\/\/dev.claret.cat\/autor\/albert-adria-acosta\/","menu_order":0,"post_type":"autor","post_mime_type":"","comment_count":"0","filter":"raw"}]},"aioseo_notices":[],"_links":{"self":[{"href":"https:\/\/www.claret.cat\/es\/wp-json\/wp\/v2\/product\/238973","targetHints":{"allow":["GET"]}}],"collection":[{"href":"https:\/\/www.claret.cat\/es\/wp-json\/wp\/v2\/product"}],"about":[{"href":"https:\/\/www.claret.cat\/es\/wp-json\/wp\/v2\/types\/product"}],"wp:featuredmedia":[{"embeddable":true,"href":"https:\/\/www.claret.cat\/es\/wp-json\/wp\/v2\/media\/238974"}],"wp:attachment":[{"href":"https:\/\/www.claret.cat\/es\/wp-json\/wp\/v2\/media?parent=238973"}],"wp:term":[{"taxonomy":"product_brand","embeddable":true,"href":"https:\/\/www.claret.cat\/es\/wp-json\/wp\/v2\/product_brand?post=238973"},{"taxonomy":"product_cat","embeddable":true,"href":"https:\/\/www.claret.cat\/es\/wp-json\/wp\/v2\/product_cat?post=238973"},{"taxonomy":"product_tag","embeddable":true,"href":"https:\/\/www.claret.cat\/es\/wp-json\/wp\/v2\/product_tag?post=238973"}],"curies":[{"name":"wp","href":"https:\/\/api.w.org\/{rel}","templated":true}]}}