{"id":239003,"date":"2022-10-20T23:09:10","date_gmt":"2022-10-20T21:09:10","guid":{"rendered":"http:\/\/dev.claret.cat\/producte\/las-puertas-de-la-percepcion\/"},"modified":"2023-01-28T13:11:10","modified_gmt":"2023-01-28T12:11:10","slug":"las-puertas-de-la-percepcion-9788435018609","status":"publish","type":"product","link":"https:\/\/www.claret.cat\/es\/libro\/las-puertas-de-la-percepcion-9788435018609\/","title":{"rendered":"LAS PUERTAS DE LA PERCEPCI\u00d3N"},"content":{"rendered":"<p>NUEVO FORMATO. Aldous Huxley, uno de los intelectuales m\u00e1s osados de nuestro tiempo, recoge en este libro dos art\u00edculos acerca de las drogas alucin\u00f3genas y su influencia en diversas manifestaciones art\u00edsticas, de la pintura a la literatura. A trav\u00e9s de la documentaci\u00f3n disponible en los a\u00f1os cincuenta y del testimonio de m\u00e9dicos y cient\u00edficos que hab\u00edan experimentado con las drogas, Huxley relata la historia del peyotl, su consideraci\u00f3n social en las viejas culturas americanas y narra sus propias experiencias con alucin\u00f3genos. Una obra fundamental en el debate sobre las drogas.<\/p>\n","protected":false},"excerpt":{"rendered":"<p>HUXLEY, ALDOUS<\/p>\n","protected":false},"featured_media":239004,"template":"","meta":{"_acf_changed":false,"om_disable_all_campaigns":false,"rs_blank_template":"","rs_page_bg_color":"","slide_template_v7":"","inline_featured_image":false,"_monsterinsights_skip_tracking":false,"_monsterinsights_sitenote_active":false,"_monsterinsights_sitenote_note":"","_monsterinsights_sitenote_category":0},"product_brand":[],"product_cat":[16],"product_tag":[],"class_list":{"0":"post-239003","1":"product","2":"type-product","3":"status-publish","4":"has-post-thumbnail","6":"product_cat-sense-categoria","8":"first","9":"instock","10":"taxable","11":"shipping-taxable","12":"purchasable","13":"product-type-simple"},"acf":{"autor":"HUXLEY, ALDOUS","codart":"843501860","libros-coleccion":"","ediciones":"1","encuadernacion":"R\u00fastica","fecha_de_publicacion":"30\/03\/2016","novedad":"0","paginas":"0","subtitulo":"","orden":"999","portada":"0","idioma":"spa","editorial":[{"ID":147773,"post_author":"3","post_date":"2022-10-14 11:53:07","post_date_gmt":"2022-10-14 09:53:07","post_content":"","post_title":"EDHASA","post_excerpt":"","post_status":"publish","comment_status":"closed","ping_status":"closed","post_password":"","post_name":"edhasa","to_ping":"","pinged":"","post_modified":"2022-10-14 11:53:07","post_modified_gmt":"2022-10-14 09:53:07","post_content_filtered":"","post_parent":0,"guid":"http:\/\/dev.claret.cat\/editorial\/edhasa\/","menu_order":0,"post_type":"editorial","post_mime_type":"","comment_count":"0","filter":"raw"}],"autores-libros":[{"ID":149539,"post_author":"3","post_date":"2022-10-14 14:25:42","post_date_gmt":"2022-10-14 12:25:42","post_content":"","post_title":"ALDOUS HUXLEY","post_excerpt":"","post_status":"publish","comment_status":"closed","ping_status":"closed","post_password":"","post_name":"aldous-huxley","to_ping":"","pinged":"","post_modified":"2022-10-14 14:25:42","post_modified_gmt":"2022-10-14 12:25:42","post_content_filtered":"","post_parent":0,"guid":"http:\/\/dev.claret.cat\/autor\/aldous-huxley\/","menu_order":0,"post_type":"autor","post_mime_type":"","comment_count":"0","filter":"raw"}]},"aioseo_notices":[],"_links":{"self":[{"href":"https:\/\/www.claret.cat\/es\/wp-json\/wp\/v2\/product\/239003","targetHints":{"allow":["GET"]}}],"collection":[{"href":"https:\/\/www.claret.cat\/es\/wp-json\/wp\/v2\/product"}],"about":[{"href":"https:\/\/www.claret.cat\/es\/wp-json\/wp\/v2\/types\/product"}],"wp:featuredmedia":[{"embeddable":true,"href":"https:\/\/www.claret.cat\/es\/wp-json\/wp\/v2\/media\/239004"}],"wp:attachment":[{"href":"https:\/\/www.claret.cat\/es\/wp-json\/wp\/v2\/media?parent=239003"}],"wp:term":[{"taxonomy":"product_brand","embeddable":true,"href":"https:\/\/www.claret.cat\/es\/wp-json\/wp\/v2\/product_brand?post=239003"},{"taxonomy":"product_cat","embeddable":true,"href":"https:\/\/www.claret.cat\/es\/wp-json\/wp\/v2\/product_cat?post=239003"},{"taxonomy":"product_tag","embeddable":true,"href":"https:\/\/www.claret.cat\/es\/wp-json\/wp\/v2\/product_tag?post=239003"}],"curies":[{"name":"wp","href":"https:\/\/api.w.org\/{rel}","templated":true}]}}