{"id":239277,"date":"2022-10-20T23:15:53","date_gmt":"2022-10-20T21:15:53","guid":{"rendered":"http:\/\/dev.claret.cat\/producte\/vladimir-pintor-de-nubes\/"},"modified":"2024-10-24T11:45:33","modified_gmt":"2024-10-24T09:45:33","slug":"vladimir-pintor-de-nubes-9788415458876","status":"publish","type":"product","link":"https:\/\/www.claret.cat\/es\/libro\/vladimir-pintor-de-nubes-9788415458876\/","title":{"rendered":"VLADIMIR, PINTOR DE NUBES"},"content":{"rendered":"<p>Rainer Maria Rilke nos ofrece unas historias desgarradoras y fieramente humanas, unos textos de extraordinaria intensidad dram\u00e1tica y finales sorpresivos e inigualables. El tono de estos relatos, intensamente po\u00e9tico, conjura en determinados pasajes a la mas alta literatura, gracias, tambi\u00e9n, al pulso narrativo, apasionado pero entretenido, que el autor nos regala. Habilidad, originalidad y maestr\u00eda son las cualidades que Rilke despliega en estas ficciones, en las que unas tramas \u00fanicas y unos personajes inolvidables convierten a estos cuentos en peque\u00f1os tesoros de la literatura universal.<\/p>\n","protected":false},"excerpt":{"rendered":"<p>RILKE, RAINER MARIA<\/p>\n","protected":false},"featured_media":239278,"template":"","meta":{"_acf_changed":false,"om_disable_all_campaigns":false,"rs_blank_template":"","rs_page_bg_color":"","slide_template_v7":"","inline_featured_image":false,"_monsterinsights_skip_tracking":false,"_monsterinsights_sitenote_active":false,"_monsterinsights_sitenote_note":"","_monsterinsights_sitenote_category":0},"product_brand":[],"product_cat":[87,353],"product_tag":[],"class_list":{"0":"post-239277","1":"product","2":"type-product","3":"status-publish","4":"has-post-thumbnail","6":"product_cat-literatura","7":"product_cat-literatura-2_humanidades","9":"first","10":"instock","11":"taxable","12":"shipping-taxable","13":"purchasable","14":"product-type-simple"},"acf":{"autor":"RILKE, RAINER MARIA","codart":"841545887","libros-coleccion":"","ediciones":"1","encuadernacion":"R\u00fastica","fecha_de_publicacion":"23\/03\/2016","novedad":"0","paginas":"107","subtitulo":"","orden":"999","portada":"0","idioma":"spa","autores-libros":[{"ID":167654,"post_author":"3","post_date":"2022-10-14 18:12:56","post_date_gmt":"2022-10-14 16:12:56","post_content":"","post_title":"RAINER MARIA RILKE","post_excerpt":"","post_status":"publish","comment_status":"closed","ping_status":"closed","post_password":"","post_name":"rainer-maria-rilke","to_ping":"","pinged":"","post_modified":"2022-10-14 18:12:56","post_modified_gmt":"2022-10-14 16:12:56","post_content_filtered":"","post_parent":0,"guid":"http:\/\/dev.claret.cat\/autor\/rainer-maria-rilke\/","menu_order":0,"post_type":"autor","post_mime_type":"","comment_count":"0","filter":"raw"}],"editorial":[{"ID":262106,"post_author":"3","post_date":"2022-10-24 11:20:01","post_date_gmt":"2022-10-24 09:20:01","post_content":"","post_title":"ENEIDA, EDICIONES","post_excerpt":"","post_status":"publish","comment_status":"closed","ping_status":"closed","post_password":"","post_name":"eneida-ediciones","to_ping":"","pinged":"","post_modified":"2022-10-24 11:20:01","post_modified_gmt":"2022-10-24 09:20:01","post_content_filtered":"","post_parent":0,"guid":"http:\/\/dev.claret.cat\/editorial\/eneida-ediciones\/","menu_order":0,"post_type":"editorial","post_mime_type":"","comment_count":"0","filter":"raw"}]},"aioseo_notices":[],"_links":{"self":[{"href":"https:\/\/www.claret.cat\/es\/wp-json\/wp\/v2\/product\/239277","targetHints":{"allow":["GET"]}}],"collection":[{"href":"https:\/\/www.claret.cat\/es\/wp-json\/wp\/v2\/product"}],"about":[{"href":"https:\/\/www.claret.cat\/es\/wp-json\/wp\/v2\/types\/product"}],"wp:featuredmedia":[{"embeddable":true,"href":"https:\/\/www.claret.cat\/es\/wp-json\/wp\/v2\/media\/239278"}],"wp:attachment":[{"href":"https:\/\/www.claret.cat\/es\/wp-json\/wp\/v2\/media?parent=239277"}],"wp:term":[{"taxonomy":"product_brand","embeddable":true,"href":"https:\/\/www.claret.cat\/es\/wp-json\/wp\/v2\/product_brand?post=239277"},{"taxonomy":"product_cat","embeddable":true,"href":"https:\/\/www.claret.cat\/es\/wp-json\/wp\/v2\/product_cat?post=239277"},{"taxonomy":"product_tag","embeddable":true,"href":"https:\/\/www.claret.cat\/es\/wp-json\/wp\/v2\/product_tag?post=239277"}],"curies":[{"name":"wp","href":"https:\/\/api.w.org\/{rel}","templated":true}]}}