{"id":239292,"date":"2022-10-20T23:16:13","date_gmt":"2022-10-20T21:16:13","guid":{"rendered":"http:\/\/dev.claret.cat\/producte\/sed-misericordiosos-cd\/"},"modified":"2024-05-02T18:06:10","modified_gmt":"2024-05-02T16:06:10","slug":"sed-misericordiosos-cd-9782142009165","status":"publish","type":"product","link":"https:\/\/www.claret.cat\/es\/libro\/sed-misericordiosos-cd-9782142009165\/","title":{"rendered":"\u00a1SED MISERICORDIOSOS! &#8211; CD"},"content":{"rendered":"<p>Un CD recopilatorio de las m\u00e1s conocidas canciones sobre la misericordia y el amor de Dios de los grandes compositores de m\u00fasica lit\u00fargica de SAN PABLO Joaqu\u00edn Madurga, Francisco Palaz\u00f3n, Ignacio Yepes, Ces\u00e1reo Gabar\u00e1in y Antonio Alcalde, editado con motivo del A\u00f1o Jubilar de la Misericordia. Son 19 canciones inspiradas en salmos, en textos de santos y en pasajes b\u00edblicos, que hablan de la misericordia, del amor y el perd\u00f3n infinitos de Dios Padre.<\/p>\n","protected":false},"excerpt":{"rendered":"<p>SAN PABLO<\/p>\n","protected":false},"featured_media":329494,"template":"","meta":{"_acf_changed":false,"om_disable_all_campaigns":false,"rs_blank_template":"","rs_page_bg_color":"","slide_template_v7":"","inline_featured_image":false,"_monsterinsights_skip_tracking":false,"_monsterinsights_sitenote_active":false,"_monsterinsights_sitenote_note":"","_monsterinsights_sitenote_category":0},"product_brand":[],"product_cat":[88,423],"product_tag":[],"class_list":{"0":"post-239292","1":"product","2":"type-product","3":"status-publish","4":"has-post-thumbnail","6":"product_cat-multimedia","7":"product_cat-multimedia-5_otras","9":"first","10":"instock","11":"taxable","12":"shipping-taxable","13":"purchasable","14":"product-type-simple"},"acf":{"autor":"SAN PABLO","codart":"214200916","libros-coleccion":"","ediciones":"1","encuadernacion":"R\u00fastica","fecha_de_publicacion":"22\/03\/2016","novedad":"0","paginas":"1","subtitulo":"RECOPILATORIO DE GRANDES AUTORES","orden":"999","portada":"0","idioma":"spa","editorial":[{"ID":6356,"post_author":"3","post_date":"2022-07-28 17:50:26","post_date_gmt":"2022-07-28 15:50:26","post_content":"","post_title":"SAN PABLO COMUNICACI\u00d3N","post_excerpt":"","post_status":"publish","comment_status":"closed","ping_status":"closed","post_password":"","post_name":"san-pablo-comunicacion","to_ping":"","pinged":"","post_modified":"2022-07-28 17:50:26","post_modified_gmt":"2022-07-28 15:50:26","post_content_filtered":"","post_parent":0,"guid":"http:\/\/dev.claret.cat\/editorial\/san-pablo-comunicacion\/","menu_order":0,"post_type":"editorial","post_mime_type":"","comment_count":"0","filter":"raw"}],"autores-libros":[{"ID":155233,"post_author":"3","post_date":"2022-10-14 15:11:12","post_date_gmt":"2022-10-14 13:11:12","post_content":"","post_title":"EQUIPO SAN PABLO","post_excerpt":"","post_status":"publish","comment_status":"closed","ping_status":"closed","post_password":"","post_name":"equipo-san-pablo","to_ping":"","pinged":"","post_modified":"2022-10-14 15:11:12","post_modified_gmt":"2022-10-14 13:11:12","post_content_filtered":"","post_parent":0,"guid":"http:\/\/dev.claret.cat\/autor\/equipo-san-pablo\/","menu_order":0,"post_type":"autor","post_mime_type":"","comment_count":"0","filter":"raw"}]},"aioseo_notices":[],"_links":{"self":[{"href":"https:\/\/www.claret.cat\/es\/wp-json\/wp\/v2\/product\/239292","targetHints":{"allow":["GET"]}}],"collection":[{"href":"https:\/\/www.claret.cat\/es\/wp-json\/wp\/v2\/product"}],"about":[{"href":"https:\/\/www.claret.cat\/es\/wp-json\/wp\/v2\/types\/product"}],"wp:featuredmedia":[{"embeddable":true,"href":"https:\/\/www.claret.cat\/es\/wp-json\/wp\/v2\/media\/329494"}],"wp:attachment":[{"href":"https:\/\/www.claret.cat\/es\/wp-json\/wp\/v2\/media?parent=239292"}],"wp:term":[{"taxonomy":"product_brand","embeddable":true,"href":"https:\/\/www.claret.cat\/es\/wp-json\/wp\/v2\/product_brand?post=239292"},{"taxonomy":"product_cat","embeddable":true,"href":"https:\/\/www.claret.cat\/es\/wp-json\/wp\/v2\/product_cat?post=239292"},{"taxonomy":"product_tag","embeddable":true,"href":"https:\/\/www.claret.cat\/es\/wp-json\/wp\/v2\/product_tag?post=239292"}],"curies":[{"name":"wp","href":"https:\/\/api.w.org\/{rel}","templated":true}]}}