{"id":239298,"date":"2022-10-20T23:16:22","date_gmt":"2022-10-20T21:16:22","guid":{"rendered":"http:\/\/dev.claret.cat\/producte\/fitxes-youcat\/"},"modified":"2026-03-03T18:50:24","modified_gmt":"2026-03-03T17:50:24","slug":"fitxes-youcat-9788498469523","status":"publish","type":"product","link":"https:\/\/www.claret.cat\/es\/libro\/fitxes-youcat-9788498469523\/","title":{"rendered":"FITXES &#8211;  YOUCAT"},"content":{"rendered":"<p>Les fitxes Youcat \u00e9s un projecte realitzat per la delegaci\u00f3 de joventut de Barcelona i amb el suport del SIJ, nascut fa gaireb\u00e9 4 anys, que ara veu la llum amb un nou format i amb la col\u00b7laboraci\u00f3 de l\u2019Editorial Claret. Darrera la seva autoria no hi ha grans te\u00f2legs, sin\u00f3 un grup de joves cristians que un dia van acceptar el repte d\u2019elaborar un material adequat pels joves d\u2019avui, a partir del Youcat. Aquestes fitxes s\u00f3n fruit de moltes hores de reunions i sobretot moltes ganes que els joves del segle XXI comprenguin i visquin amb joia el gran tresor de la fe. A tot aquest gran i inoblidable equip va dedicada aquest publicaci\u00f3.<\/p>\n<p>La joventut \u00e9s l\u2019edat de posar-ho tot en dubte i de plantejar-se les grans preguntes. Per a respondre a aquestes inquietuds es public\u00e0 l\u2019any 2011 el Youcat, una inculturaci\u00f3 del catecisme en el continent juvenil, com diu Benet XVI al pr\u00f2leg. El seu format de preguntes i respostes responia a aquesta filosofia. Tot i aix\u00f2 no deixava de ser un catecisme, i per treballar amb grups de joves no resultava tan senzill. Aix\u00ed va n\u00e9ixer la idea de les Fitxes Youcat, que no pretenen substituir el Youcat, sin\u00f3 ser una ajuda per a facilitar el seu treball en grups de joves, catequesis de confirmaci\u00f3 o classes de religi\u00f3 en escoles.<\/p>\n<p>Concretament les fitxes Youcat consten de 25 fitxes que tracten temes tan diversos com; L\u2019origen de l\u2019univers i de la vida, Raons per creure o no creure, La hist\u00f2ria de la redempci\u00f3, el Misteri de la Sant\u00edssima Trinitat, La Mare de D\u00e9u, L\u2019Esperit Sant, Ecumenisme i di\u00e0leg interreligi\u00f3s, La comuni\u00f3 dels sants, Judici final i resurrecci\u00f3 dels morts&#8230; entre d\u2019altres q\u00fcestions.<\/p>\n","protected":false},"excerpt":{"rendered":"<p>CLARET<\/p>\n","protected":false},"featured_media":384205,"template":"","meta":{"_acf_changed":false,"om_disable_all_campaigns":false,"rs_blank_template":"","rs_page_bg_color":"","slide_template_v7":"","inline_featured_image":false,"_monsterinsights_skip_tracking":false,"_monsterinsights_sitenote_active":false,"_monsterinsights_sitenote_note":"","_monsterinsights_sitenote_category":0},"product_brand":[],"product_cat":[77,343,581],"product_tag":[],"class_list":{"0":"post-239298","1":"product","2":"type-product","3":"status-publish","4":"has-post-thumbnail","6":"product_cat-catequesi","7":"product_cat-catequesis","8":"product_cat-editorial-claret","10":"first","11":"instock","12":"taxable","13":"shipping-taxable","14":"purchasable","15":"product-type-simple"},"acf":{"autor":"CLARET","codart":"849846952","libros-coleccion":"","ediciones":"1","encuadernacion":"Carpeta","fecha_de_publicacion":"22\/03\/2016","novedad":"0","paginas":"25","subtitulo":"","orden":"999","portada":"0","idioma":"cat","editorial":[{"ID":6158,"post_author":"3","post_date":"2022-07-28 17:46:08","post_date_gmt":"2022-07-28 15:46:08","post_content":"","post_title":"CLARET","post_excerpt":"","post_status":"publish","comment_status":"closed","ping_status":"closed","post_password":"","post_name":"claret","to_ping":"","pinged":"","post_modified":"2022-07-28 17:46:08","post_modified_gmt":"2022-07-28 15:46:08","post_content_filtered":"","post_parent":0,"guid":"http:\/\/dev.claret.cat\/editorial\/claret\/","menu_order":0,"post_type":"editorial","post_mime_type":"","comment_count":"0","filter":"raw"}],"autores-libros":[{"ID":5358,"post_author":"3","post_date":"2022-07-28 17:22:16","post_date_gmt":"2022-07-28 15:22:16","post_content":"","post_title":"CLARET","post_excerpt":"","post_status":"publish","comment_status":"closed","ping_status":"closed","post_password":"","post_name":"claret","to_ping":"","pinged":"","post_modified":"2022-07-28 17:22:16","post_modified_gmt":"2022-07-28 15:22:16","post_content_filtered":"","post_parent":0,"guid":"http:\/\/dev.claret.cat\/autor\/claret\/","menu_order":0,"post_type":"autor","post_mime_type":"","comment_count":"0","filter":"raw"}],"booktrailer":"","resenas":""},"aioseo_notices":[],"_links":{"self":[{"href":"https:\/\/www.claret.cat\/es\/wp-json\/wp\/v2\/product\/239298","targetHints":{"allow":["GET"]}}],"collection":[{"href":"https:\/\/www.claret.cat\/es\/wp-json\/wp\/v2\/product"}],"about":[{"href":"https:\/\/www.claret.cat\/es\/wp-json\/wp\/v2\/types\/product"}],"wp:featuredmedia":[{"embeddable":true,"href":"https:\/\/www.claret.cat\/es\/wp-json\/wp\/v2\/media\/384205"}],"wp:attachment":[{"href":"https:\/\/www.claret.cat\/es\/wp-json\/wp\/v2\/media?parent=239298"}],"wp:term":[{"taxonomy":"product_brand","embeddable":true,"href":"https:\/\/www.claret.cat\/es\/wp-json\/wp\/v2\/product_brand?post=239298"},{"taxonomy":"product_cat","embeddable":true,"href":"https:\/\/www.claret.cat\/es\/wp-json\/wp\/v2\/product_cat?post=239298"},{"taxonomy":"product_tag","embeddable":true,"href":"https:\/\/www.claret.cat\/es\/wp-json\/wp\/v2\/product_tag?post=239298"}],"curies":[{"name":"wp","href":"https:\/\/api.w.org\/{rel}","templated":true}]}}