{"id":239436,"date":"2022-10-20T23:19:41","date_gmt":"2022-10-20T21:19:41","guid":{"rendered":"http:\/\/dev.claret.cat\/producte\/sota-les-llambordes-la-platja\/"},"modified":"2023-01-28T20:05:33","modified_gmt":"2023-01-28T19:05:33","slug":"sota-les-llambordes-la-platja-9788494509100","status":"publish","type":"product","link":"https:\/\/www.claret.cat\/es\/libro\/sota-les-llambordes-la-platja-9788494509100\/","title":{"rendered":"SOTA LES LLAMBORDES, LA PLATJA"},"content":{"rendered":"<p>Una editorial parisenca, despr\u00e9s de la mort de Sissi Rodoreda, fot\u00f2grafa de premsa amb qui havia mantingut vincles professionals, decideix publicar un llibre de les seves instant\u00e0nies per homenatjar-la. Per fer-lo, escullen les millors que va fer a Par\u00eds mentre participava en els Fets de Maig de 1968, quaranta anys abans.<br \/> Una de les responsables de l&#8221;edici\u00f3, familiar de la reportera, aconsegueix un diari que ella va escriure anys abans de morir. Aquests textos comencen deixant const\u00e0ncia d&#8221;aquells esdeveniments i acaben el 1977, poc despr\u00e9s de l&#8221;assassinat d&#8221;Ulrike Meinhof i d&#8221;altres membres de la RAF, una c\u00e8l\u00b7lula d&#8221;extrema esquerra.<br \/> Gr\u00e0cies a aquests escrits i a l&#8221;inter\u00e8s de l&#8221;editora per con\u00e8ixer com era Sissi, el lector descobrir\u00e0 diferents facetes de la reportera.  D&#8221;una banda, la relaci\u00f3 \u00edntima que va mantenir amb una periodista parisenca i, de l&#8221;altra, l&#8221;abnegaci\u00f3 amb qu\u00e8 es va dedicar a la seva vida professional, circumst\u00e0ncia que li va permetre viure i documentar nombrosos fets de la hist\u00f2ria mundial, entre altres la Guerra del Vietnam, els cops d&#8221;estat a Xile, Argentina i Cambodja, el festival de m\u00fasica de Woodstock de 1969&#8230;<br \/> El jurat que va premiar aquesta obra va considerar-la un\u00e0nimement com un cant a la llibertat i a la possibilitat de les utopies.<\/p>\n","protected":false},"excerpt":{"rendered":"<p>BORRUT MULET, N\u00daRIA<\/p>\n","protected":false},"featured_media":239437,"template":"","meta":{"_acf_changed":false,"om_disable_all_campaigns":false,"rs_blank_template":"","rs_page_bg_color":"","slide_template_v7":"","inline_featured_image":false,"_monsterinsights_skip_tracking":false,"_monsterinsights_sitenote_active":false,"_monsterinsights_sitenote_note":"","_monsterinsights_sitenote_category":0},"product_brand":[],"product_cat":[87],"product_tag":[],"class_list":{"0":"post-239436","1":"product","2":"type-product","3":"status-publish","4":"has-post-thumbnail","6":"product_cat-literatura","8":"first","9":"instock","10":"taxable","11":"shipping-taxable","12":"purchasable","13":"product-type-simple"},"acf":{"autor":"BORRUT MULET, N\u00daRIA","codart":"849450910","libros-coleccion":"","ediciones":"1","encuadernacion":"R\u00fastica","fecha_de_publicacion":"18\/03\/2016","novedad":"0","paginas":"260","subtitulo":"","orden":"999","portada":"0","idioma":"cat","editorial":[{"ID":148226,"post_author":"3","post_date":"2022-10-14 11:56:36","post_date_gmt":"2022-10-14 09:56:36","post_content":"","post_title":"GREGAL LLIBRES, CONSORCI D'EDI","post_excerpt":"","post_status":"publish","comment_status":"closed","ping_status":"closed","post_password":"","post_name":"gregal-llibres-consorci-dedi","to_ping":"","pinged":"","post_modified":"2022-10-14 11:56:36","post_modified_gmt":"2022-10-14 09:56:36","post_content_filtered":"","post_parent":0,"guid":"http:\/\/dev.claret.cat\/editorial\/gregal-llibres-consorci-dedi\/","menu_order":0,"post_type":"editorial","post_mime_type":"","comment_count":"0","filter":"raw"}]},"aioseo_notices":[],"_links":{"self":[{"href":"https:\/\/www.claret.cat\/es\/wp-json\/wp\/v2\/product\/239436","targetHints":{"allow":["GET"]}}],"collection":[{"href":"https:\/\/www.claret.cat\/es\/wp-json\/wp\/v2\/product"}],"about":[{"href":"https:\/\/www.claret.cat\/es\/wp-json\/wp\/v2\/types\/product"}],"wp:featuredmedia":[{"embeddable":true,"href":"https:\/\/www.claret.cat\/es\/wp-json\/wp\/v2\/media\/239437"}],"wp:attachment":[{"href":"https:\/\/www.claret.cat\/es\/wp-json\/wp\/v2\/media?parent=239436"}],"wp:term":[{"taxonomy":"product_brand","embeddable":true,"href":"https:\/\/www.claret.cat\/es\/wp-json\/wp\/v2\/product_brand?post=239436"},{"taxonomy":"product_cat","embeddable":true,"href":"https:\/\/www.claret.cat\/es\/wp-json\/wp\/v2\/product_cat?post=239436"},{"taxonomy":"product_tag","embeddable":true,"href":"https:\/\/www.claret.cat\/es\/wp-json\/wp\/v2\/product_tag?post=239436"}],"curies":[{"name":"wp","href":"https:\/\/api.w.org\/{rel}","templated":true}]}}