{"id":239457,"date":"2022-10-20T23:20:12","date_gmt":"2022-10-20T21:20:12","guid":{"rendered":"http:\/\/dev.claret.cat\/producte\/la-banda-de-lembut\/"},"modified":"2026-01-20T16:28:33","modified_gmt":"2026-01-20T15:28:33","slug":"la-banda-de-lembut-9788466140034","status":"publish","type":"product","link":"https:\/\/www.claret.cat\/es\/libro\/la-banda-de-lembut-9788466140034\/","title":{"rendered":"LA BANDA DE L&#8217;EMBUT"},"content":{"rendered":"<p>El Javier, el Guillem, el Manel i la Laia formen una colla d&#8221;amics que ha decidit passar a l&#8221;acci\u00f3 per evitar que tanquin l&#8221;escola del poble on estudien tots quatre. Per mirar d&#8221;aconseguir-ho comptaran amb l&#8221;ajuda del senyor Gen\u00eds, un ve\u00ed del poble una mica estrany i un aut\u00e8ntic apassionat del cinema, que t\u00e9 un munt de pel\u00b7l\u00edcules que recullen la hist\u00f2ria del poble i la seva escola. Aprofitant tot aquest material, el grup s&#8221;empesca la idea de fer una pel\u00b7l\u00edcula que, a m\u00e9s, acompanyaran creant un grup de m\u00fasica.<\/p>\n","protected":false},"excerpt":{"rendered":"<p>OLIV\u00c1N SIBAT, LLU\u00cdS<\/p>\n","protected":false},"featured_media":1075148,"template":"","meta":{"_acf_changed":false,"om_disable_all_campaigns":false,"rs_blank_template":"","rs_page_bg_color":"","slide_template_v7":"","inline_featured_image":false,"_monsterinsights_skip_tracking":false,"_monsterinsights_sitenote_active":false,"_monsterinsights_sitenote_note":"","_monsterinsights_sitenote_category":0},"product_brand":[],"product_cat":[86,352],"product_tag":[],"class_list":{"0":"post-239457","1":"product","2":"type-product","3":"status-publish","4":"has-post-thumbnail","6":"product_cat-infantil","7":"product_cat-infantil-3_infantil-juvenil-spa","9":"first","10":"instock","11":"taxable","12":"shipping-taxable","13":"purchasable","14":"product-type-simple"},"acf":{"autor":"OLIV\u00c1N SIBAT, LLU\u00cdS","codart":"846614003","libros-coleccion":"","ediciones":"1","encuadernacion":"R\u00fastica","fecha_de_publicacion":"18\/03\/2016","novedad":"0","paginas":"134","subtitulo":"","orden":"999","portada":"0","idioma":"cat","editorial":[{"ID":147680,"post_author":"3","post_date":"2022-10-14 11:52:25","post_date_gmt":"2022-10-14 09:52:25","post_content":"","post_title":"CRUILLA, EDITORIAL","post_excerpt":"","post_status":"publish","comment_status":"closed","ping_status":"closed","post_password":"","post_name":"cruilla-editorial","to_ping":"","pinged":"","post_modified":"2022-10-14 11:52:25","post_modified_gmt":"2022-10-14 09:52:25","post_content_filtered":"","post_parent":0,"guid":"http:\/\/dev.claret.cat\/editorial\/cruilla-editorial\/","menu_order":0,"post_type":"editorial","post_mime_type":"","comment_count":"0","filter":"raw"}],"booktrailer":"","resenas":"","autores-libros":[{"ID":401900,"post_author":"3","post_date":"2023-02-27 06:00:52","post_date_gmt":"2023-02-27 05:00:52","post_content":"","post_title":"LLU\u00cdS OLIV\u00c1N SIBAT","post_excerpt":"","post_status":"publish","comment_status":"closed","ping_status":"closed","post_password":"","post_name":"lluis-olivan-sibat","to_ping":"","pinged":"","post_modified":"2023-02-27 06:00:52","post_modified_gmt":"2023-02-27 05:00:52","post_content_filtered":"","post_parent":0,"guid":"https:\/\/www.claret.cat\/autor\/lluis-olivan-sibat\/","menu_order":0,"post_type":"autor","post_mime_type":"","comment_count":"0","filter":"raw"}]},"aioseo_notices":[],"_links":{"self":[{"href":"https:\/\/www.claret.cat\/es\/wp-json\/wp\/v2\/product\/239457","targetHints":{"allow":["GET"]}}],"collection":[{"href":"https:\/\/www.claret.cat\/es\/wp-json\/wp\/v2\/product"}],"about":[{"href":"https:\/\/www.claret.cat\/es\/wp-json\/wp\/v2\/types\/product"}],"wp:featuredmedia":[{"embeddable":true,"href":"https:\/\/www.claret.cat\/es\/wp-json\/wp\/v2\/media\/1075148"}],"wp:attachment":[{"href":"https:\/\/www.claret.cat\/es\/wp-json\/wp\/v2\/media?parent=239457"}],"wp:term":[{"taxonomy":"product_brand","embeddable":true,"href":"https:\/\/www.claret.cat\/es\/wp-json\/wp\/v2\/product_brand?post=239457"},{"taxonomy":"product_cat","embeddable":true,"href":"https:\/\/www.claret.cat\/es\/wp-json\/wp\/v2\/product_cat?post=239457"},{"taxonomy":"product_tag","embeddable":true,"href":"https:\/\/www.claret.cat\/es\/wp-json\/wp\/v2\/product_tag?post=239457"}],"curies":[{"name":"wp","href":"https:\/\/api.w.org\/{rel}","templated":true}]}}