{"id":239523,"date":"2022-10-20T23:21:47","date_gmt":"2022-10-20T21:21:47","guid":{"rendered":"http:\/\/dev.claret.cat\/producte\/escapada-azul-lisboa\/"},"modified":"2023-01-28T05:49:13","modified_gmt":"2023-01-28T04:49:13","slug":"escapada-azul-lisboa-9788416408726","status":"publish","type":"product","link":"https:\/\/www.claret.cat\/es\/libro\/escapada-azul-lisboa-9788416408726\/","title":{"rendered":"ESCAPADA AZUL LISBOA"},"content":{"rendered":"<p>Escapada azul es una gu\u00eda pr\u00e1ctica, c\u00f3moda y b\u00e1sica para conocer lo esencial de las ciudades m\u00e1s importantes del mundo<\/p>\n","protected":false},"excerpt":{"rendered":"<p>MONREAL, MANUEL \/ INGELMO, \u00c1NGEL<\/p>\n","protected":false},"featured_media":239524,"template":"","meta":{"_acf_changed":false,"om_disable_all_campaigns":false,"rs_blank_template":"","rs_page_bg_color":"","slide_template_v7":"","inline_featured_image":false,"_monsterinsights_skip_tracking":false,"_monsterinsights_sitenote_active":false,"_monsterinsights_sitenote_note":"","_monsterinsights_sitenote_category":0},"product_brand":[],"product_cat":[107],"product_tag":[],"class_list":{"0":"post-239523","1":"product","2":"type-product","3":"status-publish","4":"has-post-thumbnail","6":"product_cat-guies-de-viatge","8":"first","9":"instock","10":"taxable","11":"shipping-taxable","12":"purchasable","13":"product-type-simple"},"acf":{"autor":"MONREAL, MANUEL \/ INGELMO, \u00c1NGEL","codart":"841640872","libros-coleccion":"","ediciones":"3","encuadernacion":"R\u00fastica","fecha_de_publicacion":"18\/03\/2016","novedad":"0","paginas":"149","subtitulo":"","orden":"999","portada":"0","idioma":"spa","editorial":[{"ID":147810,"post_author":"3","post_date":"2022-10-14 11:53:23","post_date_gmt":"2022-10-14 09:53:23","post_content":"","post_title":"EDICIONES GAESA","post_excerpt":"","post_status":"publish","comment_status":"closed","ping_status":"closed","post_password":"","post_name":"ediciones-gaesa","to_ping":"","pinged":"","post_modified":"2022-10-14 11:53:23","post_modified_gmt":"2022-10-14 09:53:23","post_content_filtered":"","post_parent":0,"guid":"http:\/\/dev.claret.cat\/editorial\/ediciones-gaesa\/","menu_order":0,"post_type":"editorial","post_mime_type":"","comment_count":"0","filter":"raw"}],"autores-libros":[{"ID":163194,"post_author":"3","post_date":"2022-10-14 17:37:04","post_date_gmt":"2022-10-14 15:37:04","post_content":"","post_title":"MANUEL MONREAL","post_excerpt":"","post_status":"publish","comment_status":"closed","ping_status":"closed","post_password":"","post_name":"manuel-monreal","to_ping":"","pinged":"","post_modified":"2022-10-14 17:37:04","post_modified_gmt":"2022-10-14 15:37:04","post_content_filtered":"","post_parent":0,"guid":"http:\/\/dev.claret.cat\/autor\/manuel-monreal\/","menu_order":0,"post_type":"autor","post_mime_type":"","comment_count":"0","filter":"raw"},{"ID":150392,"post_author":"3","post_date":"2022-10-14 14:32:35","post_date_gmt":"2022-10-14 12:32:35","post_content":"","post_title":"\u00c1NGEL INGELMO","post_excerpt":"","post_status":"publish","comment_status":"closed","ping_status":"closed","post_password":"","post_name":"angel-ingelmo","to_ping":"","pinged":"","post_modified":"2022-10-14 14:32:35","post_modified_gmt":"2022-10-14 12:32:35","post_content_filtered":"","post_parent":0,"guid":"http:\/\/dev.claret.cat\/autor\/angel-ingelmo\/","menu_order":0,"post_type":"autor","post_mime_type":"","comment_count":"0","filter":"raw"}]},"aioseo_notices":[],"_links":{"self":[{"href":"https:\/\/www.claret.cat\/es\/wp-json\/wp\/v2\/product\/239523","targetHints":{"allow":["GET"]}}],"collection":[{"href":"https:\/\/www.claret.cat\/es\/wp-json\/wp\/v2\/product"}],"about":[{"href":"https:\/\/www.claret.cat\/es\/wp-json\/wp\/v2\/types\/product"}],"wp:featuredmedia":[{"embeddable":true,"href":"https:\/\/www.claret.cat\/es\/wp-json\/wp\/v2\/media\/239524"}],"wp:attachment":[{"href":"https:\/\/www.claret.cat\/es\/wp-json\/wp\/v2\/media?parent=239523"}],"wp:term":[{"taxonomy":"product_brand","embeddable":true,"href":"https:\/\/www.claret.cat\/es\/wp-json\/wp\/v2\/product_brand?post=239523"},{"taxonomy":"product_cat","embeddable":true,"href":"https:\/\/www.claret.cat\/es\/wp-json\/wp\/v2\/product_cat?post=239523"},{"taxonomy":"product_tag","embeddable":true,"href":"https:\/\/www.claret.cat\/es\/wp-json\/wp\/v2\/product_tag?post=239523"}],"curies":[{"name":"wp","href":"https:\/\/api.w.org\/{rel}","templated":true}]}}