{"id":239577,"date":"2022-10-20T23:23:04","date_gmt":"2022-10-20T21:23:04","guid":{"rendered":"http:\/\/dev.claret.cat\/producte\/memoria-total\/"},"modified":"2023-01-28T03:37:25","modified_gmt":"2023-01-28T02:37:25","slug":"memoria-total-9788466658515","status":"publish","type":"product","link":"https:\/\/www.claret.cat\/es\/libro\/memoria-total-9788466658515\/","title":{"rendered":"MEMORIA TOTAL"},"content":{"rendered":"<p>La vida de Amos Decker cambi\u00f3 para siempre\u2026 dos veces.<\/p>\n<p>La primera vez fue en el terreno de juego. Amos, atleta alto y robusto, era la \u00fanica persona de Burlington, su ciudad natal, que se convirti\u00f3 en jugador profesional de f\u00fatbol americano, pero su carrera termin\u00f3 antes de comenzar. Durante la primera jugada un violento choque de su cabeza contra la de un rival lo expuls\u00f3 del campo para siempre y le provoc\u00f3 un extra\u00f1o efecto secundario: nunca puede olvidar nada.<\/p>\n<p>La segunda vez ocurri\u00f3 casi dos d\u00e9cadas despu\u00e9s. Decker, convertido en inspector de polic\u00eda, regres\u00f3 una noche a su casa y entr\u00f3 en una pesadilla: su mujer, su joven hija y su cu\u00f1ado hab\u00edan sido asesinados. Tanto la identidad del asesino como el motivo del crimen eran un misterio. Incapaz de olvidar cada detalle de esa noche terrible, Decker abandon\u00f3 la polic\u00eda y sobrevivi\u00f3 aceptando ocasionales trabajos como detective privado.<\/p>\n<p>M\u00e1s de un a\u00f1o despu\u00e9s, un hombre se entrega a polic\u00eda y confiesa ser el autor de los asesinatos. Al mismo tiempo, un acontecimiento horroroso sacude a la ciudad de Burlington y Decker vuelve a incorporarse al cuerpo policial para investigarlo, pero al mismo tiempo, decidido a aprovechar la oportunidad que se le presenta de descubrir lo que realmente le ocurri\u00f3 a su familia.<\/p>\n<p>Para desvelar la verdad deber\u00e1 recurrir a sus notables cualidades y enfrentarse a la carga que estas conllevan: soportar los recuerdos que preferir\u00eda olvidar y verse obligado, quiz\u00e1, a hacer el m\u00e1ximo sacrificio.<\/p>\n","protected":false},"excerpt":{"rendered":"<p>BALDACCI, DAVID<\/p>\n","protected":false},"featured_media":239578,"template":"","meta":{"_acf_changed":false,"om_disable_all_campaigns":false,"rs_blank_template":"","rs_page_bg_color":"","slide_template_v7":"","inline_featured_image":false,"_monsterinsights_skip_tracking":false,"_monsterinsights_sitenote_active":false,"_monsterinsights_sitenote_note":"","_monsterinsights_sitenote_category":0},"product_brand":[],"product_cat":[87],"product_tag":[],"class_list":{"0":"post-239577","1":"product","2":"type-product","3":"status-publish","4":"has-post-thumbnail","6":"product_cat-literatura","8":"first","9":"instock","10":"taxable","11":"shipping-taxable","12":"purchasable","13":"product-type-simple"},"acf":{"autor":"BALDACCI, DAVID","codart":"846665851","libros-coleccion":"","ediciones":"1","encuadernacion":"R\u00fastica","fecha_de_publicacion":"17\/03\/2016","novedad":"0","paginas":"468","subtitulo":"SERIE AMOS DECKER VOL. I","orden":"999","portada":"0","idioma":"spa","editorial":[{"ID":147506,"post_author":"3","post_date":"2022-10-14 11:51:06","post_date_gmt":"2022-10-14 09:51:06","post_content":"","post_title":"B EDICIONES","post_excerpt":"","post_status":"publish","comment_status":"closed","ping_status":"closed","post_password":"","post_name":"b-ediciones","to_ping":"","pinged":"","post_modified":"2022-10-14 11:51:06","post_modified_gmt":"2022-10-14 09:51:06","post_content_filtered":"","post_parent":0,"guid":"http:\/\/dev.claret.cat\/editorial\/b-ediciones\/","menu_order":0,"post_type":"editorial","post_mime_type":"","comment_count":"0","filter":"raw"}],"autores-libros":[{"ID":153747,"post_author":"3","post_date":"2022-10-14 14:59:12","post_date_gmt":"2022-10-14 12:59:12","post_content":"","post_title":"DAVID BALDACCI","post_excerpt":"","post_status":"publish","comment_status":"closed","ping_status":"closed","post_password":"","post_name":"david-baldacci","to_ping":"","pinged":"","post_modified":"2022-10-14 14:59:12","post_modified_gmt":"2022-10-14 12:59:12","post_content_filtered":"","post_parent":0,"guid":"http:\/\/dev.claret.cat\/autor\/david-baldacci\/","menu_order":0,"post_type":"autor","post_mime_type":"","comment_count":"0","filter":"raw"}]},"aioseo_notices":[],"_links":{"self":[{"href":"https:\/\/www.claret.cat\/es\/wp-json\/wp\/v2\/product\/239577","targetHints":{"allow":["GET"]}}],"collection":[{"href":"https:\/\/www.claret.cat\/es\/wp-json\/wp\/v2\/product"}],"about":[{"href":"https:\/\/www.claret.cat\/es\/wp-json\/wp\/v2\/types\/product"}],"wp:featuredmedia":[{"embeddable":true,"href":"https:\/\/www.claret.cat\/es\/wp-json\/wp\/v2\/media\/239578"}],"wp:attachment":[{"href":"https:\/\/www.claret.cat\/es\/wp-json\/wp\/v2\/media?parent=239577"}],"wp:term":[{"taxonomy":"product_brand","embeddable":true,"href":"https:\/\/www.claret.cat\/es\/wp-json\/wp\/v2\/product_brand?post=239577"},{"taxonomy":"product_cat","embeddable":true,"href":"https:\/\/www.claret.cat\/es\/wp-json\/wp\/v2\/product_cat?post=239577"},{"taxonomy":"product_tag","embeddable":true,"href":"https:\/\/www.claret.cat\/es\/wp-json\/wp\/v2\/product_tag?post=239577"}],"curies":[{"name":"wp","href":"https:\/\/api.w.org\/{rel}","templated":true}]}}