{"id":239601,"date":"2022-10-20T23:23:38","date_gmt":"2022-10-20T21:23:38","guid":{"rendered":"http:\/\/dev.claret.cat\/producte\/primer-paisatge\/"},"modified":"2023-01-28T10:17:35","modified_gmt":"2023-01-28T09:17:35","slug":"primer-paisatge-9788494509131","status":"publish","type":"product","link":"https:\/\/www.claret.cat\/es\/libro\/primer-paisatge-9788494509131\/","title":{"rendered":"PRIMER PAISATGE"},"content":{"rendered":"<p>Primer paisatge \u00e9s un aplec de mirades al m\u00f3n de la inf\u00e0ncia d&#8217;alg\u00fa que hi busca les arrels del seu gust per l&#8217;escriptura. Partint de la solitud viscuda en un espai que recorda imm\u00f2bil, l&#8217;escriptor evoca els escenaris, els personatges i els moments especials que van modelar la seva personalitat i el van fer creure en el poder de les paraules. Lluny de la recreaci\u00f3 biogr\u00e0fica, l&#8217;autor transforma les seves viv\u00e8ncies en petites hist\u00f2ries que, defugint el costumisme, exploren significats m\u00e9s universals. <br \/> Tot i que el llibre no entra en la identificaci\u00f3 precisa dels espais, al darrere de cada narraci\u00f3 hi ha les formes de viure pr\u00f2pies dels anys quaranta i cinquanta en un entorn rural com el de Cerdanyola i la comarca del Vall\u00e8s. Aix\u00f2 no impedeix, ben al contrari, que lectors de totes les proced\u00e8ncies se sentin motivats a connectar amb les seves experi\u00e8ncies i a identificar-s&#8217;hi.<br \/> Amb una prosa que busca la claredat i la s\u00edntesi, cada relat s&#8217;incorpora a un mosaic que va adquirint car\u00e0cter de novel\u00b7la.<\/p>\n","protected":false},"excerpt":{"rendered":"<p>GRAU, ISIDRE<\/p>\n","protected":false},"featured_media":239602,"template":"","meta":{"_acf_changed":false,"om_disable_all_campaigns":false,"rs_blank_template":"","rs_page_bg_color":"","slide_template_v7":"","inline_featured_image":false,"_monsterinsights_skip_tracking":false,"_monsterinsights_sitenote_active":false,"_monsterinsights_sitenote_note":"","_monsterinsights_sitenote_category":0},"product_brand":[],"product_cat":[87],"product_tag":[],"class_list":{"0":"post-239601","1":"product","2":"type-product","3":"status-publish","4":"has-post-thumbnail","6":"product_cat-literatura","8":"first","9":"instock","10":"taxable","11":"shipping-taxable","12":"purchasable","13":"product-type-simple"},"acf":{"autor":"GRAU, ISIDRE","codart":"849450913","libros-coleccion":"","ediciones":"1","encuadernacion":"R\u00fastica","fecha_de_publicacion":"17\/03\/2016","novedad":"0","paginas":"148","subtitulo":"","orden":"999","portada":"0","idioma":"spa","editorial":[{"ID":148226,"post_author":"3","post_date":"2022-10-14 11:56:36","post_date_gmt":"2022-10-14 09:56:36","post_content":"","post_title":"GREGAL LLIBRES, CONSORCI D'EDI","post_excerpt":"","post_status":"publish","comment_status":"closed","ping_status":"closed","post_password":"","post_name":"gregal-llibres-consorci-dedi","to_ping":"","pinged":"","post_modified":"2022-10-14 11:56:36","post_modified_gmt":"2022-10-14 09:56:36","post_content_filtered":"","post_parent":0,"guid":"http:\/\/dev.claret.cat\/editorial\/gregal-llibres-consorci-dedi\/","menu_order":0,"post_type":"editorial","post_mime_type":"","comment_count":"0","filter":"raw"}],"autores-libros":[{"ID":158125,"post_author":"3","post_date":"2022-10-14 15:34:21","post_date_gmt":"2022-10-14 13:34:21","post_content":"","post_title":"ISIDRE GRAU","post_excerpt":"","post_status":"publish","comment_status":"closed","ping_status":"closed","post_password":"","post_name":"isidre-grau","to_ping":"","pinged":"","post_modified":"2022-10-14 15:34:21","post_modified_gmt":"2022-10-14 13:34:21","post_content_filtered":"","post_parent":0,"guid":"http:\/\/dev.claret.cat\/autor\/isidre-grau\/","menu_order":0,"post_type":"autor","post_mime_type":"","comment_count":"0","filter":"raw"}]},"aioseo_notices":[],"_links":{"self":[{"href":"https:\/\/www.claret.cat\/es\/wp-json\/wp\/v2\/product\/239601","targetHints":{"allow":["GET"]}}],"collection":[{"href":"https:\/\/www.claret.cat\/es\/wp-json\/wp\/v2\/product"}],"about":[{"href":"https:\/\/www.claret.cat\/es\/wp-json\/wp\/v2\/types\/product"}],"wp:featuredmedia":[{"embeddable":true,"href":"https:\/\/www.claret.cat\/es\/wp-json\/wp\/v2\/media\/239602"}],"wp:attachment":[{"href":"https:\/\/www.claret.cat\/es\/wp-json\/wp\/v2\/media?parent=239601"}],"wp:term":[{"taxonomy":"product_brand","embeddable":true,"href":"https:\/\/www.claret.cat\/es\/wp-json\/wp\/v2\/product_brand?post=239601"},{"taxonomy":"product_cat","embeddable":true,"href":"https:\/\/www.claret.cat\/es\/wp-json\/wp\/v2\/product_cat?post=239601"},{"taxonomy":"product_tag","embeddable":true,"href":"https:\/\/www.claret.cat\/es\/wp-json\/wp\/v2\/product_tag?post=239601"}],"curies":[{"name":"wp","href":"https:\/\/api.w.org\/{rel}","templated":true}]}}