{"id":239664,"date":"2022-10-20T23:25:12","date_gmt":"2022-10-20T21:25:12","guid":{"rendered":"http:\/\/dev.claret.cat\/producte\/100-coses-que-has-de-saber-de-lopera\/"},"modified":"2023-01-28T18:03:58","modified_gmt":"2023-01-28T17:03:58","slug":"100-coses-que-has-de-saber-de-lopera-9788490343883","status":"publish","type":"product","link":"https:\/\/www.claret.cat\/es\/libro\/100-coses-que-has-de-saber-de-lopera-9788490343883\/","title":{"rendered":"100 COSES QUE HAS DE SABER DE L&#8217;\u00d2PERA"},"content":{"rendered":"<p>Aquest llibre recull cent perspectives clau per entendre l&#8217;\u00f2pera. Des de l&#8217;estrena dels t\u00edtols m\u00e9s c\u00e8lebres fins als secrets de les veus consagrades, dels grans teatres oper\u00edstics, de personatges immortals com Carmen o Rigoletto, del m\u00edtic Do de pit o de la inimitable Castafiore. Nom\u00e9s s\u00f3n cent q\u00fcestions d&#8221;\u00f2pera, per\u00f2 n&#8217;hi podria haver cent m\u00e9s, perqu\u00e8 l&#8217;\u00f2pera \u00e9s un art total i global que no s&#8217;acaba mai. \u00c9s m\u00e9s, es tracta d&#8217;una disciplina &#8216;multidisciplinar&#8217; que aplega m\u00fasica, poesia, teatre, escenografia, llums, colors, arts pl\u00e0stiques, \u00e8xits, fracassos, mites, divos, dives&#8230; i milers d&#8217;hist\u00f2ries que, per un o altre motiu, emocionen des de fa m\u00e9s de 400 anys. I \u00e9s que, en el fons, la ra\u00f3 de ser de l&#8217;\u00f2pera \u00e9s aquesta: emocionar, tocar la fibra. <br \/> Com diuen els autors, cal que la lectura d&#8217;aquest llibre us nodreixi plenament, per\u00f2 que no us distregui de fer el que realment importa: anar a l&#8217;\u00f2pera. Per veure-la i viure-la!<\/p>\n","protected":false},"excerpt":{"rendered":"<p>PUERTAS ESTEVE, DAVID \/ RADIGALES BAB\u00cd, JAUME<\/p>\n","protected":false},"featured_media":319921,"template":"","meta":{"_acf_changed":false,"om_disable_all_campaigns":false,"rs_blank_template":"","rs_page_bg_color":"","slide_template_v7":"","inline_featured_image":false,"_monsterinsights_skip_tracking":false,"_monsterinsights_sitenote_active":false,"_monsterinsights_sitenote_note":"","_monsterinsights_sitenote_category":0},"product_brand":[],"product_cat":[82,348],"product_tag":[],"class_list":{"0":"post-239664","1":"product","2":"type-product","3":"status-publish","4":"has-post-thumbnail","6":"product_cat-pedagogia","7":"product_cat-pedagogia-2_humanidades","9":"first","10":"instock","11":"taxable","12":"shipping-taxable","13":"purchasable","14":"product-type-simple"},"acf":{"autor":"PUERTAS ESTEVE, DAVID \/ RADIGALES BAB\u00cd, JAUME","codart":"849034388","libros-coleccion":"","ediciones":"1","encuadernacion":"R\u00fastica","fecha_de_publicacion":"17\/03\/2016","novedad":"0","paginas":"228","subtitulo":"MITES I LLEGENDES DE L'ESPECTACLE M\u00c9S GRAN DE TOTS ELS TEMPS","orden":"999","portada":"0","idioma":"cat","editorial":[{"ID":6171,"post_author":"3","post_date":"2022-07-28 17:46:25","post_date_gmt":"2022-07-28 15:46:25","post_content":"","post_title":"COSSETANIA EDICIONS","post_excerpt":"","post_status":"publish","comment_status":"closed","ping_status":"closed","post_password":"","post_name":"cossetania-edicions","to_ping":"","pinged":"","post_modified":"2022-07-28 17:46:25","post_modified_gmt":"2022-07-28 15:46:25","post_content_filtered":"","post_parent":0,"guid":"http:\/\/dev.claret.cat\/editorial\/cossetania-edicions\/","menu_order":0,"post_type":"editorial","post_mime_type":"","comment_count":"0","filter":"raw"}],"autores-libros":[{"ID":319920,"post_author":"3","post_date":"2023-01-02 23:46:26","post_date_gmt":"2023-01-02 22:46:26","post_content":"","post_title":"JAUME RADIGALES BAB\u00cd","post_excerpt":"","post_status":"publish","comment_status":"closed","ping_status":"closed","post_password":"","post_name":"jaume-radigales-babi","to_ping":"","pinged":"","post_modified":"2023-01-02 23:46:26","post_modified_gmt":"2023-01-02 22:46:26","post_content_filtered":"","post_parent":0,"guid":"https:\/\/www.claret.cat\/autor\/jaume-radigales-babi\/","menu_order":0,"post_type":"autor","post_mime_type":"","comment_count":"0","filter":"raw"},{"ID":153929,"post_author":"3","post_date":"2022-10-14 15:00:41","post_date_gmt":"2022-10-14 13:00:41","post_content":"","post_title":"DAVID PUERTAS ESTEVE","post_excerpt":"","post_status":"publish","comment_status":"closed","ping_status":"closed","post_password":"","post_name":"david-puertas-esteve","to_ping":"","pinged":"","post_modified":"2022-10-14 15:00:41","post_modified_gmt":"2022-10-14 13:00:41","post_content_filtered":"","post_parent":0,"guid":"http:\/\/dev.claret.cat\/autor\/david-puertas-esteve\/","menu_order":0,"post_type":"autor","post_mime_type":"","comment_count":"0","filter":"raw"}]},"aioseo_notices":[],"_links":{"self":[{"href":"https:\/\/www.claret.cat\/es\/wp-json\/wp\/v2\/product\/239664","targetHints":{"allow":["GET"]}}],"collection":[{"href":"https:\/\/www.claret.cat\/es\/wp-json\/wp\/v2\/product"}],"about":[{"href":"https:\/\/www.claret.cat\/es\/wp-json\/wp\/v2\/types\/product"}],"wp:featuredmedia":[{"embeddable":true,"href":"https:\/\/www.claret.cat\/es\/wp-json\/wp\/v2\/media\/319921"}],"wp:attachment":[{"href":"https:\/\/www.claret.cat\/es\/wp-json\/wp\/v2\/media?parent=239664"}],"wp:term":[{"taxonomy":"product_brand","embeddable":true,"href":"https:\/\/www.claret.cat\/es\/wp-json\/wp\/v2\/product_brand?post=239664"},{"taxonomy":"product_cat","embeddable":true,"href":"https:\/\/www.claret.cat\/es\/wp-json\/wp\/v2\/product_cat?post=239664"},{"taxonomy":"product_tag","embeddable":true,"href":"https:\/\/www.claret.cat\/es\/wp-json\/wp\/v2\/product_tag?post=239664"}],"curies":[{"name":"wp","href":"https:\/\/api.w.org\/{rel}","templated":true}]}}