{"id":239670,"date":"2022-10-20T23:25:21","date_gmt":"2022-10-20T21:25:21","guid":{"rendered":"http:\/\/dev.claret.cat\/producte\/100-cosas-que-tienes-que-saber-de-la-opera\/"},"modified":"2023-01-28T06:30:19","modified_gmt":"2023-01-28T05:30:19","slug":"100-cosas-que-tienes-que-saber-de-la-opera-9788416012633","status":"publish","type":"product","link":"https:\/\/www.claret.cat\/es\/libro\/100-cosas-que-tienes-que-saber-de-la-opera-9788416012633\/","title":{"rendered":"100 COSAS QUE TIENES QUE SABER DE LA \u00d3PERA"},"content":{"rendered":"<p>Este libro aglutina cien perspectivas clave para entender la \u00f3pera. Desde el estreno de los t\u00edtulos m\u00e1s c\u00e9lebres hasta los secretos de las voces consagradas, de los grandes teatros oper\u00edsticos, de personajes inmortales como Carmen o Rigoletto, del m\u00edtico Do de pecho o de la inimitable Castafiore. Son solamente cien cuestiones de \u00f3pera, pero podr\u00eda haber cien m\u00e1s, porque la \u00f3pera es un arte total y global que no se termina nunca. Es m\u00e1s, se trata de una disciplina &#8216;multidisciplinar&#8217; que engloba m\u00fasica, poes\u00eda, teatro, escenograf\u00eda, luces, colores, artes pl\u00e1sticas, \u00e9xitos, fracasos, mitos, divos, divas&#8230; y miles de historias que, por un motivo u otro, emocionan desde hace m\u00e1s de 400 a\u00f1os. Y es que, en el fondo, la raz\u00f3n de ser de la \u00f3pera es esta: emocionar, tocar la fibra. <br \/> Como dicen los autores, que la lectura de este libro os nutra plenamente, pero que no os distraiga de hacer lo que realmente importa: ir a la \u00f3pera. \u00a1Para verla y vivirla!<\/p>\n","protected":false},"excerpt":{"rendered":"<p>RADIGALES BAB\u00cd, JAUME \/ PUERTAS ESTEVE, DAVID<\/p>\n","protected":false},"featured_media":239671,"template":"","meta":{"_acf_changed":false,"om_disable_all_campaigns":false,"rs_blank_template":"","rs_page_bg_color":"","slide_template_v7":"","inline_featured_image":false,"_monsterinsights_skip_tracking":false,"_monsterinsights_sitenote_active":false,"_monsterinsights_sitenote_note":"","_monsterinsights_sitenote_category":0},"product_brand":[],"product_cat":[82],"product_tag":[],"class_list":{"0":"post-239670","1":"product","2":"type-product","3":"status-publish","4":"has-post-thumbnail","6":"product_cat-pedagogia","8":"first","9":"instock","10":"taxable","11":"shipping-taxable","12":"purchasable","13":"product-type-simple"},"acf":{"autor":"RADIGALES BAB\u00cd, JAUME \/ PUERTAS ESTEVE, DAVID","codart":"841601263","libros-coleccion":"","ediciones":"1","encuadernacion":"R\u00fastica","fecha_de_publicacion":"17\/03\/2016","novedad":"0","paginas":"228","subtitulo":"MITOS Y LEYENDAS DEL ESPECT\u00c1CULO M\u00c1S GRANDE DE TODOS LOS TIEMPOS","orden":"999","portada":"0","idioma":"spa","autores-libros":[{"ID":153929,"post_author":"3","post_date":"2022-10-14 15:00:41","post_date_gmt":"2022-10-14 13:00:41","post_content":"","post_title":"DAVID PUERTAS ESTEVE","post_excerpt":"","post_status":"publish","comment_status":"closed","ping_status":"closed","post_password":"","post_name":"david-puertas-esteve","to_ping":"","pinged":"","post_modified":"2022-10-14 15:00:41","post_modified_gmt":"2022-10-14 13:00:41","post_content_filtered":"","post_parent":0,"guid":"http:\/\/dev.claret.cat\/autor\/david-puertas-esteve\/","menu_order":0,"post_type":"autor","post_mime_type":"","comment_count":"0","filter":"raw"}]},"aioseo_notices":[],"_links":{"self":[{"href":"https:\/\/www.claret.cat\/es\/wp-json\/wp\/v2\/product\/239670","targetHints":{"allow":["GET"]}}],"collection":[{"href":"https:\/\/www.claret.cat\/es\/wp-json\/wp\/v2\/product"}],"about":[{"href":"https:\/\/www.claret.cat\/es\/wp-json\/wp\/v2\/types\/product"}],"wp:featuredmedia":[{"embeddable":true,"href":"https:\/\/www.claret.cat\/es\/wp-json\/wp\/v2\/media\/239671"}],"wp:attachment":[{"href":"https:\/\/www.claret.cat\/es\/wp-json\/wp\/v2\/media?parent=239670"}],"wp:term":[{"taxonomy":"product_brand","embeddable":true,"href":"https:\/\/www.claret.cat\/es\/wp-json\/wp\/v2\/product_brand?post=239670"},{"taxonomy":"product_cat","embeddable":true,"href":"https:\/\/www.claret.cat\/es\/wp-json\/wp\/v2\/product_cat?post=239670"},{"taxonomy":"product_tag","embeddable":true,"href":"https:\/\/www.claret.cat\/es\/wp-json\/wp\/v2\/product_tag?post=239670"}],"curies":[{"name":"wp","href":"https:\/\/api.w.org\/{rel}","templated":true}]}}