{"id":239758,"date":"2022-10-20T23:27:35","date_gmt":"2022-10-20T21:27:35","guid":{"rendered":"http:\/\/dev.claret.cat\/producte\/cocina-con-joan-roca-a-baja-temperatura\/"},"modified":"2023-01-28T13:49:12","modified_gmt":"2023-01-28T12:49:12","slug":"cocina-con-joan-roca-a-baja-temperatura-9788408152040","status":"publish","type":"product","link":"https:\/\/www.claret.cat\/es\/libro\/cocina-con-joan-roca-a-baja-temperatura-9788408152040\/","title":{"rendered":"COCINA CON JOAN ROCA A BAJA TEMPERATURA"},"content":{"rendered":"<p>\u00abEsta obra os mostrar\u00e1 todo lo que hemos aprendido en la cocina de El\u00a0Celler de Can Roca, pero tambi\u00e9n en nuestras respectivas cocinas familiares,\u00a0con la intenci\u00f3n de mostraros diferentes t\u00e9cnicas que mejorar\u00e1n\u00a0vuestros platos. Veremos que la baja temperatura ya se practica desde\u00a0hace miles de a\u00f1os y que b\u00e1sicamente la novedad del desarrollo tecnol\u00f3gico\u00a0es el control, la precisi\u00f3n, con la que podemos cocinar hoy en d\u00eda.Pero, al final, de lo que se trata cuando cocinamos es de disfrutar de las\u00a0bondades que nos brinda la gastronom\u00eda: esa capacidad de regalarnos\u00a0placeres, de cuidar de nuestra salud, de comunicar emociones, de\u00a0transmitir conocimiento, valores y afecto. Cocinando podemos descubrir\u00a0nuestra cultura y el mundo entero, podemos desafiar los sentidos,\u00a0hacer volar la imaginaci\u00f3n o vincularnos un poquito m\u00e1s a nuestra tierra,\u00a0somos capaces de expresar gratitud y de dedicar tiempo a nuestros seres\u00a0queridos. Todo esto es lo que m\u00e1s cuenta.Os animo a descubrir un conjunto de t\u00e9cnicas que sin duda os ayudar\u00e1n\u00a0a alcanzar mejores resultados en vuestras cocinas. Espero que\u00a0disfrut\u00e9is de la aventura.\u00bb<\/p>\n","protected":false},"excerpt":{"rendered":"<p>ROCA, JOAN \/ BRUGU\u00c9S, SALVADOR<\/p>\n","protected":false},"featured_media":239759,"template":"","meta":{"_acf_changed":false,"om_disable_all_campaigns":false,"rs_blank_template":"","rs_page_bg_color":"","slide_template_v7":"","inline_featured_image":false,"_monsterinsights_skip_tracking":false,"_monsterinsights_sitenote_active":false,"_monsterinsights_sitenote_note":"","_monsterinsights_sitenote_category":0},"product_brand":[],"product_cat":[103],"product_tag":[],"class_list":{"0":"post-239758","1":"product","2":"type-product","3":"status-publish","4":"has-post-thumbnail","6":"product_cat-cuina","8":"first","9":"instock","10":"taxable","11":"shipping-taxable","12":"purchasable","13":"product-type-simple"},"acf":{"autor":"ROCA, JOAN \/ BRUGU\u00c9S, SALVADOR","codart":"840815204","libros-coleccion":"","ediciones":"1","encuadernacion":"Carton\u00e9","fecha_de_publicacion":"16\/03\/2016","novedad":"0","paginas":"384","subtitulo":"DESCUBRE UNA FORMA DE COCINAR M\u00c1S SABROSA, M\u00c1S SALUDABLE","orden":"999","portada":"0","idioma":"spa","editorial":[{"ID":6330,"post_author":"3","post_date":"2022-07-28 17:49:52","post_date_gmt":"2022-07-28 15:49:52","post_content":"","post_title":"PLANETA EDITORIAL","post_excerpt":"","post_status":"publish","comment_status":"closed","ping_status":"closed","post_password":"","post_name":"planeta-editorial","to_ping":"","pinged":"","post_modified":"2022-07-28 17:49:52","post_modified_gmt":"2022-07-28 15:49:52","post_content_filtered":"","post_parent":0,"guid":"http:\/\/dev.claret.cat\/editorial\/planeta-editorial\/","menu_order":0,"post_type":"editorial","post_mime_type":"","comment_count":"0","filter":"raw"}],"autores-libros":[{"ID":168839,"post_author":"3","post_date":"2022-10-14 22:22:22","post_date_gmt":"2022-10-14 20:22:22","post_content":"","post_title":"SALVADOR BRUGU\u00c9S","post_excerpt":"","post_status":"publish","comment_status":"closed","ping_status":"closed","post_password":"","post_name":"salvador-brugues","to_ping":"","pinged":"","post_modified":"2022-10-14 22:22:22","post_modified_gmt":"2022-10-14 20:22:22","post_content_filtered":"","post_parent":0,"guid":"http:\/\/dev.claret.cat\/autor\/salvador-brugues\/","menu_order":0,"post_type":"autor","post_mime_type":"","comment_count":"0","filter":"raw"},{"ID":159410,"post_author":"3","post_date":"2022-10-14 15:44:37","post_date_gmt":"2022-10-14 13:44:37","post_content":"","post_title":"JOAN ROCA","post_excerpt":"","post_status":"publish","comment_status":"closed","ping_status":"closed","post_password":"","post_name":"joan-roca","to_ping":"","pinged":"","post_modified":"2022-10-14 15:44:37","post_modified_gmt":"2022-10-14 13:44:37","post_content_filtered":"","post_parent":0,"guid":"http:\/\/dev.claret.cat\/autor\/joan-roca\/","menu_order":0,"post_type":"autor","post_mime_type":"","comment_count":"0","filter":"raw"}]},"aioseo_notices":[],"_links":{"self":[{"href":"https:\/\/www.claret.cat\/es\/wp-json\/wp\/v2\/product\/239758","targetHints":{"allow":["GET"]}}],"collection":[{"href":"https:\/\/www.claret.cat\/es\/wp-json\/wp\/v2\/product"}],"about":[{"href":"https:\/\/www.claret.cat\/es\/wp-json\/wp\/v2\/types\/product"}],"wp:featuredmedia":[{"embeddable":true,"href":"https:\/\/www.claret.cat\/es\/wp-json\/wp\/v2\/media\/239759"}],"wp:attachment":[{"href":"https:\/\/www.claret.cat\/es\/wp-json\/wp\/v2\/media?parent=239758"}],"wp:term":[{"taxonomy":"product_brand","embeddable":true,"href":"https:\/\/www.claret.cat\/es\/wp-json\/wp\/v2\/product_brand?post=239758"},{"taxonomy":"product_cat","embeddable":true,"href":"https:\/\/www.claret.cat\/es\/wp-json\/wp\/v2\/product_cat?post=239758"},{"taxonomy":"product_tag","embeddable":true,"href":"https:\/\/www.claret.cat\/es\/wp-json\/wp\/v2\/product_tag?post=239758"}],"curies":[{"name":"wp","href":"https:\/\/api.w.org\/{rel}","templated":true}]}}