{"id":239767,"date":"2022-10-20T23:27:48","date_gmt":"2022-10-20T21:27:48","guid":{"rendered":"http:\/\/dev.claret.cat\/producte\/wigetta-y-el-antidoto-secreto\/"},"modified":"2023-01-28T21:44:06","modified_gmt":"2023-01-28T20:44:06","slug":"wigetta-y-el-antidoto-secreto-9788499985244","status":"publish","type":"product","link":"https:\/\/www.claret.cat\/es\/libro\/wigetta-y-el-antidoto-secreto-9788499985244\/","title":{"rendered":"WIGETTA Y EL ANT\u00cdDOTO SECRETO"},"content":{"rendered":"<p>Ya los conocemos? Son Willy, Vegetta, Trotuman y Vakypandy.\u00a0Los hemos visto combatir contra zombis, brujas y gigantes para\u00a0proteger Pueblo y a sus habitantes. Despu\u00e9s reconstruyeron sumundo y recuperaron la tranquilidad, tras enfrentar una nueva\u00a0y extra\u00f1a amenaza de la que, una vez m\u00e1s, salieron victoriosos.Superado el terrible ataque del b\u00e1culo dorado, la calma ha regresado\u00a0a Pueblo. Sin embargo, no hay descanso para Willy,\u00a0Vegetta, Vakypandy y Trotuman: los cuatro amigos se disponena emprender una nueva aventura para evitar que el Libro de c\u00f3digos\u00a0caiga en manos de un l\u00edder ambicioso y cruel. El equipo,\u00a0al que se incorporan en esta ocasi\u00f3n personajes de pasadasaventuras y otros que no conoc\u00edamos, se ver\u00e1 inmerso en la\u00a0lucha secular que enfrenta al pueblo de las monta\u00f1as contra el\u00a0pueblo submarino. A trav\u00e9s de un portal interdimensional acceder\u00e1n\u00a0hasta Ciudad Imperio y a otros mundos en los que\u00a0tendr\u00e1n que superar todo tipo de pruebas, resolver complejos\u00a0enigmas y enfrentarse a enemigos poderosos.\u00bfRegresar\u00e1n con \u00e9xito tambi\u00e9n en esta ocasi\u00f3n?<\/p>\n","protected":false},"excerpt":{"rendered":"<p>VEGETTA777 \/ WILLYREX<\/p>\n","protected":false},"featured_media":239768,"template":"","meta":{"_acf_changed":false,"om_disable_all_campaigns":false,"rs_blank_template":"","rs_page_bg_color":"","slide_template_v7":"","inline_featured_image":false,"_monsterinsights_skip_tracking":false,"_monsterinsights_sitenote_active":false,"_monsterinsights_sitenote_note":"","_monsterinsights_sitenote_category":0},"product_brand":[],"product_cat":[86],"product_tag":[],"class_list":{"0":"post-239767","1":"product","2":"type-product","3":"status-publish","4":"has-post-thumbnail","6":"product_cat-infantil","8":"first","9":"instock","10":"taxable","11":"shipping-taxable","12":"purchasable","13":"product-type-simple"},"acf":{"autor":"VEGETTA777 \/ WILLYREX","codart":"849998524","libros-coleccion":"","ediciones":"1","encuadernacion":"R\u00fastica","fecha_de_publicacion":"16\/03\/2016","novedad":"0","paginas":"190","subtitulo":"","orden":"999","portada":"0","idioma":"spa","editorial":[{"ID":148863,"post_author":"3","post_date":"2022-10-14 12:01:34","post_date_gmt":"2022-10-14 10:01:34","post_content":"","post_title":"TEMAS DE HOY","post_excerpt":"","post_status":"publish","comment_status":"closed","ping_status":"closed","post_password":"","post_name":"temas-de-hoy","to_ping":"","pinged":"","post_modified":"2022-10-14 12:01:34","post_modified_gmt":"2022-10-14 10:01:34","post_content_filtered":"","post_parent":0,"guid":"http:\/\/dev.claret.cat\/editorial\/temas-de-hoy\/","menu_order":0,"post_type":"editorial","post_mime_type":"","comment_count":"0","filter":"raw"}],"autores-libros":[{"ID":171349,"post_author":"3","post_date":"2022-10-14 22:42:41","post_date_gmt":"2022-10-14 20:42:41","post_content":"","post_title":"WILLYREX","post_excerpt":"","post_status":"publish","comment_status":"closed","ping_status":"closed","post_password":"","post_name":"willyrex","to_ping":"","pinged":"","post_modified":"2022-10-14 22:42:41","post_modified_gmt":"2022-10-14 20:42:41","post_content_filtered":"","post_parent":0,"guid":"http:\/\/dev.claret.cat\/autor\/willyrex\/","menu_order":0,"post_type":"autor","post_mime_type":"","comment_count":"0","filter":"raw"},{"ID":170859,"post_author":"3","post_date":"2022-10-14 22:38:44","post_date_gmt":"2022-10-14 20:38:44","post_content":"","post_title":"VEGETTA777","post_excerpt":"","post_status":"publish","comment_status":"closed","ping_status":"closed","post_password":"","post_name":"vegetta777","to_ping":"","pinged":"","post_modified":"2022-10-14 22:38:44","post_modified_gmt":"2022-10-14 20:38:44","post_content_filtered":"","post_parent":0,"guid":"http:\/\/dev.claret.cat\/autor\/vegetta777\/","menu_order":0,"post_type":"autor","post_mime_type":"","comment_count":"0","filter":"raw"}]},"aioseo_notices":[],"_links":{"self":[{"href":"https:\/\/www.claret.cat\/es\/wp-json\/wp\/v2\/product\/239767","targetHints":{"allow":["GET"]}}],"collection":[{"href":"https:\/\/www.claret.cat\/es\/wp-json\/wp\/v2\/product"}],"about":[{"href":"https:\/\/www.claret.cat\/es\/wp-json\/wp\/v2\/types\/product"}],"wp:featuredmedia":[{"embeddable":true,"href":"https:\/\/www.claret.cat\/es\/wp-json\/wp\/v2\/media\/239768"}],"wp:attachment":[{"href":"https:\/\/www.claret.cat\/es\/wp-json\/wp\/v2\/media?parent=239767"}],"wp:term":[{"taxonomy":"product_brand","embeddable":true,"href":"https:\/\/www.claret.cat\/es\/wp-json\/wp\/v2\/product_brand?post=239767"},{"taxonomy":"product_cat","embeddable":true,"href":"https:\/\/www.claret.cat\/es\/wp-json\/wp\/v2\/product_cat?post=239767"},{"taxonomy":"product_tag","embeddable":true,"href":"https:\/\/www.claret.cat\/es\/wp-json\/wp\/v2\/product_tag?post=239767"}],"curies":[{"name":"wp","href":"https:\/\/api.w.org\/{rel}","templated":true}]}}