{"id":239788,"date":"2022-10-20T23:49:56","date_gmt":"2022-10-20T21:49:56","guid":{"rendered":"http:\/\/dev.claret.cat\/producte\/el-zohar-de-barcelona\/"},"modified":"2025-02-10T13:12:51","modified_gmt":"2025-02-10T12:12:51","slug":"el-zohar-de-barcelona-9788494492808","status":"publish","type":"product","link":"https:\/\/www.claret.cat\/es\/libro\/el-zohar-de-barcelona-9788494492808\/","title":{"rendered":"EL ZOHAR DE BARCELONA"},"content":{"rendered":"<p>A punt d&#8221;arribar al poder a Alemanya, els jerarques nazis estan entestats a aconseguir el Zohar o Llibre de la Llum, l&#8221;obra esot\u00e8rica m\u00e9s secreta i poderosa de la c\u00e0bala, escrita a Barcelona i oculta durant segles. I tot apunta a Antoni Gaud\u00ed, que abans de morir hauria amagat el llibre a l&#8221;Eixample, deixant nom\u00e9s unes misterioses pistes per recuperar-lo. <br \/> Poc despr\u00e9s, al 1938, en plena Guerra Civil, l&#8221;inspector Emili Galera es veu abocat a una perillosa investigaci\u00f3 per impedir que el Zohar de Barcelona caigui a mans de l&#8221;atractiva Herta i el carnisser Metzger, els espies enviats per Hitler, \u00e0vid del seu poder m\u00e0gic per iniciar la Segona Guerra Mundial. <br \/> Un fascinant enigma per resoldre, en una Barcelona convulsa per la Guerra Civil.<\/p>\n","protected":false},"excerpt":{"rendered":"<p>HERN\u00c0NDEZ CARDONA, FRANCESC XAVIER<\/p>\n","protected":false},"featured_media":321319,"template":"","meta":{"_acf_changed":false,"om_disable_all_campaigns":false,"rs_blank_template":"","rs_page_bg_color":"","slide_template_v7":"","inline_featured_image":false,"_monsterinsights_skip_tracking":false,"_monsterinsights_sitenote_active":false,"_monsterinsights_sitenote_note":"","_monsterinsights_sitenote_category":0},"product_brand":[],"product_cat":[87,353],"product_tag":[],"class_list":{"0":"post-239788","1":"product","2":"type-product","3":"status-publish","4":"has-post-thumbnail","6":"product_cat-literatura","7":"product_cat-literatura-2_humanidades","9":"first","10":"instock","11":"taxable","12":"shipping-taxable","13":"purchasable","14":"product-type-simple"},"acf":{"autor":"HERN\u00c0NDEZ CARDONA, FRANCESC XAVIER","codart":"849449280","libros-coleccion":"","ediciones":"1","encuadernacion":"R\u00fastica","fecha_de_publicacion":"01\/02\/2016","novedad":"0","paginas":"316","subtitulo":"EL LLIBRE SECRET DE LA C\u00c0BALA QUE PERSEGUEIXEN ELS NAZIS","orden":"999","portada":"0","idioma":"spa","editorial":[{"ID":147590,"post_author":"3","post_date":"2022-10-14 11:51:45","post_date_gmt":"2022-10-14 09:51:45","post_content":"","post_title":"CAPITAL BOOKS","post_excerpt":"","post_status":"publish","comment_status":"closed","ping_status":"closed","post_password":"","post_name":"capital-books","to_ping":"","pinged":"","post_modified":"2022-10-14 11:51:45","post_modified_gmt":"2022-10-14 09:51:45","post_content_filtered":"","post_parent":0,"guid":"http:\/\/dev.claret.cat\/editorial\/capital-books\/","menu_order":0,"post_type":"editorial","post_mime_type":"","comment_count":"0","filter":"raw"}],"autores-libros":[{"ID":156154,"post_author":"3","post_date":"2022-10-14 15:18:32","post_date_gmt":"2022-10-14 13:18:32","post_content":"","post_title":"FRANCESC XAVIER HERNANDEZ CARDONA","post_excerpt":"","post_status":"publish","comment_status":"closed","ping_status":"closed","post_password":"","post_name":"francesc-xavier-hernandez-cardona","to_ping":"","pinged":"","post_modified":"2022-10-14 15:18:32","post_modified_gmt":"2022-10-14 13:18:32","post_content_filtered":"","post_parent":0,"guid":"http:\/\/dev.claret.cat\/autor\/francesc-xavier-hernandez-cardona\/","menu_order":0,"post_type":"autor","post_mime_type":"","comment_count":"0","filter":"raw"}]},"aioseo_notices":[],"_links":{"self":[{"href":"https:\/\/www.claret.cat\/es\/wp-json\/wp\/v2\/product\/239788","targetHints":{"allow":["GET"]}}],"collection":[{"href":"https:\/\/www.claret.cat\/es\/wp-json\/wp\/v2\/product"}],"about":[{"href":"https:\/\/www.claret.cat\/es\/wp-json\/wp\/v2\/types\/product"}],"wp:featuredmedia":[{"embeddable":true,"href":"https:\/\/www.claret.cat\/es\/wp-json\/wp\/v2\/media\/321319"}],"wp:attachment":[{"href":"https:\/\/www.claret.cat\/es\/wp-json\/wp\/v2\/media?parent=239788"}],"wp:term":[{"taxonomy":"product_brand","embeddable":true,"href":"https:\/\/www.claret.cat\/es\/wp-json\/wp\/v2\/product_brand?post=239788"},{"taxonomy":"product_cat","embeddable":true,"href":"https:\/\/www.claret.cat\/es\/wp-json\/wp\/v2\/product_cat?post=239788"},{"taxonomy":"product_tag","embeddable":true,"href":"https:\/\/www.claret.cat\/es\/wp-json\/wp\/v2\/product_tag?post=239788"}],"curies":[{"name":"wp","href":"https:\/\/api.w.org\/{rel}","templated":true}]}}