{"id":239800,"date":"2022-10-20T23:50:14","date_gmt":"2022-10-20T21:50:14","guid":{"rendered":"http:\/\/dev.claret.cat\/producte\/el-castell-de-dragonaire\/"},"modified":"2023-01-28T09:39:59","modified_gmt":"2023-01-28T08:39:59","slug":"el-castell-de-dragonaire-9788494495946","status":"publish","type":"product","link":"https:\/\/www.claret.cat\/es\/libro\/el-castell-de-dragonaire-9788494495946\/","title":{"rendered":"EL CASTELL DE DRAGONAIRE"},"content":{"rendered":"<p>Tercera entrega de la s\u00e8rie Dragonaire. Aquesta vegada, l&#8217;Edu, l&#8217;improvisat cuidador de dracs, deur\u00e0 emprendre un viatge a Gales amb m\u00e9s equipatge del que el seu pare hagu\u00e9s volgut. L&#8217;oncle Manel, novament, li demana al seu nebot que l&#8217;ajudi amb les seues curioses i, sovint, molt salvatges mascotes, que trastoquen la vida de l&#8217;Edu i la seva fam\u00edlia.<\/p>\n","protected":false},"excerpt":{"rendered":"<p>JOSH LACEY<\/p>\n","protected":false},"featured_media":239801,"template":"","meta":{"_acf_changed":false,"om_disable_all_campaigns":false,"rs_blank_template":"","rs_page_bg_color":"","slide_template_v7":"","inline_featured_image":false,"_monsterinsights_skip_tracking":false,"_monsterinsights_sitenote_active":false,"_monsterinsights_sitenote_note":"","_monsterinsights_sitenote_category":0},"product_brand":[],"product_cat":[16],"product_tag":[],"class_list":{"0":"post-239800","1":"product","2":"type-product","3":"status-publish","4":"has-post-thumbnail","6":"product_cat-sense-categoria","8":"first","9":"instock","10":"taxable","11":"shipping-taxable","12":"purchasable","13":"product-type-simple"},"acf":{"autor":"JOSH LACEY","codart":"849449594","libros-coleccion":"SUSHI BOOKS","ediciones":"1","encuadernacion":"R\u00fastica","fecha_de_publicacion":"01\/02\/2016","novedad":"1","paginas":"60","subtitulo":"","orden":"0","portada":"0","idioma":"cat","editorial":[{"ID":147804,"post_author":"3","post_date":"2022-10-14 11:53:21","post_date_gmt":"2022-10-14 09:53:21","post_content":"","post_title":"EDICIONES EKARE","post_excerpt":"","post_status":"publish","comment_status":"closed","ping_status":"closed","post_password":"","post_name":"ediciones-ekare","to_ping":"","pinged":"","post_modified":"2022-10-14 11:53:21","post_modified_gmt":"2022-10-14 09:53:21","post_content_filtered":"","post_parent":0,"guid":"http:\/\/dev.claret.cat\/editorial\/ediciones-ekare\/","menu_order":0,"post_type":"editorial","post_mime_type":"","comment_count":"0","filter":"raw"}],"autores-libros":[{"ID":160888,"post_author":"3","post_date":"2022-10-14 15:56:41","post_date_gmt":"2022-10-14 13:56:41","post_content":"","post_title":"JOSH LACEY","post_excerpt":"","post_status":"publish","comment_status":"closed","ping_status":"closed","post_password":"","post_name":"josh-lacey","to_ping":"","pinged":"","post_modified":"2022-10-14 15:56:41","post_modified_gmt":"2022-10-14 13:56:41","post_content_filtered":"","post_parent":0,"guid":"http:\/\/dev.claret.cat\/autor\/josh-lacey\/","menu_order":0,"post_type":"autor","post_mime_type":"","comment_count":"0","filter":"raw"}]},"aioseo_notices":[],"_links":{"self":[{"href":"https:\/\/www.claret.cat\/es\/wp-json\/wp\/v2\/product\/239800","targetHints":{"allow":["GET"]}}],"collection":[{"href":"https:\/\/www.claret.cat\/es\/wp-json\/wp\/v2\/product"}],"about":[{"href":"https:\/\/www.claret.cat\/es\/wp-json\/wp\/v2\/types\/product"}],"wp:featuredmedia":[{"embeddable":true,"href":"https:\/\/www.claret.cat\/es\/wp-json\/wp\/v2\/media\/239801"}],"wp:attachment":[{"href":"https:\/\/www.claret.cat\/es\/wp-json\/wp\/v2\/media?parent=239800"}],"wp:term":[{"taxonomy":"product_brand","embeddable":true,"href":"https:\/\/www.claret.cat\/es\/wp-json\/wp\/v2\/product_brand?post=239800"},{"taxonomy":"product_cat","embeddable":true,"href":"https:\/\/www.claret.cat\/es\/wp-json\/wp\/v2\/product_cat?post=239800"},{"taxonomy":"product_tag","embeddable":true,"href":"https:\/\/www.claret.cat\/es\/wp-json\/wp\/v2\/product_tag?post=239800"}],"curies":[{"name":"wp","href":"https:\/\/api.w.org\/{rel}","templated":true}]}}