{"id":239908,"date":"2022-10-20T23:52:49","date_gmt":"2022-10-20T21:52:49","guid":{"rendered":"http:\/\/dev.claret.cat\/producte\/los-ultimos-dias-de-nuestros-padres-2\/"},"modified":"2023-01-28T12:28:19","modified_gmt":"2023-01-28T11:28:19","slug":"los-ultimos-dias-de-nuestros-padres-9788466329880","status":"publish","type":"product","link":"https:\/\/www.claret.cat\/es\/libro\/los-ultimos-dias-de-nuestros-padres-9788466329880\/","title":{"rendered":"LOS \u00daLTIMOS D\u00cdAS DE NUESTROS PADRES"},"content":{"rendered":"<p>La primera novela del \u00abfen\u00f3meno planetario\u00bb (Babelia) Jo\u00ebl  Dicker, \u00abel suizo que resucita las librer\u00edas\u00bb (El Pa\u00eds Semanal), el \u00abirritante ni\u00f1o prodigio literario\u00bb (The New York Times),  ganadora del Premio de los Escritores Ginebrinos.En 1940 Winston Churchill tiene una idea que cambiar\u00e1 el curso de la  guerra: crear una nueva secci\u00f3n de los servicios secretos, el Special  Operations Executive (SOE), para llevar a cabo acciones de sabotaje  desde el interior de las l\u00edneas enemigas. Unos meses m\u00e1s  tarde, el  joven Paul-\u00c9mile deja Par\u00eds rumbo a Londres con la esperanza de unirse a  la Resistencia. El SOE no tarda en llamarlo a sus filas, junto a un  grupo de j\u00f3venes compa\u00f1eros. Tras un entrenamiento brutal, los pocos  elegidos conocer\u00e1n el amor, el miedo y la amistad, y ser\u00e1n enviados en  misi\u00f3n a la Francia ocupada. Pero el contraespionaje alem\u00e1n ya ha sido alertado.Un jovenc\u00edsimo Jo\u00ebl Dicker, que luego deslumbrar\u00e1 a m\u00e1s de dos millones de lectores con La verdad sobre el caso Harry Quebert, aborda un  hecho de la Segunda Guerra Mundial que fue mantenido en secreto durante  a\u00f1os, y demuestra, en esta novela ganadora  del Premio de los Escritores  Ginebrinos, su talento para crear una historia y unos personajes inolvidables.Rese\u00f1a:<br \/>\u00abUna lectura envolvente. Dicker no solo demuestra conocer a fondo el  tema sino que se compromete con los personajes, se vuelve l\u00edrico.  Transmite con fuerza el poder reconfortante de ese &#8216;nosotros&#8217; que surge en las horas cr\u00edticas de la historia.\u00bb<br \/>Emmanuel Gehrig,  Le TempsRese\u00f1as a La verdad sobre el caso Harry Quebert:<br \/>\u00abComo si Norman Mailer hubiera sido acusado de asesinato y Truman Capote hubiera colaborado para contarlo todo&#8230; Pero sospecho que  Dicker es m\u00e1s divertido.\u00bb<br \/>Chelsea Cain, The New York Times\u00abEstamos ante el gran thriller que todo el mundo esperaba desde Millenium de Larsson, ante una voz napole\u00f3nica, que no escribe,  boxea&#8230; Una novela que no es una novela, es una batalla. Como todo gran libro que se precie.\u00bb<br \/>Laura Fern\u00e1ndez, El Cultural de  El Mundo\u00abLlega el fen\u00f3meno Dicker&#8230; El sucesor de Stieg Larsson y E.L. James&#8230; Entretenimiento en vena&#8230; Terriblemente adictivo.\u00bb<br \/>Antonio Lozano, La Vanguardia\u00abSi usted mete las narices en esta gran novela, est\u00e1 perdido: tendr\u00e1 que  seguir hasta el final. Se sentir\u00e1 manipulado, desorientado, asombrado,  irritado y apasionado por una historia con muchas sorpresas y falsas pistas.\u00bb<br \/>Bernard Pivot (de la Academia Goncourt), Le Journal du dimanche<\/p>\n","protected":false},"excerpt":{"rendered":"<p>DICKER, JO\u00cbL<\/p>\n","protected":false},"featured_media":239909,"template":"","meta":{"_acf_changed":false,"om_disable_all_campaigns":false,"rs_blank_template":"","rs_page_bg_color":"","slide_template_v7":"","inline_featured_image":false,"_monsterinsights_skip_tracking":false,"_monsterinsights_sitenote_active":false,"_monsterinsights_sitenote_note":"","_monsterinsights_sitenote_category":0},"product_brand":[],"product_cat":[87],"product_tag":[],"class_list":{"0":"post-239908","1":"product","2":"type-product","3":"status-publish","4":"has-post-thumbnail","6":"product_cat-literatura","8":"first","9":"instock","10":"taxable","11":"shipping-taxable","12":"purchasable","13":"product-type-simple"},"acf":{"autor":"DICKER, JO\u00cbL","codart":"846632988","libros-coleccion":"","ediciones":"1","encuadernacion":"R\u00fastica","fecha_de_publicacion":"01\/02\/2016","novedad":"0","paginas":"461","subtitulo":"","orden":"999","portada":"0","idioma":"spa","editorial":[{"ID":6178,"post_author":"3","post_date":"2022-07-28 17:46:34","post_date_gmt":"2022-07-28 15:46:34","post_content":"","post_title":"DEBOLSILLO","post_excerpt":"","post_status":"publish","comment_status":"closed","ping_status":"closed","post_password":"","post_name":"debolsillo","to_ping":"","pinged":"","post_modified":"2022-07-28 17:46:34","post_modified_gmt":"2022-07-28 15:46:34","post_content_filtered":"","post_parent":0,"guid":"http:\/\/dev.claret.cat\/editorial\/debolsillo\/","menu_order":0,"post_type":"editorial","post_mime_type":"","comment_count":"0","filter":"raw"}],"autores-libros":[{"ID":5606,"post_author":"3","post_date":"2022-07-28 17:27:36","post_date_gmt":"2022-07-28 15:27:36","post_content":"","post_title":"JO\u00cbL DICKER","post_excerpt":"","post_status":"publish","comment_status":"closed","ping_status":"closed","post_password":"","post_name":"joel-dicker","to_ping":"","pinged":"","post_modified":"2022-07-28 17:27:36","post_modified_gmt":"2022-07-28 15:27:36","post_content_filtered":"","post_parent":0,"guid":"http:\/\/dev.claret.cat\/autor\/joel-dicker\/","menu_order":0,"post_type":"autor","post_mime_type":"","comment_count":"0","filter":"raw"}]},"aioseo_notices":[],"_links":{"self":[{"href":"https:\/\/www.claret.cat\/es\/wp-json\/wp\/v2\/product\/239908","targetHints":{"allow":["GET"]}}],"collection":[{"href":"https:\/\/www.claret.cat\/es\/wp-json\/wp\/v2\/product"}],"about":[{"href":"https:\/\/www.claret.cat\/es\/wp-json\/wp\/v2\/types\/product"}],"wp:featuredmedia":[{"embeddable":true,"href":"https:\/\/www.claret.cat\/es\/wp-json\/wp\/v2\/media\/239909"}],"wp:attachment":[{"href":"https:\/\/www.claret.cat\/es\/wp-json\/wp\/v2\/media?parent=239908"}],"wp:term":[{"taxonomy":"product_brand","embeddable":true,"href":"https:\/\/www.claret.cat\/es\/wp-json\/wp\/v2\/product_brand?post=239908"},{"taxonomy":"product_cat","embeddable":true,"href":"https:\/\/www.claret.cat\/es\/wp-json\/wp\/v2\/product_cat?post=239908"},{"taxonomy":"product_tag","embeddable":true,"href":"https:\/\/www.claret.cat\/es\/wp-json\/wp\/v2\/product_tag?post=239908"}],"curies":[{"name":"wp","href":"https:\/\/api.w.org\/{rel}","templated":true}]}}