{"id":239941,"date":"2022-10-20T23:53:35","date_gmt":"2022-10-20T21:53:35","guid":{"rendered":"http:\/\/dev.claret.cat\/producte\/la-verdad-sobre-el-caso-harry-quebert-3\/"},"modified":"2026-05-11T16:21:40","modified_gmt":"2026-05-11T14:21:40","slug":"la-verdad-sobre-el-caso-harry-quebert-9788466332286","status":"publish","type":"product","link":"https:\/\/www.claret.cat\/es\/libro\/la-verdad-sobre-el-caso-harry-quebert-9788466332286\/","title":{"rendered":"LA VERDAD SOBRE EL CASO HARRY QUEBERT"},"content":{"rendered":"<p>El mayor fen\u00f3meno editorial de los \u00faltimos a\u00f1os: un joven suizo de 27 a\u00f1os con un thriller monumental.Qui\u00e9n mat\u00f3 a Nola Kellergan es la gran inc\u00f3gnita a desvelar en esta  incomparable historia polic\u00edaca cuya experiencia de lectura escapa a cualquier tentativa de descripci\u00f3n.Intent\u00e9moslo:Una novela de suspense a tres tiempos -1975, 1998 y 2008- acerca del  asesinato de una joven de quince a\u00f1os en la peque\u00f1a ciudad de Aurora, en New Hampshire.En 2008, Marcus Goldman, un joven escritor, visita a su mentor -Harry  Quebert, autor de una aclamada novela- y descubre que \u00e9ste tuvo una  relaci\u00f3n secreta con Nola Kellergan. Poco despu\u00e9s, Harry es arrestado y  acusado de asesinato al encontrarse el cad\u00e1ver de Nola enterrado en su jard\u00edn.Marcus comienza a investigar y a escribir un libro sobre el caso.  Mientras busca demostrar la inocencia de Harry, una trama de secretos  sale a la luz. La verdad solo llega al final de un largo, intrincado y apasionante recorrido.El mejor libro del a\u00f1o para los lectores de El Pa\u00eds.<br \/>N\u00famero 1 en ventas en Francia.<br \/>M\u00e1s de 2.000.000 de lectores.<br \/>Derechos de traducci\u00f3n vendidos a 33 idiomas.<br \/>Premio Goncourt des Lyc\u00e9ens.<br \/>Gran Premio de Novela de la Academia Francesa.<br \/>Premio Lire a la mejor novela en lengua francesa.La cr\u00edtica ha dicho&#8230;<br \/>\u00abEl furor despertado por el jovenc\u00edsimo Dicker y su magistral novela es  un furor real, porque estamos ante el gran thriller que todo el mundo esperaba desde Millenium de Larsson, ante una voz  napole\u00f3nica, que no escribe, boxea.\u00bb<br \/>Laura Fern\u00e1ndez, El Cultural de El Mundo\u00abHay algo fant\u00e1stico en la precisi\u00f3n cinematogr\u00e1fica con que el  narrador, el joven Markus Goldman, transcribe lo que ocurri\u00f3 hace 33  a\u00f1os&#8230; La novela de Jo\u00ebl Dicker pertenece a ese tipo de literatura que  genera literatura, es decir, que invita a continuar inventando novelas.\u00bb<br \/>Justo Navarro, Babelia\u00abEsta novela se aplaudir\u00e1 y estudiar\u00e1 en los talleres de escritura. Un thriller mod\u00e9lico, con la solvencia de Larsson&#8230; Lea este libro.\u00bb<br \/>Enrique de H\u00e9riz, El Peri\u00f3dico de Catalunya\u00ab&#8217;Todo el mundo hablaba del libro.&#8217; Esta es la primera frase de La verdad sobre el caso Harry Quebert: una profec\u00eda autocumplida, pues  el libro de Jo\u00ebl Dicker ya se ha transformado en un fen\u00f3meno mundial.\u00bb<br \/>Le Monde<\/p>\n","protected":false},"excerpt":{"rendered":"<p>DICKER, JO\u00cbL<\/p>\n","protected":false},"featured_media":981694,"template":"","meta":{"_acf_changed":false,"om_disable_all_campaigns":false,"rs_blank_template":"","rs_page_bg_color":"","slide_template_v7":"","inline_featured_image":false,"_monsterinsights_skip_tracking":false,"_monsterinsights_sitenote_active":false,"_monsterinsights_sitenote_note":"","_monsterinsights_sitenote_category":0},"product_brand":[],"product_cat":[353,87],"product_tag":[],"class_list":{"0":"post-239941","1":"product","2":"type-product","3":"status-publish","4":"has-post-thumbnail","6":"product_cat-literatura-2_humanidades","7":"product_cat-literatura","9":"first","10":"instock","11":"taxable","12":"shipping-taxable","13":"purchasable","14":"product-type-simple"},"acf":{"autor":"DICKER, JO\u00cbL","codart":"846633228","libros-coleccion":"","ediciones":"1","encuadernacion":"R\u00fastica","fecha_de_publicacion":"01\/02\/2016","novedad":"0","paginas":"793","subtitulo":"","orden":"999","portada":"0","idioma":"spa","editorial":[{"ID":6178,"post_author":"3","post_date":"2022-07-28 17:46:34","post_date_gmt":"2022-07-28 15:46:34","post_content":"","post_title":"DEBOLSILLO","post_excerpt":"","post_status":"publish","comment_status":"closed","ping_status":"closed","post_password":"","post_name":"debolsillo","to_ping":"","pinged":"","post_modified":"2022-07-28 17:46:34","post_modified_gmt":"2022-07-28 15:46:34","post_content_filtered":"","post_parent":0,"guid":"http:\/\/dev.claret.cat\/editorial\/debolsillo\/","menu_order":0,"post_type":"editorial","post_mime_type":"","comment_count":"0","filter":"raw"}],"autores-libros":[{"ID":5606,"post_author":"3","post_date":"2022-07-28 17:27:36","post_date_gmt":"2022-07-28 15:27:36","post_content":"","post_title":"JO\u00cbL DICKER","post_excerpt":"","post_status":"publish","comment_status":"closed","ping_status":"closed","post_password":"","post_name":"joel-dicker","to_ping":"","pinged":"","post_modified":"2022-07-28 17:27:36","post_modified_gmt":"2022-07-28 15:27:36","post_content_filtered":"","post_parent":0,"guid":"http:\/\/dev.claret.cat\/autor\/joel-dicker\/","menu_order":0,"post_type":"autor","post_mime_type":"","comment_count":"0","filter":"raw"}],"booktrailer":"","resenas":""},"aioseo_notices":[],"_links":{"self":[{"href":"https:\/\/www.claret.cat\/es\/wp-json\/wp\/v2\/product\/239941","targetHints":{"allow":["GET"]}}],"collection":[{"href":"https:\/\/www.claret.cat\/es\/wp-json\/wp\/v2\/product"}],"about":[{"href":"https:\/\/www.claret.cat\/es\/wp-json\/wp\/v2\/types\/product"}],"wp:featuredmedia":[{"embeddable":true,"href":"https:\/\/www.claret.cat\/es\/wp-json\/wp\/v2\/media\/981694"}],"wp:attachment":[{"href":"https:\/\/www.claret.cat\/es\/wp-json\/wp\/v2\/media?parent=239941"}],"wp:term":[{"taxonomy":"product_brand","embeddable":true,"href":"https:\/\/www.claret.cat\/es\/wp-json\/wp\/v2\/product_brand?post=239941"},{"taxonomy":"product_cat","embeddable":true,"href":"https:\/\/www.claret.cat\/es\/wp-json\/wp\/v2\/product_cat?post=239941"},{"taxonomy":"product_tag","embeddable":true,"href":"https:\/\/www.claret.cat\/es\/wp-json\/wp\/v2\/product_tag?post=239941"}],"curies":[{"name":"wp","href":"https:\/\/api.w.org\/{rel}","templated":true}]}}