{"id":240106,"date":"2022-10-20T23:57:41","date_gmt":"2022-10-20T21:57:41","guid":{"rendered":"http:\/\/dev.claret.cat\/producte\/arte-en-la-sangre-2\/"},"modified":"2023-01-28T14:27:11","modified_gmt":"2023-01-28T13:27:11","slug":"arte-en-la-sangre-9788416502103","status":"publish","type":"product","link":"https:\/\/www.claret.cat\/es\/libro\/arte-en-la-sangre-9788416502103\/","title":{"rendered":"ARTE EN LA SANGRE"},"content":{"rendered":"<p>Londres. Un diciembre nevado, 1888.Sherlock Holmes, de 34 a\u00f1os, languidece y ha vuelto a la coca\u00edna tras una desastrosa investigaci\u00f3n sobre Jack el Destripador.Watson no logra consolar ni reanimar a su amigo, hasta que llega de Par\u00eds una carta codificada de modo extra\u00f1o. Mademoiselle La Victoire, una hermosa cantante de cabaret francesa, cuenta que el hijo ileg\u00edtimo que tuvo con un lord ingl\u00e9s ha desaparecido y que ella ha sido atacada en las calles de Montmartre.Acompa\u00f1ado de Watson, Holmes viaja a Par\u00eds y descubre que el ni\u00f1o desaparecido es solo la punta del iceberg de un problema mucho mayor: la estatua m\u00e1s valiosa desde la Victoria de Samotracia ha sido robada de forma violenta en Marsella, y han encontrado asesinados a varios ni\u00f1os de un telar de seda en Lancashire. Las pistas en los tres casos apuntan a un hombre intocable.\u00bfConseguir\u00e1 Holmes recuperarse a tiempo para encontrar al chico desaparecido y poner fin a la ola de asesinatos? Para hacerlo, tendr\u00e1 que ir siempre un paso por delante de un peligroso rival franc\u00e9s y esquivar las amenazadoras intromisiones de su propio hermano, Mycroft.Esta \u00faltima aventura, al estilo de sir Arthur Conan Doyle, manda al ic\u00f3nico d\u00fao desde Londres hasta Par\u00eds y de ah\u00ed a los p\u00e1ramos helados de Lancashire en un caso que pone a prueba la amistad de Watson y la fragilidad y el talento de la naturaleza art\u00edstica de Sherlock Holmes.<\/p>\n","protected":false},"excerpt":{"rendered":"<p>MACBIRD, BONNIE<\/p>\n","protected":false},"featured_media":240107,"template":"","meta":{"_acf_changed":false,"om_disable_all_campaigns":false,"rs_blank_template":"","rs_page_bg_color":"","slide_template_v7":"","inline_featured_image":false,"_monsterinsights_skip_tracking":false,"_monsterinsights_sitenote_active":false,"_monsterinsights_sitenote_note":"","_monsterinsights_sitenote_category":0},"product_brand":[],"product_cat":[87],"product_tag":[],"class_list":{"0":"post-240106","1":"product","2":"type-product","3":"status-publish","4":"has-post-thumbnail","6":"product_cat-literatura","8":"first","9":"instock","10":"taxable","11":"shipping-taxable","12":"purchasable","13":"product-type-simple"},"acf":{"autor":"MACBIRD, BONNIE","codart":"841650210","libros-coleccion":"","ediciones":"1","encuadernacion":"R\u00fastica","fecha_de_publicacion":"01\/02\/2016","novedad":"0","paginas":"267","subtitulo":"","orden":"999","portada":"0","idioma":"spa","editorial":[{"ID":148246,"post_author":"3","post_date":"2022-10-14 11:56:45","post_date_gmt":"2022-10-14 09:56:45","post_content":"","post_title":"HARPER COLLINS PUBLISHERS","post_excerpt":"","post_status":"publish","comment_status":"closed","ping_status":"closed","post_password":"","post_name":"harper-collins-publishers","to_ping":"","pinged":"","post_modified":"2022-10-14 11:56:45","post_modified_gmt":"2022-10-14 09:56:45","post_content_filtered":"","post_parent":0,"guid":"http:\/\/dev.claret.cat\/editorial\/harper-collins-publishers\/","menu_order":0,"post_type":"editorial","post_mime_type":"","comment_count":"0","filter":"raw"}],"autores-libros":[{"ID":151809,"post_author":"3","post_date":"2022-10-14 14:43:48","post_date_gmt":"2022-10-14 12:43:48","post_content":"","post_title":"BONNIE MACBIRD","post_excerpt":"","post_status":"publish","comment_status":"closed","ping_status":"closed","post_password":"","post_name":"bonnie-macbird","to_ping":"","pinged":"","post_modified":"2022-10-14 14:43:48","post_modified_gmt":"2022-10-14 12:43:48","post_content_filtered":"","post_parent":0,"guid":"http:\/\/dev.claret.cat\/autor\/bonnie-macbird\/","menu_order":0,"post_type":"autor","post_mime_type":"","comment_count":"0","filter":"raw"}]},"aioseo_notices":[],"_links":{"self":[{"href":"https:\/\/www.claret.cat\/es\/wp-json\/wp\/v2\/product\/240106","targetHints":{"allow":["GET"]}}],"collection":[{"href":"https:\/\/www.claret.cat\/es\/wp-json\/wp\/v2\/product"}],"about":[{"href":"https:\/\/www.claret.cat\/es\/wp-json\/wp\/v2\/types\/product"}],"wp:featuredmedia":[{"embeddable":true,"href":"https:\/\/www.claret.cat\/es\/wp-json\/wp\/v2\/media\/240107"}],"wp:attachment":[{"href":"https:\/\/www.claret.cat\/es\/wp-json\/wp\/v2\/media?parent=240106"}],"wp:term":[{"taxonomy":"product_brand","embeddable":true,"href":"https:\/\/www.claret.cat\/es\/wp-json\/wp\/v2\/product_brand?post=240106"},{"taxonomy":"product_cat","embeddable":true,"href":"https:\/\/www.claret.cat\/es\/wp-json\/wp\/v2\/product_cat?post=240106"},{"taxonomy":"product_tag","embeddable":true,"href":"https:\/\/www.claret.cat\/es\/wp-json\/wp\/v2\/product_tag?post=240106"}],"curies":[{"name":"wp","href":"https:\/\/api.w.org\/{rel}","templated":true}]}}