{"id":240154,"date":"2022-10-20T23:58:53","date_gmt":"2022-10-20T21:58:53","guid":{"rendered":"http:\/\/dev.claret.cat\/producte\/39-semanas\/"},"modified":"2023-01-28T14:15:08","modified_gmt":"2023-01-28T13:15:08","slug":"39-semanas-9788416489282","status":"publish","type":"product","link":"https:\/\/www.claret.cat\/es\/libro\/39-semanas-9788416489282\/","title":{"rendered":"39 SEMANAS"},"content":{"rendered":"<p>\u00a1Hola! Me llamo Esther, soy ilustradora y, desde hace poco, mam\u00e1.No he estudiado medicina, ni soy matrona, ni experta en el tema, tan solo soy una primeriza m\u00e1s que ya ha pasado por esto y con la que podr\u00edas estar hablando en una cafeter\u00eda.En este libro encontrar\u00e1s algunas cosas \u00fatiles y otras que simplemente te har\u00e1n re\u00edr. Mi intenci\u00f3n es que se te quite el miedo a eso de \u00abla maternidad\u00bb.<\/p>\n","protected":false},"excerpt":{"rendered":"<p>GILI, ESTHER<\/p>\n","protected":false},"featured_media":240155,"template":"","meta":{"_acf_changed":false,"om_disable_all_campaigns":false,"rs_blank_template":"","rs_page_bg_color":"","slide_template_v7":"","inline_featured_image":false,"_monsterinsights_skip_tracking":false,"_monsterinsights_sitenote_active":false,"_monsterinsights_sitenote_note":"","_monsterinsights_sitenote_category":0},"product_brand":[],"product_cat":[100],"product_tag":[],"class_list":{"0":"post-240154","1":"product","2":"type-product","3":"status-publish","4":"has-post-thumbnail","6":"product_cat-escola-de-pares","8":"first","9":"instock","10":"taxable","11":"shipping-taxable","12":"purchasable","13":"product-type-simple"},"acf":{"autor":"GILI, ESTHER","codart":"841648928","libros-coleccion":"","ediciones":"1","encuadernacion":"Carton\u00e9","fecha_de_publicacion":"01\/02\/2016","novedad":"0","paginas":"179","subtitulo":"Y MIS EXPERIENCIAS COMO MADRE NOVATA","orden":"999","portada":"0","idioma":"spa","autores-libros":[{"ID":155436,"post_author":"3","post_date":"2022-10-14 15:12:49","post_date_gmt":"2022-10-14 13:12:49","post_content":"","post_title":"ESTHER GILI","post_excerpt":"","post_status":"publish","comment_status":"closed","ping_status":"closed","post_password":"","post_name":"esther-gili","to_ping":"","pinged":"","post_modified":"2022-10-14 15:12:49","post_modified_gmt":"2022-10-14 13:12:49","post_content_filtered":"","post_parent":0,"guid":"http:\/\/dev.claret.cat\/autor\/esther-gili\/","menu_order":0,"post_type":"autor","post_mime_type":"","comment_count":"0","filter":"raw"}]},"aioseo_notices":[],"_links":{"self":[{"href":"https:\/\/www.claret.cat\/es\/wp-json\/wp\/v2\/product\/240154","targetHints":{"allow":["GET"]}}],"collection":[{"href":"https:\/\/www.claret.cat\/es\/wp-json\/wp\/v2\/product"}],"about":[{"href":"https:\/\/www.claret.cat\/es\/wp-json\/wp\/v2\/types\/product"}],"wp:featuredmedia":[{"embeddable":true,"href":"https:\/\/www.claret.cat\/es\/wp-json\/wp\/v2\/media\/240155"}],"wp:attachment":[{"href":"https:\/\/www.claret.cat\/es\/wp-json\/wp\/v2\/media?parent=240154"}],"wp:term":[{"taxonomy":"product_brand","embeddable":true,"href":"https:\/\/www.claret.cat\/es\/wp-json\/wp\/v2\/product_brand?post=240154"},{"taxonomy":"product_cat","embeddable":true,"href":"https:\/\/www.claret.cat\/es\/wp-json\/wp\/v2\/product_cat?post=240154"},{"taxonomy":"product_tag","embeddable":true,"href":"https:\/\/www.claret.cat\/es\/wp-json\/wp\/v2\/product_tag?post=240154"}],"curies":[{"name":"wp","href":"https:\/\/api.w.org\/{rel}","templated":true}]}}