{"id":240214,"date":"2022-10-21T00:00:23","date_gmt":"2022-10-20T22:00:23","guid":{"rendered":"http:\/\/dev.claret.cat\/producte\/frida-kahlo-para-ninas-y-ninos\/"},"modified":"2024-05-23T00:55:46","modified_gmt":"2024-05-22T22:55:46","slug":"frida-kahlo-para-ninas-y-ninos-9788494512704","status":"publish","type":"product","link":"https:\/\/www.claret.cat\/es\/libro\/frida-kahlo-para-ninas-y-ninos-9788494512704\/","title":{"rendered":"FRIDA KAHLO PARA NI\u00d1AS Y NI\u00d1OS"},"content":{"rendered":"<p>El primer libro de la colecci\u00f3n cuenta la vida de la artista pl\u00e1stica mexicana en el marco de una revoluci\u00f3n que impact\u00f3 en todos los \u00e1mbitos de la vida social, a trav\u00e9s de un relato ameno y colorido dirigido a una nueva generaci\u00f3n de ni\u00f1as y ni\u00f1os sensibles y comprometidos con la verdad.<br \/>Un libro que no le escapa a las batallas que tuvo que asumir Frida en toda su vida para llegar a ser una de las referentes m\u00e1s importantes del siglo XX: Arte y revoluci\u00f3n, lucha de g\u00e9nero, cultura originaria, enfermedad y capacidades diferentes son abordados por los autores con una sensibilidad especial. Incluso la muerte de la protagonista est\u00e1 abordada desde la m\u00edtica azteca. El libro incluye fragmentos divertidos y actividades did\u00e1cticas, ideales para ser tomados por la pr\u00e1ctica docente.<\/p>\n","protected":false},"excerpt":{"rendered":"<p>FINK, NADIA<\/p>\n","protected":false},"featured_media":362590,"template":"","meta":{"_acf_changed":false,"om_disable_all_campaigns":false,"rs_blank_template":"","rs_page_bg_color":"","slide_template_v7":"","inline_featured_image":false,"_monsterinsights_skip_tracking":false,"_monsterinsights_sitenote_active":false,"_monsterinsights_sitenote_note":"","_monsterinsights_sitenote_category":0},"product_brand":[],"product_cat":[86,352],"product_tag":[],"class_list":{"0":"post-240214","1":"product","2":"type-product","3":"status-publish","4":"has-post-thumbnail","6":"product_cat-infantil","7":"product_cat-infantil-3_infantil-juvenil-spa","9":"first","10":"instock","11":"taxable","12":"shipping-taxable","13":"purchasable","14":"product-type-simple"},"acf":{"autor":"FINK, NADIA","codart":"849451270","libros-coleccion":"Otras princesas","ediciones":"1","encuadernacion":"R\u00fastica","fecha_de_publicacion":"01\/02\/2016","novedad":"1","paginas":"24","subtitulo":"","orden":"0","portada":"0","idioma":"spa","autores-libros":[{"ID":165572,"post_author":"3","post_date":"2022-10-14 17:56:15","post_date_gmt":"2022-10-14 15:56:15","post_content":"","post_title":"NADIA FINK","post_excerpt":"","post_status":"publish","comment_status":"closed","ping_status":"closed","post_password":"","post_name":"nadia-fink","to_ping":"","pinged":"","post_modified":"2022-10-14 17:56:15","post_modified_gmt":"2022-10-14 15:56:15","post_content_filtered":"","post_parent":0,"guid":"http:\/\/dev.claret.cat\/autor\/nadia-fink\/","menu_order":0,"post_type":"autor","post_mime_type":"","comment_count":"0","filter":"raw"}],"editorial":[{"ID":262282,"post_author":"3","post_date":"2022-10-24 11:22:19","post_date_gmt":"2022-10-24 09:22:19","post_content":"","post_title":"Maime Mujer","post_excerpt":"","post_status":"publish","comment_status":"closed","ping_status":"closed","post_password":"","post_name":"maime-mujer","to_ping":"","pinged":"","post_modified":"2022-10-24 11:22:19","post_modified_gmt":"2022-10-24 09:22:19","post_content_filtered":"","post_parent":0,"guid":"http:\/\/dev.claret.cat\/editorial\/maime-mujer\/","menu_order":0,"post_type":"editorial","post_mime_type":"","comment_count":"0","filter":"raw"}]},"aioseo_notices":[],"_links":{"self":[{"href":"https:\/\/www.claret.cat\/es\/wp-json\/wp\/v2\/product\/240214","targetHints":{"allow":["GET"]}}],"collection":[{"href":"https:\/\/www.claret.cat\/es\/wp-json\/wp\/v2\/product"}],"about":[{"href":"https:\/\/www.claret.cat\/es\/wp-json\/wp\/v2\/types\/product"}],"wp:featuredmedia":[{"embeddable":true,"href":"https:\/\/www.claret.cat\/es\/wp-json\/wp\/v2\/media\/362590"}],"wp:attachment":[{"href":"https:\/\/www.claret.cat\/es\/wp-json\/wp\/v2\/media?parent=240214"}],"wp:term":[{"taxonomy":"product_brand","embeddable":true,"href":"https:\/\/www.claret.cat\/es\/wp-json\/wp\/v2\/product_brand?post=240214"},{"taxonomy":"product_cat","embeddable":true,"href":"https:\/\/www.claret.cat\/es\/wp-json\/wp\/v2\/product_cat?post=240214"},{"taxonomy":"product_tag","embeddable":true,"href":"https:\/\/www.claret.cat\/es\/wp-json\/wp\/v2\/product_tag?post=240214"}],"curies":[{"name":"wp","href":"https:\/\/api.w.org\/{rel}","templated":true}]}}