{"id":240217,"date":"2022-10-21T00:00:28","date_gmt":"2022-10-20T22:00:28","guid":{"rendered":"http:\/\/dev.claret.cat\/producte\/julio-cortazar-para-ninas-y-ninos\/"},"modified":"2024-05-23T00:55:58","modified_gmt":"2024-05-22T22:55:58","slug":"julio-cortazar-para-ninas-y-ninos-9788494512711","status":"publish","type":"product","link":"https:\/\/www.claret.cat\/es\/libro\/julio-cortazar-para-ninas-y-ninos-9788494512711\/","title":{"rendered":"JULIO CORT\u00c1ZAR PARA NI\u00d1AS Y NI\u00d1OS"},"content":{"rendered":"<p>Finalmente sale a la calle nuestro primer Antih\u00e9roe, el escritor delgado y de ojos grandes, que llega a las ni\u00f1as y ni\u00f1os de la mano del juego y la fantas\u00eda. Rescatamos su (s\u00faper) poder de la palabra, de encontrar la magia y la fantas\u00eda en peque\u00f1as historias reales (como la del gato tel\u00e9fono), y de volver a la infancia siempre, al juego como en Rayuela y tantos otros cuentos.<br \/>Descubrimos al Cort\u00e1zar infantil y travieso, creador de seres imaginarios como los Cronopios y las Famas, como la Mancuspia y los Cosoares, pero tambi\u00e9n al descubridor de bestias raras, como el Axolotl y el Oso blando de los ca\u00f1os. Un libro divertido y desafiante a la imaginaci\u00f3n, y a la vez sencillo para ser disfrutado por los m\u00e1s peque\u00f1os.<\/p>\n","protected":false},"excerpt":{"rendered":"<p>FINK, NADIA<\/p>\n","protected":false},"featured_media":362592,"template":"","meta":{"_acf_changed":false,"om_disable_all_campaigns":false,"rs_blank_template":"","rs_page_bg_color":"","slide_template_v7":"","inline_featured_image":false,"_monsterinsights_skip_tracking":false,"_monsterinsights_sitenote_active":false,"_monsterinsights_sitenote_note":"","_monsterinsights_sitenote_category":0},"product_brand":[],"product_cat":[86,352],"product_tag":[],"class_list":{"0":"post-240217","1":"product","2":"type-product","3":"status-publish","4":"has-post-thumbnail","6":"product_cat-infantil","7":"product_cat-infantil-3_infantil-juvenil-spa","9":"first","10":"instock","11":"taxable","12":"shipping-taxable","13":"purchasable","14":"product-type-simple"},"acf":{"autor":"FINK, NADIA","codart":"849451271","libros-coleccion":"Otros H\u00e9roes","ediciones":"1","encuadernacion":"R\u00fastica","fecha_de_publicacion":"01\/02\/2016","novedad":"1","paginas":"24","subtitulo":"","orden":"0","portada":"0","idioma":"spa","autores-libros":[{"ID":165572,"post_author":"3","post_date":"2022-10-14 17:56:15","post_date_gmt":"2022-10-14 15:56:15","post_content":"","post_title":"NADIA FINK","post_excerpt":"","post_status":"publish","comment_status":"closed","ping_status":"closed","post_password":"","post_name":"nadia-fink","to_ping":"","pinged":"","post_modified":"2022-10-14 17:56:15","post_modified_gmt":"2022-10-14 15:56:15","post_content_filtered":"","post_parent":0,"guid":"http:\/\/dev.claret.cat\/autor\/nadia-fink\/","menu_order":0,"post_type":"autor","post_mime_type":"","comment_count":"0","filter":"raw"}],"editorial":[{"ID":262282,"post_author":"3","post_date":"2022-10-24 11:22:19","post_date_gmt":"2022-10-24 09:22:19","post_content":"","post_title":"Maime Mujer","post_excerpt":"","post_status":"publish","comment_status":"closed","ping_status":"closed","post_password":"","post_name":"maime-mujer","to_ping":"","pinged":"","post_modified":"2022-10-24 11:22:19","post_modified_gmt":"2022-10-24 09:22:19","post_content_filtered":"","post_parent":0,"guid":"http:\/\/dev.claret.cat\/editorial\/maime-mujer\/","menu_order":0,"post_type":"editorial","post_mime_type":"","comment_count":"0","filter":"raw"}]},"aioseo_notices":[],"_links":{"self":[{"href":"https:\/\/www.claret.cat\/es\/wp-json\/wp\/v2\/product\/240217","targetHints":{"allow":["GET"]}}],"collection":[{"href":"https:\/\/www.claret.cat\/es\/wp-json\/wp\/v2\/product"}],"about":[{"href":"https:\/\/www.claret.cat\/es\/wp-json\/wp\/v2\/types\/product"}],"wp:featuredmedia":[{"embeddable":true,"href":"https:\/\/www.claret.cat\/es\/wp-json\/wp\/v2\/media\/362592"}],"wp:attachment":[{"href":"https:\/\/www.claret.cat\/es\/wp-json\/wp\/v2\/media?parent=240217"}],"wp:term":[{"taxonomy":"product_brand","embeddable":true,"href":"https:\/\/www.claret.cat\/es\/wp-json\/wp\/v2\/product_brand?post=240217"},{"taxonomy":"product_cat","embeddable":true,"href":"https:\/\/www.claret.cat\/es\/wp-json\/wp\/v2\/product_cat?post=240217"},{"taxonomy":"product_tag","embeddable":true,"href":"https:\/\/www.claret.cat\/es\/wp-json\/wp\/v2\/product_tag?post=240217"}],"curies":[{"name":"wp","href":"https:\/\/api.w.org\/{rel}","templated":true}]}}