{"id":240235,"date":"2022-10-21T00:00:55","date_gmt":"2022-10-20T22:00:55","guid":{"rendered":"http:\/\/dev.claret.cat\/producte\/drogas-narcotrafico-y-poder-en-america-latina\/"},"modified":"2023-01-28T19:20:09","modified_gmt":"2023-01-28T18:20:09","slug":"drogas-narcotrafico-y-poder-en-america-latina-9789877190960","status":"publish","type":"product","link":"https:\/\/www.claret.cat\/es\/libro\/drogas-narcotrafico-y-poder-en-america-latina-9789877190960\/","title":{"rendered":"DROGAS, NARCOTR\u00c1FICO Y PODER EN AM\u00c9RICA LATINA"},"content":{"rendered":"<p>La circulaci\u00f3n y el uso de drogas ilegales est\u00e1n entre los problemas sociales m\u00e1s graves que enfrenta Am\u00e9rica Latina. El aumento en el n\u00famero de adictos produce innumerables secuelas en la salud p\u00fablica, en el mundo del trabajo, en las escuelas y en las familias. Miles de latinoamericanos mueren todos los a\u00f1os como v\u00edctimas de una escalada de violencia fuertemente ligada al tr\u00e1fico de drogas.<br \/>Marcelo Bergman aborda los temas m\u00e1s relevantes sobre el narcotr\u00e1fico y sus consecuencias sociales, as\u00ed como la econom\u00eda del mundo de las sustancias ilegales y las distintas opciones pol\u00edticas y administrativas que implementan los pa\u00edses para combatirlas. Con una perspectiva descriptiva y anal\u00edtica, expone las tendencias del consumo y del narcotr\u00e1fico en la actualidad, y explica por qu\u00e9 la opci\u00f3n punitiva es hasta hoy la preponderante. El libro presenta un exhaustivo an\u00e1lisis del caso argentino y alerta sobre el mayor peligro del narcotr\u00e1fico, es decir, la progresiva diversificaci\u00f3n criminal que engendra.<br \/>Drogas, narcotr\u00e1fico y poder en Am\u00e9rica Latina examina c\u00f3mo funciona el negocio de la droga, qui\u00e9n gana y qui\u00e9n pierde, y por qu\u00e9 no ha podido ser eliminado ni sustancialmente contenido en la mayor\u00eda de los pa\u00edses. De este modo, brinda los elementos necesarios para poder arribar a un juicio informado y equilibrado sobre los efectos sociales, pol\u00edticos y econ\u00f3micos del mundo de las drogas.<\/p>\n","protected":false},"excerpt":{"rendered":"<p>BERGMAN, MARCELO<\/p>\n","protected":false},"featured_media":240236,"template":"","meta":{"_acf_changed":false,"om_disable_all_campaigns":false,"rs_blank_template":"","rs_page_bg_color":"","slide_template_v7":"","inline_featured_image":false,"_monsterinsights_skip_tracking":false,"_monsterinsights_sitenote_active":false,"_monsterinsights_sitenote_note":"","_monsterinsights_sitenote_category":0},"product_brand":[],"product_cat":[85],"product_tag":[],"class_list":{"0":"post-240235","1":"product","2":"type-product","3":"status-publish","4":"has-post-thumbnail","6":"product_cat-historia","8":"first","9":"instock","10":"taxable","11":"shipping-taxable","12":"purchasable","13":"product-type-simple"},"acf":{"autor":"BERGMAN, MARCELO","codart":"987719096","libros-coleccion":"POPULAR","ediciones":"1","encuadernacion":"Carpeta","fecha_de_publicacion":"01\/02\/2016","novedad":"1","paginas":"305","subtitulo":"","orden":"0","portada":"0","idioma":"spa"},"aioseo_notices":[],"_links":{"self":[{"href":"https:\/\/www.claret.cat\/es\/wp-json\/wp\/v2\/product\/240235","targetHints":{"allow":["GET"]}}],"collection":[{"href":"https:\/\/www.claret.cat\/es\/wp-json\/wp\/v2\/product"}],"about":[{"href":"https:\/\/www.claret.cat\/es\/wp-json\/wp\/v2\/types\/product"}],"wp:featuredmedia":[{"embeddable":true,"href":"https:\/\/www.claret.cat\/es\/wp-json\/wp\/v2\/media\/240236"}],"wp:attachment":[{"href":"https:\/\/www.claret.cat\/es\/wp-json\/wp\/v2\/media?parent=240235"}],"wp:term":[{"taxonomy":"product_brand","embeddable":true,"href":"https:\/\/www.claret.cat\/es\/wp-json\/wp\/v2\/product_brand?post=240235"},{"taxonomy":"product_cat","embeddable":true,"href":"https:\/\/www.claret.cat\/es\/wp-json\/wp\/v2\/product_cat?post=240235"},{"taxonomy":"product_tag","embeddable":true,"href":"https:\/\/www.claret.cat\/es\/wp-json\/wp\/v2\/product_tag?post=240235"}],"curies":[{"name":"wp","href":"https:\/\/api.w.org\/{rel}","templated":true}]}}