{"id":240262,"date":"2022-10-21T00:01:37","date_gmt":"2022-10-20T22:01:37","guid":{"rendered":"http:\/\/dev.claret.cat\/producte\/101-truites\/"},"modified":"2023-01-28T07:27:25","modified_gmt":"2023-01-28T06:27:25","slug":"101-truites-9788490343456","status":"publish","type":"product","link":"https:\/\/www.claret.cat\/es\/libro\/101-truites-9788490343456\/","title":{"rendered":"101 TRUITES"},"content":{"rendered":"<p>L&#8217;aparador de truites \u00e9s interminable. Truites amb verdures, peixos, formatges, embotits, pasta, arr\u00f2s&#8230; Truites de sempre, de les nostres \u00e0vies, de pag\u00e8s, recuperades del receptari tradicional popular. Truites que s&#8217;han fet famoses als pa\u00efsos m\u00e9s ex\u00f2tics dels cinc continents. Truites dolces per acabar els \u00e0pats amb unes postres delicioses i originals. Idees f\u00e0cils i senzilles per canviar el look de la truita nostra de cada dia, la recepta m\u00e9s sovintejada i entranyable de la cuina familiar.<\/p>\n","protected":false},"excerpt":{"rendered":"<p>MONN\u00c9 CAMPA\u00d1\u00c1, TONI<\/p>\n","protected":false},"featured_media":319846,"template":"","meta":{"_acf_changed":false,"om_disable_all_campaigns":false,"rs_blank_template":"","rs_page_bg_color":"","slide_template_v7":"","inline_featured_image":false,"_monsterinsights_skip_tracking":false,"_monsterinsights_sitenote_active":false,"_monsterinsights_sitenote_note":"","_monsterinsights_sitenote_category":0},"product_brand":[],"product_cat":[553,103],"product_tag":[],"class_list":{"0":"post-240262","1":"product","2":"type-product","3":"status-publish","4":"has-post-thumbnail","6":"product_cat-cocina","7":"product_cat-cuina","9":"first","10":"instock","11":"taxable","12":"shipping-taxable","13":"purchasable","14":"product-type-simple"},"acf":{"autor":"MONN\u00c9 CAMPA\u00d1\u00c1, TONI","codart":"849034345","libros-coleccion":"","ediciones":"1","encuadernacion":"Carton\u00e9","fecha_de_publicacion":"01\/02\/2016","novedad":"0","paginas":"107","subtitulo":"","orden":"999","portada":"0","idioma":"cat","editorial":[{"ID":6171,"post_author":"3","post_date":"2022-07-28 17:46:25","post_date_gmt":"2022-07-28 15:46:25","post_content":"","post_title":"COSSETANIA EDICIONS","post_excerpt":"","post_status":"publish","comment_status":"closed","ping_status":"closed","post_password":"","post_name":"cossetania-edicions","to_ping":"","pinged":"","post_modified":"2022-07-28 17:46:25","post_modified_gmt":"2022-07-28 15:46:25","post_content_filtered":"","post_parent":0,"guid":"http:\/\/dev.claret.cat\/editorial\/cossetania-edicions\/","menu_order":0,"post_type":"editorial","post_mime_type":"","comment_count":"0","filter":"raw"}],"autores-libros":[{"ID":319845,"post_author":"3","post_date":"2023-01-02 23:41:54","post_date_gmt":"2023-01-02 22:41:54","post_content":"","post_title":"TONI MONN\u00c9 CAMPA\u00d1\u00c1","post_excerpt":"","post_status":"publish","comment_status":"closed","ping_status":"closed","post_password":"","post_name":"toni-monne-campana","to_ping":"","pinged":"","post_modified":"2023-01-02 23:41:54","post_modified_gmt":"2023-01-02 22:41:54","post_content_filtered":"","post_parent":0,"guid":"https:\/\/www.claret.cat\/autor\/toni-monne-campana\/","menu_order":0,"post_type":"autor","post_mime_type":"","comment_count":"0","filter":"raw"}]},"aioseo_notices":[],"_links":{"self":[{"href":"https:\/\/www.claret.cat\/es\/wp-json\/wp\/v2\/product\/240262","targetHints":{"allow":["GET"]}}],"collection":[{"href":"https:\/\/www.claret.cat\/es\/wp-json\/wp\/v2\/product"}],"about":[{"href":"https:\/\/www.claret.cat\/es\/wp-json\/wp\/v2\/types\/product"}],"wp:featuredmedia":[{"embeddable":true,"href":"https:\/\/www.claret.cat\/es\/wp-json\/wp\/v2\/media\/319846"}],"wp:attachment":[{"href":"https:\/\/www.claret.cat\/es\/wp-json\/wp\/v2\/media?parent=240262"}],"wp:term":[{"taxonomy":"product_brand","embeddable":true,"href":"https:\/\/www.claret.cat\/es\/wp-json\/wp\/v2\/product_brand?post=240262"},{"taxonomy":"product_cat","embeddable":true,"href":"https:\/\/www.claret.cat\/es\/wp-json\/wp\/v2\/product_cat?post=240262"},{"taxonomy":"product_tag","embeddable":true,"href":"https:\/\/www.claret.cat\/es\/wp-json\/wp\/v2\/product_tag?post=240262"}],"curies":[{"name":"wp","href":"https:\/\/api.w.org\/{rel}","templated":true}]}}