{"id":240328,"date":"2022-10-21T00:03:16","date_gmt":"2022-10-20T22:03:16","guid":{"rendered":"http:\/\/dev.claret.cat\/producte\/doctora-juguetes-abrazame-lanitas\/"},"modified":"2023-01-28T12:54:51","modified_gmt":"2023-01-28T11:54:51","slug":"doctora-juguetes-abrazame-lanitas-9788499517537","status":"publish","type":"product","link":"https:\/\/www.claret.cat\/es\/libro\/doctora-juguetes-abrazame-lanitas-9788499517537\/","title":{"rendered":"DOCTORA JUGUETES. \u00a1ABR\u00c1ZAME, LANITAS!"},"content":{"rendered":"<p>Hoy es el d\u00eda preferido de Lanitas: \u00a1El D\u00eda Internacional de los Abrazos! Lanitas est\u00e1 deseando abrazar a todos los juguetes, pero durante el desayuno, la ovejita de peluche ha quedado cubierta de harina por accidente. \u00a1Si abraza a los dem\u00e1s juguetes, los contagiar\u00e1 de harinatosis! \u00c9ste es un caso para la Doctora Juguetes.<\/p>\n","protected":false},"excerpt":{"rendered":"<p>DISNEY<\/p>\n","protected":false},"featured_media":240329,"template":"","meta":{"_acf_changed":false,"om_disable_all_campaigns":false,"rs_blank_template":"","rs_page_bg_color":"","slide_template_v7":"","inline_featured_image":false,"_monsterinsights_skip_tracking":false,"_monsterinsights_sitenote_active":false,"_monsterinsights_sitenote_note":"","_monsterinsights_sitenote_category":0},"product_brand":[],"product_cat":[86],"product_tag":[],"class_list":{"0":"post-240328","1":"product","2":"type-product","3":"status-publish","4":"has-post-thumbnail","6":"product_cat-infantil","8":"first","9":"instock","10":"taxable","11":"shipping-taxable","12":"purchasable","13":"product-type-simple"},"acf":{"autor":"DISNEY","codart":"849951753","libros-coleccion":"","ediciones":"1","encuadernacion":"Carton\u00e9","fecha_de_publicacion":"01\/02\/2016","novedad":"0","paginas":"40","subtitulo":"PEQUE\u00d1OS TESOROS","orden":"999","portada":"0","idioma":"spa","editorial":[{"ID":6289,"post_author":"3","post_date":"2022-07-28 17:48:59","post_date_gmt":"2022-07-28 15:48:59","post_content":"","post_title":"LIBROS DISNEY","post_excerpt":"","post_status":"publish","comment_status":"closed","ping_status":"closed","post_password":"","post_name":"libros-disney","to_ping":"","pinged":"","post_modified":"2022-07-28 17:48:59","post_modified_gmt":"2022-07-28 15:48:59","post_content_filtered":"","post_parent":0,"guid":"http:\/\/dev.claret.cat\/editorial\/libros-disney\/","menu_order":0,"post_type":"editorial","post_mime_type":"","comment_count":"0","filter":"raw"}],"autores-libros":[{"ID":5400,"post_author":"3","post_date":"2022-07-28 17:23:10","post_date_gmt":"2022-07-28 15:23:10","post_content":"","post_title":"DISNEY","post_excerpt":"","post_status":"publish","comment_status":"closed","ping_status":"closed","post_password":"","post_name":"disney","to_ping":"","pinged":"","post_modified":"2022-07-28 17:23:10","post_modified_gmt":"2022-07-28 15:23:10","post_content_filtered":"","post_parent":0,"guid":"http:\/\/dev.claret.cat\/autor\/disney\/","menu_order":0,"post_type":"autor","post_mime_type":"","comment_count":"0","filter":"raw"}]},"aioseo_notices":[],"_links":{"self":[{"href":"https:\/\/www.claret.cat\/es\/wp-json\/wp\/v2\/product\/240328","targetHints":{"allow":["GET"]}}],"collection":[{"href":"https:\/\/www.claret.cat\/es\/wp-json\/wp\/v2\/product"}],"about":[{"href":"https:\/\/www.claret.cat\/es\/wp-json\/wp\/v2\/types\/product"}],"wp:featuredmedia":[{"embeddable":true,"href":"https:\/\/www.claret.cat\/es\/wp-json\/wp\/v2\/media\/240329"}],"wp:attachment":[{"href":"https:\/\/www.claret.cat\/es\/wp-json\/wp\/v2\/media?parent=240328"}],"wp:term":[{"taxonomy":"product_brand","embeddable":true,"href":"https:\/\/www.claret.cat\/es\/wp-json\/wp\/v2\/product_brand?post=240328"},{"taxonomy":"product_cat","embeddable":true,"href":"https:\/\/www.claret.cat\/es\/wp-json\/wp\/v2\/product_cat?post=240328"},{"taxonomy":"product_tag","embeddable":true,"href":"https:\/\/www.claret.cat\/es\/wp-json\/wp\/v2\/product_tag?post=240328"}],"curies":[{"name":"wp","href":"https:\/\/api.w.org\/{rel}","templated":true}]}}