{"id":240370,"date":"2022-10-21T00:04:16","date_gmt":"2022-10-20T22:04:16","guid":{"rendered":"http:\/\/dev.claret.cat\/producte\/assassinat-en-directe\/"},"modified":"2024-01-31T19:15:10","modified_gmt":"2024-01-31T18:15:10","slug":"assassinat-en-directe-9788416334858","status":"publish","type":"product","link":"https:\/\/www.claret.cat\/es\/libro\/assassinat-en-directe-9788416334858\/","title":{"rendered":"ASSASSINAT EN DIRECTE"},"content":{"rendered":"<p>Quan el marit de la Laurie fou brutalment assassinat, el seu fill petit, en Timmy, va veure la cara de l?assass\u00ed del seu pare. Cinc anys m\u00e9s tard, aquells ulls blaus terror\u00edfics encara se li apareixen en els malsons nocturns.<br \/> A la Laurie, m\u00e9s que els malsons, el que realment l?amo\u00efna s\u00f3n les paraules amena\u00e7adores que l?assass\u00ed li va dir al seu fill: ?Digues-li a la mare que ella \u00e9s la pr\u00f2xima. Despr\u00e9s, et tocar\u00e0 a tu??.<br \/> Ara la Laurie ha de tornar a relacionar-se amb el crim, aquesta vegada, per\u00f2, com a productora d?un show televisiu que es basa en crims reals.<\/p>\n","protected":false},"excerpt":{"rendered":"<p>HIGGINS CLARK, MARY<\/p>\n","protected":false},"featured_media":240371,"template":"","meta":{"_acf_changed":false,"om_disable_all_campaigns":false,"rs_blank_template":"","rs_page_bg_color":"","slide_template_v7":"","inline_featured_image":false,"_monsterinsights_skip_tracking":false,"_monsterinsights_sitenote_active":false,"_monsterinsights_sitenote_note":"","_monsterinsights_sitenote_category":0},"product_brand":[],"product_cat":[87,353],"product_tag":[],"class_list":{"0":"post-240370","1":"product","2":"type-product","3":"status-publish","4":"has-post-thumbnail","6":"product_cat-literatura","7":"product_cat-literatura-2_humanidades","9":"first","10":"instock","11":"taxable","12":"shipping-taxable","13":"purchasable","14":"product-type-simple"},"acf":{"autor":"HIGGINS CLARK, MARY","codart":"841633485","libros-coleccion":"","ediciones":"1","encuadernacion":"R\u00fastica","fecha_de_publicacion":"01\/02\/2016","novedad":"0","paginas":"378","subtitulo":"","orden":"999","portada":"0","idioma":"cat","editorial":[{"ID":6281,"post_author":"3","post_date":"2022-07-28 17:48:50","post_date_gmt":"2022-07-28 15:48:50","post_content":"","post_title":"LABUTXACA","post_excerpt":"","post_status":"publish","comment_status":"closed","ping_status":"closed","post_password":"","post_name":"labutxaca","to_ping":"","pinged":"","post_modified":"2022-07-28 17:48:50","post_modified_gmt":"2022-07-28 15:48:50","post_content_filtered":"","post_parent":0,"guid":"http:\/\/dev.claret.cat\/editorial\/labutxaca\/","menu_order":0,"post_type":"editorial","post_mime_type":"","comment_count":"0","filter":"raw"}],"autores-libros":[{"ID":164361,"post_author":"3","post_date":"2022-10-14 17:46:27","post_date_gmt":"2022-10-14 15:46:27","post_content":"","post_title":"MARY HIGGINS CLARK","post_excerpt":"","post_status":"publish","comment_status":"closed","ping_status":"closed","post_password":"","post_name":"mary-higgins-clark","to_ping":"","pinged":"","post_modified":"2022-10-14 17:46:27","post_modified_gmt":"2022-10-14 15:46:27","post_content_filtered":"","post_parent":0,"guid":"http:\/\/dev.claret.cat\/autor\/mary-higgins-clark\/","menu_order":0,"post_type":"autor","post_mime_type":"","comment_count":"0","filter":"raw"}]},"aioseo_notices":[],"_links":{"self":[{"href":"https:\/\/www.claret.cat\/es\/wp-json\/wp\/v2\/product\/240370","targetHints":{"allow":["GET"]}}],"collection":[{"href":"https:\/\/www.claret.cat\/es\/wp-json\/wp\/v2\/product"}],"about":[{"href":"https:\/\/www.claret.cat\/es\/wp-json\/wp\/v2\/types\/product"}],"wp:featuredmedia":[{"embeddable":true,"href":"https:\/\/www.claret.cat\/es\/wp-json\/wp\/v2\/media\/240371"}],"wp:attachment":[{"href":"https:\/\/www.claret.cat\/es\/wp-json\/wp\/v2\/media?parent=240370"}],"wp:term":[{"taxonomy":"product_brand","embeddable":true,"href":"https:\/\/www.claret.cat\/es\/wp-json\/wp\/v2\/product_brand?post=240370"},{"taxonomy":"product_cat","embeddable":true,"href":"https:\/\/www.claret.cat\/es\/wp-json\/wp\/v2\/product_cat?post=240370"},{"taxonomy":"product_tag","embeddable":true,"href":"https:\/\/www.claret.cat\/es\/wp-json\/wp\/v2\/product_tag?post=240370"}],"curies":[{"name":"wp","href":"https:\/\/api.w.org\/{rel}","templated":true}]}}