{"id":240443,"date":"2022-10-21T00:06:05","date_gmt":"2022-10-20T22:06:05","guid":{"rendered":"http:\/\/dev.claret.cat\/producte\/nueva-zelanda-2\/"},"modified":"2023-01-28T14:18:50","modified_gmt":"2023-01-28T13:18:50","slug":"nueva-zelanda-9788416408627","status":"publish","type":"product","link":"https:\/\/www.claret.cat\/es\/libro\/nueva-zelanda-9788416408627\/","title":{"rendered":"NUEVA ZELANDA"},"content":{"rendered":"<p>Con esta gu\u00eda de viajes sobre Nueva Zelanda el viajero tendr\u00e1 toda la informaci\u00f3n a su alcance. Contiene un cap\u00edtulo introductorio con consejos varios antes del viaje: Agencias de viaje, cu\u00e1ndo ir, embajadas, seguridad, equipaje, medicina preventiva o presupuesto. Informaci\u00f3n general del pa\u00eds: perfil geogr\u00e1fico, clima, playas, vegetaci\u00f3n, fauna y flora, historia, poblaci\u00f3n, cultura, econom\u00eda, tradiciones, gastronom\u00eda o idioma.<br \/>Con informaci\u00f3n pr\u00e1ctica sobre alojamientos, sanidad, horarios comerciales o transporte. Con cap\u00edtulos especiales sobre lo imprescindible a visitar y lugares de inter\u00e9s, as\u00ed como extensas secciones dedicadas a las ciudades y lugares tur\u00edsticos m\u00e1s importantes del pa\u00eds. Se completa con cartograf\u00eda.<\/p>\n","protected":false},"excerpt":{"rendered":"<p>MART\u00cdNEZ, MOS\u00c9S \/ MART\u00cdNEZ, OMAR \/ GARC\u00cdA, JES\u00daS<\/p>\n","protected":false},"featured_media":240444,"template":"","meta":{"_acf_changed":false,"om_disable_all_campaigns":false,"rs_blank_template":"","rs_page_bg_color":"","slide_template_v7":"","inline_featured_image":false,"_monsterinsights_skip_tracking":false,"_monsterinsights_sitenote_active":false,"_monsterinsights_sitenote_note":"","_monsterinsights_sitenote_category":0},"product_brand":[],"product_cat":[107],"product_tag":[],"class_list":{"0":"post-240443","1":"product","2":"type-product","3":"status-publish","4":"has-post-thumbnail","6":"product_cat-guies-de-viatge","8":"first","9":"instock","10":"taxable","11":"shipping-taxable","12":"purchasable","13":"product-type-simple"},"acf":{"autor":"MART\u00cdNEZ, MOS\u00c9S \/ MART\u00cdNEZ, OMAR \/ GARC\u00cdA, JES\u00daS","codart":"841640862","libros-coleccion":"FORA DE COL.LECCI\u00d3","ediciones":"1","encuadernacion":"R\u00fastica","fecha_de_publicacion":"01\/02\/2016","novedad":"1","paginas":"409","subtitulo":"GU\u00cdA AZUL NUEVA ZELANDA","orden":"0","portada":"0","idioma":"spa","editorial":[{"ID":148235,"post_author":"3","post_date":"2022-10-14 11:56:40","post_date_gmt":"2022-10-14 09:56:40","post_content":"","post_title":"GU\u00cdAS AZULES DE ESPA\u00d1A","post_excerpt":"","post_status":"publish","comment_status":"closed","ping_status":"closed","post_password":"","post_name":"guias-azules-de-espana","to_ping":"","pinged":"","post_modified":"2022-10-14 11:56:40","post_modified_gmt":"2022-10-14 09:56:40","post_content_filtered":"","post_parent":0,"guid":"http:\/\/dev.claret.cat\/editorial\/guias-azules-de-espana\/","menu_order":0,"post_type":"editorial","post_mime_type":"","comment_count":"0","filter":"raw"}],"autores-libros":[{"ID":165472,"post_author":"3","post_date":"2022-10-14 17:55:27","post_date_gmt":"2022-10-14 15:55:27","post_content":"","post_title":"MOS\u00c9S MART\u00cdNEZ","post_excerpt":"","post_status":"publish","comment_status":"closed","ping_status":"closed","post_password":"","post_name":"moses-martinez","to_ping":"","pinged":"","post_modified":"2022-10-14 17:55:27","post_modified_gmt":"2022-10-14 15:55:27","post_content_filtered":"","post_parent":0,"guid":"http:\/\/dev.claret.cat\/autor\/moses-martinez\/","menu_order":0,"post_type":"autor","post_mime_type":"","comment_count":"0","filter":"raw"},{"ID":166209,"post_author":"3","post_date":"2022-10-14 18:01:19","post_date_gmt":"2022-10-14 16:01:19","post_content":"","post_title":"OMAR MART\u00cdNEZ","post_excerpt":"","post_status":"publish","comment_status":"closed","ping_status":"closed","post_password":"","post_name":"omar-martinez","to_ping":"","pinged":"","post_modified":"2022-10-14 18:01:19","post_modified_gmt":"2022-10-14 16:01:19","post_content_filtered":"","post_parent":0,"guid":"http:\/\/dev.claret.cat\/autor\/omar-martinez\/","menu_order":0,"post_type":"autor","post_mime_type":"","comment_count":"0","filter":"raw"},{"ID":159107,"post_author":"3","post_date":"2022-10-14 15:42:08","post_date_gmt":"2022-10-14 13:42:08","post_content":"","post_title":"JES\u00daS GARC\u00cdA","post_excerpt":"","post_status":"publish","comment_status":"closed","ping_status":"closed","post_password":"","post_name":"jesus-garcia","to_ping":"","pinged":"","post_modified":"2022-10-14 15:42:08","post_modified_gmt":"2022-10-14 13:42:08","post_content_filtered":"","post_parent":0,"guid":"http:\/\/dev.claret.cat\/autor\/jesus-garcia\/","menu_order":0,"post_type":"autor","post_mime_type":"","comment_count":"0","filter":"raw"}]},"aioseo_notices":[],"_links":{"self":[{"href":"https:\/\/www.claret.cat\/es\/wp-json\/wp\/v2\/product\/240443","targetHints":{"allow":["GET"]}}],"collection":[{"href":"https:\/\/www.claret.cat\/es\/wp-json\/wp\/v2\/product"}],"about":[{"href":"https:\/\/www.claret.cat\/es\/wp-json\/wp\/v2\/types\/product"}],"wp:featuredmedia":[{"embeddable":true,"href":"https:\/\/www.claret.cat\/es\/wp-json\/wp\/v2\/media\/240444"}],"wp:attachment":[{"href":"https:\/\/www.claret.cat\/es\/wp-json\/wp\/v2\/media?parent=240443"}],"wp:term":[{"taxonomy":"product_brand","embeddable":true,"href":"https:\/\/www.claret.cat\/es\/wp-json\/wp\/v2\/product_brand?post=240443"},{"taxonomy":"product_cat","embeddable":true,"href":"https:\/\/www.claret.cat\/es\/wp-json\/wp\/v2\/product_cat?post=240443"},{"taxonomy":"product_tag","embeddable":true,"href":"https:\/\/www.claret.cat\/es\/wp-json\/wp\/v2\/product_tag?post=240443"}],"curies":[{"name":"wp","href":"https:\/\/api.w.org\/{rel}","templated":true}]}}