{"id":240449,"date":"2022-10-21T00:06:13","date_gmt":"2022-10-20T22:06:13","guid":{"rendered":"http:\/\/dev.claret.cat\/producte\/valle-del-loira\/"},"modified":"2023-01-28T02:57:50","modified_gmt":"2023-01-28T01:57:50","slug":"valle-del-loira-9788416408535","status":"publish","type":"product","link":"https:\/\/www.claret.cat\/es\/libro\/valle-del-loira-9788416408535\/","title":{"rendered":"VALLE DEL LOIRA"},"content":{"rendered":"","protected":false},"excerpt":{"rendered":"<p>INGELMO, \u00c1NGEL<\/p>\n","protected":false},"featured_media":240450,"template":"","meta":{"_acf_changed":false,"om_disable_all_campaigns":false,"rs_blank_template":"","rs_page_bg_color":"","slide_template_v7":"","inline_featured_image":false,"_monsterinsights_skip_tracking":false,"_monsterinsights_sitenote_active":false,"_monsterinsights_sitenote_note":"","_monsterinsights_sitenote_category":0},"product_brand":[],"product_cat":[107],"product_tag":[],"class_list":{"0":"post-240449","1":"product","2":"type-product","3":"status-publish","4":"has-post-thumbnail","6":"product_cat-guies-de-viatge","8":"first","9":"instock","10":"taxable","11":"shipping-taxable","12":"purchasable","13":"product-type-simple"},"acf":{"autor":"INGELMO, \u00c1NGEL","codart":"841640853","libros-coleccion":"FORA DE COL.LECCI\u00d3","ediciones":"1","encuadernacion":"R\u00fastica","fecha_de_publicacion":"01\/02\/2016","novedad":"1","paginas":"286","subtitulo":"GUIA AZUL VALLE DEL LOIRA Y BRETA\u00d1A","orden":"0","portada":"0","idioma":"spa","editorial":[{"ID":148235,"post_author":"3","post_date":"2022-10-14 11:56:40","post_date_gmt":"2022-10-14 09:56:40","post_content":"","post_title":"GU\u00cdAS AZULES DE ESPA\u00d1A","post_excerpt":"","post_status":"publish","comment_status":"closed","ping_status":"closed","post_password":"","post_name":"guias-azules-de-espana","to_ping":"","pinged":"","post_modified":"2022-10-14 11:56:40","post_modified_gmt":"2022-10-14 09:56:40","post_content_filtered":"","post_parent":0,"guid":"http:\/\/dev.claret.cat\/editorial\/guias-azules-de-espana\/","menu_order":0,"post_type":"editorial","post_mime_type":"","comment_count":"0","filter":"raw"}],"autores-libros":[{"ID":150392,"post_author":"3","post_date":"2022-10-14 14:32:35","post_date_gmt":"2022-10-14 12:32:35","post_content":"","post_title":"\u00c1NGEL INGELMO","post_excerpt":"","post_status":"publish","comment_status":"closed","ping_status":"closed","post_password":"","post_name":"angel-ingelmo","to_ping":"","pinged":"","post_modified":"2022-10-14 14:32:35","post_modified_gmt":"2022-10-14 12:32:35","post_content_filtered":"","post_parent":0,"guid":"http:\/\/dev.claret.cat\/autor\/angel-ingelmo\/","menu_order":0,"post_type":"autor","post_mime_type":"","comment_count":"0","filter":"raw"}]},"aioseo_notices":[],"_links":{"self":[{"href":"https:\/\/www.claret.cat\/es\/wp-json\/wp\/v2\/product\/240449","targetHints":{"allow":["GET"]}}],"collection":[{"href":"https:\/\/www.claret.cat\/es\/wp-json\/wp\/v2\/product"}],"about":[{"href":"https:\/\/www.claret.cat\/es\/wp-json\/wp\/v2\/types\/product"}],"wp:featuredmedia":[{"embeddable":true,"href":"https:\/\/www.claret.cat\/es\/wp-json\/wp\/v2\/media\/240450"}],"wp:attachment":[{"href":"https:\/\/www.claret.cat\/es\/wp-json\/wp\/v2\/media?parent=240449"}],"wp:term":[{"taxonomy":"product_brand","embeddable":true,"href":"https:\/\/www.claret.cat\/es\/wp-json\/wp\/v2\/product_brand?post=240449"},{"taxonomy":"product_cat","embeddable":true,"href":"https:\/\/www.claret.cat\/es\/wp-json\/wp\/v2\/product_cat?post=240449"},{"taxonomy":"product_tag","embeddable":true,"href":"https:\/\/www.claret.cat\/es\/wp-json\/wp\/v2\/product_tag?post=240449"}],"curies":[{"name":"wp","href":"https:\/\/api.w.org\/{rel}","templated":true}]}}