{"id":240473,"date":"2022-10-21T00:06:49","date_gmt":"2022-10-20T22:06:49","guid":{"rendered":"http:\/\/dev.claret.cat\/producte\/baby-enciclopedia-mascotes\/"},"modified":"2023-01-28T21:10:29","modified_gmt":"2023-01-28T20:10:29","slug":"baby-enciclopedia-mascotes-9788416368235","status":"publish","type":"product","link":"https:\/\/www.claret.cat\/es\/libro\/baby-enciclopedia-mascotes-9788416368235\/","title":{"rendered":"BABY ENCICLOP\u00c8DIA. MASCOTES"},"content":{"rendered":"<p>Gossos, gats, ratolinets, peixos, ocells&#8230; poden ser els millors amics dels m\u00e9s petits de la casa, per\u00f2 cuidar-los tamb\u00e9 requereix d &apos; uns deures i una atenci\u00f3 que tots hem de con\u00e8ixer. La millor manera de descobrir-lo \u00e9s amb un somriure.<\/p>\n<p> El t\u00edtols que componen la col\u00b7lecci\u00f3  &quot; Baby Enciclop\u00e8dia &quot;  faran les del\u00edcies dels nens i nenes m\u00e9s curiosos. Amb jocs, puzles i enganxines que s &apos; amaguen a l &apos; interior de cada llibre, \u00a1diversi\u00f3 i aprenentatge est\u00e0n assegurats!<\/p>\n","protected":false},"excerpt":{"rendered":"<p>LAROUSSE EDITORIAL<\/p>\n","protected":false},"featured_media":240474,"template":"","meta":{"_acf_changed":false,"om_disable_all_campaigns":false,"rs_blank_template":"","rs_page_bg_color":"","slide_template_v7":"","inline_featured_image":false,"_monsterinsights_skip_tracking":false,"_monsterinsights_sitenote_active":false,"_monsterinsights_sitenote_note":"","_monsterinsights_sitenote_category":0},"product_brand":[],"product_cat":[86],"product_tag":[],"class_list":{"0":"post-240473","1":"product","2":"type-product","3":"status-publish","4":"has-post-thumbnail","6":"product_cat-infantil","8":"first","9":"instock","10":"taxable","11":"shipping-taxable","12":"purchasable","13":"product-type-simple"},"acf":{"autor":"LAROUSSE EDITORIAL","codart":"841636823","libros-coleccion":"","ediciones":"1","encuadernacion":"Carton\u00e9","fecha_de_publicacion":"01\/02\/2016","novedad":"0","paginas":"27","subtitulo":"","orden":"999","portada":"0","idioma":"cat","editorial":[{"ID":148399,"post_author":"3","post_date":"2022-10-14 11:57:56","post_date_gmt":"2022-10-14 09:57:56","post_content":"","post_title":"LAROUSSE, EDICIONES","post_excerpt":"","post_status":"publish","comment_status":"closed","ping_status":"closed","post_password":"","post_name":"larousse-ediciones","to_ping":"","pinged":"","post_modified":"2022-10-14 11:57:56","post_modified_gmt":"2022-10-14 09:57:56","post_content_filtered":"","post_parent":0,"guid":"http:\/\/dev.claret.cat\/editorial\/larousse-ediciones\/","menu_order":0,"post_type":"editorial","post_mime_type":"","comment_count":"0","filter":"raw"}],"autores-libros":[{"ID":5711,"post_author":"3","post_date":"2022-07-28 17:29:50","post_date_gmt":"2022-07-28 15:29:50","post_content":"","post_title":"LAROUSSE EDITORIAL","post_excerpt":"","post_status":"publish","comment_status":"closed","ping_status":"closed","post_password":"","post_name":"larousse-editorial","to_ping":"","pinged":"","post_modified":"2022-07-28 17:29:50","post_modified_gmt":"2022-07-28 15:29:50","post_content_filtered":"","post_parent":0,"guid":"http:\/\/dev.claret.cat\/autor\/larousse-editorial\/","menu_order":0,"post_type":"autor","post_mime_type":"","comment_count":"0","filter":"raw"}]},"aioseo_notices":[],"_links":{"self":[{"href":"https:\/\/www.claret.cat\/es\/wp-json\/wp\/v2\/product\/240473","targetHints":{"allow":["GET"]}}],"collection":[{"href":"https:\/\/www.claret.cat\/es\/wp-json\/wp\/v2\/product"}],"about":[{"href":"https:\/\/www.claret.cat\/es\/wp-json\/wp\/v2\/types\/product"}],"wp:featuredmedia":[{"embeddable":true,"href":"https:\/\/www.claret.cat\/es\/wp-json\/wp\/v2\/media\/240474"}],"wp:attachment":[{"href":"https:\/\/www.claret.cat\/es\/wp-json\/wp\/v2\/media?parent=240473"}],"wp:term":[{"taxonomy":"product_brand","embeddable":true,"href":"https:\/\/www.claret.cat\/es\/wp-json\/wp\/v2\/product_brand?post=240473"},{"taxonomy":"product_cat","embeddable":true,"href":"https:\/\/www.claret.cat\/es\/wp-json\/wp\/v2\/product_cat?post=240473"},{"taxonomy":"product_tag","embeddable":true,"href":"https:\/\/www.claret.cat\/es\/wp-json\/wp\/v2\/product_tag?post=240473"}],"curies":[{"name":"wp","href":"https:\/\/api.w.org\/{rel}","templated":true}]}}