{"id":240533,"date":"2022-10-21T00:08:17","date_gmt":"2022-10-20T22:08:17","guid":{"rendered":"http:\/\/dev.claret.cat\/producte\/breve-historia-de-los-dirigibles\/"},"modified":"2025-06-03T13:14:53","modified_gmt":"2025-06-03T11:14:53","slug":"breve-historia-de-los-dirigibles-9788499677750","status":"publish","type":"product","link":"https:\/\/www.claret.cat\/es\/libro\/breve-historia-de-los-dirigibles-9788499677750\/","title":{"rendered":"BREVE HISTORIA DE LOS DIRIGIBLES"},"content":{"rendered":"<p>Ferdinand von Zeppelin, Santos Dumont, Torres Quevedo,&#8230; Desde las aplicaciones b\u00e9licas como \u00abarma definitiva\u00bb y las primeras l\u00edneas a\u00e9reas de pasajeros hasta los grandes zepelines del III Reich y su renacimiento tras el famoso desastre del Hindenburg. Conozca la evoluci\u00f3n hist\u00f3rica de estos colosos del aire, su complejidad t\u00e9cnica y sus excitantes aventuras. <\/p>\n<p> Ac\u00e9rquese a la historia de los dirigibles, aquellos colosos del aire que surcaron los cielos el siglo pasado y descubra por qu\u00e9 est\u00e1n tan asociados al invento del noble alem\u00e1n Ferdinand von Zeppelin. Descubra la evoluci\u00f3n hist\u00f3rica del dirigible y de los extraordinarios personajes que estuvieron vinculados a este medio a\u00e9reo, desde su inicial empleo b\u00e9lico hasta su actual papel como aeronave que puede asumir facetas complementarias de la aviaci\u00f3n.<\/p>\n<p> Conozca c\u00f3mo eran las misiones de combate de los dirigibles en la Primera Guerra Mundial, las grandes tragedias de los dirigibles de posguerra, los lujos y comodidades que disfrutaron los exclusivos pasajeros de estos transatl\u00e1nticos del aire y la enorme complejidad t\u00e9cnica que implic\u00f3 su desarrollo. <\/p>\n<p> Carlos L\u00e1zaro ofrece al lector una visi\u00f3n general sobre el dirigible, cuya aparici\u00f3n est\u00e1 estrechamente relacionada con la evoluci\u00f3n de la t\u00e9cnica y la mentalidad de Europa y Am\u00e9rica en la primera mitad del siglo XX.<\/p>\n<p> Descubra por qu\u00e9 hoy en d\u00eda los dirigibles, despu\u00e9s del famoso desastre del Hindenburg, siguen siendo aeronaves susceptibles de ser empleadas en diversas facetas \u00fatiles para la humanidad, como alternativa a\u00e9rea en campos como la ecolog\u00eda, la seguridad y el transporte a\u00e9reo.<\/p>\n","protected":false},"excerpt":{"rendered":"<p>L\u00c1ZARO \u00c1VILA, CARLOS<\/p>\n","protected":false},"featured_media":240534,"template":"","meta":{"_acf_changed":false,"om_disable_all_campaigns":false,"rs_blank_template":"","rs_page_bg_color":"","slide_template_v7":"","inline_featured_image":false,"_monsterinsights_skip_tracking":false,"_monsterinsights_sitenote_active":false,"_monsterinsights_sitenote_note":"","_monsterinsights_sitenote_category":0},"product_brand":[],"product_cat":[85,351],"product_tag":[],"class_list":{"0":"post-240533","1":"product","2":"type-product","3":"status-publish","4":"has-post-thumbnail","6":"product_cat-historia","7":"product_cat-historia-2_humanidades","9":"first","10":"instock","11":"taxable","12":"shipping-taxable","13":"purchasable","14":"product-type-simple"},"acf":{"autor":"L\u00c1ZARO \u00c1VILA, CARLOS","codart":"849967775","libros-coleccion":"","ediciones":"1","encuadernacion":"R\u00fastica","fecha_de_publicacion":"01\/02\/2016","novedad":"0","paginas":"315","subtitulo":"","orden":"999","portada":"0","idioma":"spa","editorial":[{"ID":8262,"post_author":"3","post_date":"2022-09-30 09:21:34","post_date_gmt":"2022-09-30 07:21:34","post_content":"","post_title":"NOWTILUS, EDICIONES","post_excerpt":"","post_status":"publish","comment_status":"closed","ping_status":"closed","post_password":"","post_name":"nowtilus-ediciones","to_ping":"","pinged":"","post_modified":"2022-09-30 09:21:34","post_modified_gmt":"2022-09-30 07:21:34","post_content_filtered":"","post_parent":0,"guid":"http:\/\/dev.claret.cat\/editorial\/nowtilus-ediciones\/","menu_order":0,"post_type":"editorial","post_mime_type":"","comment_count":"0","filter":"raw"}],"booktrailer":"","resenas":"","autores-libros":[{"ID":421051,"post_author":"3","post_date":"2023-05-16 06:50:08","post_date_gmt":"2023-05-16 04:50:08","post_content":"","post_title":"CARLOS LAZARO AVILA","post_excerpt":"","post_status":"publish","comment_status":"closed","ping_status":"closed","post_password":"","post_name":"carlos-lazaro-avila","to_ping":"","pinged":"","post_modified":"2023-05-16 06:50:08","post_modified_gmt":"2023-05-16 04:50:08","post_content_filtered":"","post_parent":0,"guid":"https:\/\/www.claret.cat\/autor\/carlos-lazaro-avila\/","menu_order":0,"post_type":"autor","post_mime_type":"","comment_count":"0","filter":"raw"}]},"aioseo_notices":[],"_links":{"self":[{"href":"https:\/\/www.claret.cat\/es\/wp-json\/wp\/v2\/product\/240533","targetHints":{"allow":["GET"]}}],"collection":[{"href":"https:\/\/www.claret.cat\/es\/wp-json\/wp\/v2\/product"}],"about":[{"href":"https:\/\/www.claret.cat\/es\/wp-json\/wp\/v2\/types\/product"}],"wp:featuredmedia":[{"embeddable":true,"href":"https:\/\/www.claret.cat\/es\/wp-json\/wp\/v2\/media\/240534"}],"wp:attachment":[{"href":"https:\/\/www.claret.cat\/es\/wp-json\/wp\/v2\/media?parent=240533"}],"wp:term":[{"taxonomy":"product_brand","embeddable":true,"href":"https:\/\/www.claret.cat\/es\/wp-json\/wp\/v2\/product_brand?post=240533"},{"taxonomy":"product_cat","embeddable":true,"href":"https:\/\/www.claret.cat\/es\/wp-json\/wp\/v2\/product_cat?post=240533"},{"taxonomy":"product_tag","embeddable":true,"href":"https:\/\/www.claret.cat\/es\/wp-json\/wp\/v2\/product_tag?post=240533"}],"curies":[{"name":"wp","href":"https:\/\/api.w.org\/{rel}","templated":true}]}}